{"id":3428987,"date":"2025-10-09T22:55:33","date_gmt":"2025-10-10T02:55:33","guid":{"rendered":"https:\/\/stoic-curie.212-227-153-4.plesk.page\/product\/baumwollspulen-bobbin-motorhalterung-10-mm-gewindestange\/"},"modified":"2026-02-24T23:35:07","modified_gmt":"2026-02-24T23:35:07","slug":"baumwollspulen-bobbin-motorhalterung-10-mm-gewindestange","status":"publish","type":"product","link":"https:\/\/stoic-curie.212-227-153-4.plesk.page\/de\/product\/baumwollspulen-bobbin-motorhalterung-10-mm-gewindestange\/","title":{"rendered":"Baumwollspulen-Bobbin-Motorhalterung (10 mm Gewindestange)"},"content":{"rendered":"<p>Baumwollspulen-Bobbin-Motorhalterung (10 mm Gewindestange) &#8211; Flexibles Motorlager im Baumwollspulenstil mit 25mm M10-Gewinde an jedem Ende. Gummibereich mit einem Durchmesser von 60mm und einer L\u00e4nge von 35mm. Shore-H\u00e4rte von 45. Diese Motorlager im Baumwollspulenstil waren bei Bootsbauern, die BMC1.5 und BMC1.8 Dieselmotoren installierten, sehr beliebt. Die BMC-Teilenummer war 10K5009. Wir empfehlen, diese flexiblen Lager paarweise zu montieren, um eine gleichm\u00e4\u00dfige Unterst\u00fctzung zu gew\u00e4hrleisten.<\/p>\n","protected":false},"excerpt":{"rendered":"<p>Baumwollspulen-Bobbin-Motorhalterung (10 mm Gewindestange) &#8211; Flexibles Motorlager im Baumwollspulenstil mit 25mm M10-Gewinde an jedem Ende. Gummibereich mit einem Durchmesser von<\/p>\n","protected":false},"featured_media":5944863,"comment_status":"closed","ping_status":"closed","template":"","meta":[],"product_brand":[3225],"product_cat":[1537],"product_tag":[],"class_list":{"0":"post-3428987","1":"product","2":"type-product","3":"status-publish","4":"has-post-thumbnail","6":"product_brand-orbitrade-marine-de","7":"product_cat-motorhalterungen","9":"first","10":"instock","11":"shipping-taxable","12":"purchasable","13":"product-type-simple"},"_links":{"self":[{"href":"https:\/\/stoic-curie.212-227-153-4.plesk.page\/de\/wp-json\/wp\/v2\/product\/3428987","targetHints":{"allow":["GET"]}}],"collection":[{"href":"https:\/\/stoic-curie.212-227-153-4.plesk.page\/de\/wp-json\/wp\/v2\/product"}],"about":[{"href":"https:\/\/stoic-curie.212-227-153-4.plesk.page\/de\/wp-json\/wp\/v2\/types\/product"}],"replies":[{"embeddable":true,"href":"https:\/\/stoic-curie.212-227-153-4.plesk.page\/de\/wp-json\/wp\/v2\/comments?post=3428987"}],"version-history":[{"count":0,"href":"https:\/\/stoic-curie.212-227-153-4.plesk.page\/de\/wp-json\/wp\/v2\/product\/3428987\/revisions"}],"wp:featuredmedia":[{"embeddable":true,"href":"https:\/\/stoic-curie.212-227-153-4.plesk.page\/de\/wp-json\/wp\/v2\/media\/5944863"}],"wp:attachment":[{"href":"https:\/\/stoic-curie.212-227-153-4.plesk.page\/de\/wp-json\/wp\/v2\/media?parent=3428987"}],"wp:term":[{"taxonomy":"product_brand","embeddable":true,"href":"https:\/\/stoic-curie.212-227-153-4.plesk.page\/de\/wp-json\/wp\/v2\/product_brand?post=3428987"},{"taxonomy":"product_cat","embeddable":true,"href":"https:\/\/stoic-curie.212-227-153-4.plesk.page\/de\/wp-json\/wp\/v2\/product_cat?post=3428987"},{"taxonomy":"product_tag","embeddable":true,"href":"https:\/\/stoic-curie.212-227-153-4.plesk.page\/de\/wp-json\/wp\/v2\/product_tag?post=3428987"}],"curies":[{"name":"wp","href":"https:\/\/api.w.org\/{rel}","templated":true}]}}