{"id":3428991,"date":"2025-10-09T22:55:34","date_gmt":"2025-10-10T02:55:34","guid":{"rendered":"https:\/\/stoic-curie.212-227-153-4.plesk.page\/product\/bosch-spin-on-oelfilterelement-fuer-bmc-1-5-thornycroft-98-motoren\/"},"modified":"2026-02-24T23:35:07","modified_gmt":"2026-02-24T23:35:07","slug":"bosch-spin-on-oelfilterelement-fuer-bmc-1-5-thornycroft-98-motoren","status":"publish","type":"product","link":"https:\/\/stoic-curie.212-227-153-4.plesk.page\/de\/product\/bosch-spin-on-oelfilterelement-fuer-bmc-1-5-thornycroft-98-motoren\/","title":{"rendered":"Bosch Spin-On \u00d6lfilterelement f\u00fcr BMC 1.5 &#038; Thornycroft 98 Motoren"},"content":{"rendered":"<p>Bosch Spin-On \u00d6lfilterelement f\u00fcr BMC 1.5 &#038; Thornycroft 98 Motoren &#8211; <\/p>\n<div class=\"col-24 col-md-15\">\n<p>Dieses Bosch 0 451 103 033 Schraubfilterelement passt zu der Schraubfilterkonversion 131065, die auf BMC 1.5 (Leyland 1500), 2.2, 2.52 (Leyland 2520), Thornycroft 90, 98 und 154 Marine-Motoren sowie Perkins-Motoren montiert ist. Es ersetzt das BMC 1.5 Schraubfilterelement und eignet sich auch f\u00fcr den Thornycroft 98 Marine-Motor, der auf dem Ford XLD basiert, wo der 150 mm lange \u00d6lfilter montiert ist.<\/p>\n<p>Das \u00d6lfilterelement 0 451 103 033 kann folgende \u00d6lfilter ersetzen: Champion C160\/606, COF100160S, Z88, 6112420 und 54383998.<\/p>\n<p>Ein qualitativ hochwertiger \u00d6lfilter ist unerl\u00e4sslich, um empfindliche Motorenteile zu sch\u00fctzen. Achten Sie darauf, den Filter regelm\u00e4\u00dfig im Rahmen des Wartungsplans zu wechseln.<\/p>\n<\/div>\n<h3>Spezifikationen<\/h3>\n<table class=\"table\">\n<tbody>\n<tr>\n<td><strong>H\u00f6he<\/strong><\/td>\n<td>120mm (4.7&#8243;)<\/td>\n<\/tr>\n<tr>\n<td><strong>Marke<\/strong><\/td>\n<td>Bosch<\/td>\n<\/tr>\n<tr>\n<td><strong>Verkaufseinheit<\/strong><\/td>\n<td>1 Element<\/td>\n<\/tr>\n<tr>\n<td><strong>Durchmesser<\/strong><\/td>\n<td>ID: 71mm, OD: 76mm<\/td>\n<\/tr>\n<tr>\n<td><strong>Ersatz f\u00fcr<\/strong><\/td>\n<td>BMC 1.5 Schraubfilterelement. \u00d6lfilter: Champion C160\/606, Z88, 6112420 &#038; 54383998.<\/td>\n<\/tr>\n<tr>\n<td><strong>Style-Beschreibung<\/strong><\/td>\n<td>Schraub-Element<\/td>\n<\/tr>\n<tr>\n<td><strong>Eignung<\/strong><\/td>\n<td>BMC 1.5, 2.2 &#038; 2.52, Leyland 1500 &#038; 2520, Thornycroft 90, 98 (wo 150mm \u00d6lfilter montiert ist) &#038; 154, Perkins-Motoren<\/td>\n<\/tr>\n<tr>\n<td><strong>Gewindegr\u00f6\u00dfe<\/strong><\/td>\n<td>3\/4&#8243; &#8211; 16 UNF<\/td>\n<\/tr>\n<\/tbody>\n<\/table>\n","protected":false},"excerpt":{"rendered":"<p>Bosch Spin-On \u00d6lfilterelement f\u00fcr BMC 1.5 &#038; Thornycroft 98 Motoren &#8211; Dieses Bosch 0 451 103 033 Schraubfilterelement passt zu<\/p>\n","protected":false},"featured_media":5944864,"comment_status":"closed","ping_status":"closed","template":"","meta":[],"product_brand":[3225],"product_cat":[3911],"product_tag":[],"class_list":{"0":"post-3428991","1":"product","2":"type-product","3":"status-publish","4":"has-post-thumbnail","6":"product_brand-orbitrade-marine-de","7":"product_cat-accessories","9":"first","10":"instock","11":"shipping-taxable","12":"purchasable","13":"product-type-simple"},"_links":{"self":[{"href":"https:\/\/stoic-curie.212-227-153-4.plesk.page\/de\/wp-json\/wp\/v2\/product\/3428991","targetHints":{"allow":["GET"]}}],"collection":[{"href":"https:\/\/stoic-curie.212-227-153-4.plesk.page\/de\/wp-json\/wp\/v2\/product"}],"about":[{"href":"https:\/\/stoic-curie.212-227-153-4.plesk.page\/de\/wp-json\/wp\/v2\/types\/product"}],"replies":[{"embeddable":true,"href":"https:\/\/stoic-curie.212-227-153-4.plesk.page\/de\/wp-json\/wp\/v2\/comments?post=3428991"}],"version-history":[{"count":0,"href":"https:\/\/stoic-curie.212-227-153-4.plesk.page\/de\/wp-json\/wp\/v2\/product\/3428991\/revisions"}],"wp:featuredmedia":[{"embeddable":true,"href":"https:\/\/stoic-curie.212-227-153-4.plesk.page\/de\/wp-json\/wp\/v2\/media\/5944864"}],"wp:attachment":[{"href":"https:\/\/stoic-curie.212-227-153-4.plesk.page\/de\/wp-json\/wp\/v2\/media?parent=3428991"}],"wp:term":[{"taxonomy":"product_brand","embeddable":true,"href":"https:\/\/stoic-curie.212-227-153-4.plesk.page\/de\/wp-json\/wp\/v2\/product_brand?post=3428991"},{"taxonomy":"product_cat","embeddable":true,"href":"https:\/\/stoic-curie.212-227-153-4.plesk.page\/de\/wp-json\/wp\/v2\/product_cat?post=3428991"},{"taxonomy":"product_tag","embeddable":true,"href":"https:\/\/stoic-curie.212-227-153-4.plesk.page\/de\/wp-json\/wp\/v2\/product_tag?post=3428991"}],"curies":[{"name":"wp","href":"https:\/\/api.w.org\/{rel}","templated":true}]}}