{"id":3429019,"date":"2025-10-09T22:55:35","date_gmt":"2025-10-10T02:55:35","guid":{"rendered":"https:\/\/stoic-curie.212-227-153-4.plesk.page\/product\/drive-force-belueftungsanschluss-fuer-borgwarner-71c-72c\/"},"modified":"2026-02-24T23:35:07","modified_gmt":"2026-02-24T23:35:07","slug":"drive-force-belueftungsanschluss-fuer-borgwarner-71c-72c","status":"publish","type":"product","link":"https:\/\/stoic-curie.212-227-153-4.plesk.page\/de\/product\/drive-force-belueftungsanschluss-fuer-borgwarner-71c-72c\/","title":{"rendered":"Drive Force Bel\u00fcftungsanschluss f\u00fcr Borgwarner 71C &#038; 72C"},"content":{"rendered":"<p>Drive Force Bel\u00fcftungsanschluss f\u00fcr Borgwarner 71C &#038; 72C &#8211; Diese Drive Force Entl\u00fcftungsarmatur ist f\u00fcr die Verwendung mit Borgwarner 71C und Borgwarner 72C Getrieben vorgesehen.<\/p>\n","protected":false},"excerpt":{"rendered":"<p>Drive Force Bel\u00fcftungsanschluss f\u00fcr Borgwarner 71C &#038; 72C &#8211; Diese Drive Force Entl\u00fcftungsarmatur ist f\u00fcr die Verwendung mit Borgwarner 71C<\/p>\n","protected":false},"featured_media":5944899,"comment_status":"closed","ping_status":"closed","template":"","meta":[],"product_brand":[3225],"product_cat":[3911],"product_tag":[],"class_list":{"0":"post-3429019","1":"product","2":"type-product","3":"status-publish","4":"has-post-thumbnail","6":"product_brand-orbitrade-marine-de","7":"product_cat-accessories","9":"first","10":"instock","11":"shipping-taxable","12":"purchasable","13":"product-type-simple"},"_links":{"self":[{"href":"https:\/\/stoic-curie.212-227-153-4.plesk.page\/de\/wp-json\/wp\/v2\/product\/3429019","targetHints":{"allow":["GET"]}}],"collection":[{"href":"https:\/\/stoic-curie.212-227-153-4.plesk.page\/de\/wp-json\/wp\/v2\/product"}],"about":[{"href":"https:\/\/stoic-curie.212-227-153-4.plesk.page\/de\/wp-json\/wp\/v2\/types\/product"}],"replies":[{"embeddable":true,"href":"https:\/\/stoic-curie.212-227-153-4.plesk.page\/de\/wp-json\/wp\/v2\/comments?post=3429019"}],"version-history":[{"count":0,"href":"https:\/\/stoic-curie.212-227-153-4.plesk.page\/de\/wp-json\/wp\/v2\/product\/3429019\/revisions"}],"wp:featuredmedia":[{"embeddable":true,"href":"https:\/\/stoic-curie.212-227-153-4.plesk.page\/de\/wp-json\/wp\/v2\/media\/5944899"}],"wp:attachment":[{"href":"https:\/\/stoic-curie.212-227-153-4.plesk.page\/de\/wp-json\/wp\/v2\/media?parent=3429019"}],"wp:term":[{"taxonomy":"product_brand","embeddable":true,"href":"https:\/\/stoic-curie.212-227-153-4.plesk.page\/de\/wp-json\/wp\/v2\/product_brand?post=3429019"},{"taxonomy":"product_cat","embeddable":true,"href":"https:\/\/stoic-curie.212-227-153-4.plesk.page\/de\/wp-json\/wp\/v2\/product_cat?post=3429019"},{"taxonomy":"product_tag","embeddable":true,"href":"https:\/\/stoic-curie.212-227-153-4.plesk.page\/de\/wp-json\/wp\/v2\/product_tag?post=3429019"}],"curies":[{"name":"wp","href":"https:\/\/api.w.org\/{rel}","templated":true}]}}