{"id":3429041,"date":"2025-10-09T22:55:36","date_gmt":"2025-10-10T02:55:36","guid":{"rendered":"https:\/\/stoic-curie.212-227-153-4.plesk.page\/product\/oel-absorbierendes-bilgensockel-cleenlife-4-liter-76-mm-x-1200-mm\/"},"modified":"2026-02-24T23:35:07","modified_gmt":"2026-02-24T23:35:07","slug":"oel-absorbierendes-bilgensockel-cleenlife-4-liter-76-mm-x-1200-mm","status":"publish","type":"product","link":"https:\/\/stoic-curie.212-227-153-4.plesk.page\/de\/product\/oel-absorbierendes-bilgensockel-cleenlife-4-liter-76-mm-x-1200-mm\/","title":{"rendered":"\u00d6l-absorbierendes Bilgensockel CleenLife (4 Liter \/ 76 mm x 1200 mm)"},"content":{"rendered":"<p>\u00d6l-absorbierendes Bilgensockel CleenLife (4 Liter \/ 76 mm x 1200 mm) &#8211; Der CleenLife Bilge Socke ist so konzipiert, dass er \u00d6l, Kraftstoff und andere Kohlenwasserstoffe auff\u00e4ngt. Der Socke bleibt im Bilgenbereich und absorbiert mit einer fortschrittlichen hydrophoben Technologie die Verunreinigungen im Wasser. Er absorbiert kein Wasser, sondern nur die \u00d6le und Kraftstoffe, die auf der Wasseroberfl\u00e4che schwimmen. Dadurch wird verhindert, dass Verunreinigungen \u00fcber Bord geleitet werden, und es hilft, die Bilge sauber zu halten.<br \/>\nCleenLife Bilge Socks sind ein kosteng\u00fcnstiges Produkt zur Verhinderung von Verschmutzungen und k\u00f6nnen auch f\u00fcr andere Anwendungen verwendet werden, wie z.B. bei der Eind\u00e4mmung kleinerer Leckagen beim Betanken oder in Werkst\u00e4tten. Sie sind schnell und einfach zu verwenden und zu entsorgen, sobald der Socke ges\u00e4ttigt ist.<\/p>\n<p>Spezifikationen<br \/>\nKapazit\u00e4t: 4 Liter pro Socke<br \/>\nL\u00e4nge: 1200mm<br \/>\nMarke: CleenLife<br \/>\nVerkaufseinheit: 1 Socke<br \/>\nDurchmesser: 76mm<\/p>\n","protected":false},"excerpt":{"rendered":"<p>\u00d6l-absorbierendes Bilgensockel CleenLife (4 Liter \/ 76 mm x 1200 mm) &#8211; Der CleenLife Bilge Socke ist so konzipiert, dass<\/p>\n","protected":false},"featured_media":5944915,"comment_status":"closed","ping_status":"closed","template":"","meta":[],"product_brand":[3235],"product_cat":[1343,1344],"product_tag":[],"class_list":{"0":"post-3429041","1":"product","2":"type-product","3":"status-publish","4":"has-post-thumbnail","6":"product_brand-osculati-de","7":"product_cat-oel-und-kraftstoffabsorber","8":"product_cat-werkzeuge-fuer-die-reinigung","10":"first","11":"instock","12":"shipping-taxable","13":"purchasable","14":"product-type-simple"},"_links":{"self":[{"href":"https:\/\/stoic-curie.212-227-153-4.plesk.page\/de\/wp-json\/wp\/v2\/product\/3429041","targetHints":{"allow":["GET"]}}],"collection":[{"href":"https:\/\/stoic-curie.212-227-153-4.plesk.page\/de\/wp-json\/wp\/v2\/product"}],"about":[{"href":"https:\/\/stoic-curie.212-227-153-4.plesk.page\/de\/wp-json\/wp\/v2\/types\/product"}],"replies":[{"embeddable":true,"href":"https:\/\/stoic-curie.212-227-153-4.plesk.page\/de\/wp-json\/wp\/v2\/comments?post=3429041"}],"version-history":[{"count":0,"href":"https:\/\/stoic-curie.212-227-153-4.plesk.page\/de\/wp-json\/wp\/v2\/product\/3429041\/revisions"}],"wp:featuredmedia":[{"embeddable":true,"href":"https:\/\/stoic-curie.212-227-153-4.plesk.page\/de\/wp-json\/wp\/v2\/media\/5944915"}],"wp:attachment":[{"href":"https:\/\/stoic-curie.212-227-153-4.plesk.page\/de\/wp-json\/wp\/v2\/media?parent=3429041"}],"wp:term":[{"taxonomy":"product_brand","embeddable":true,"href":"https:\/\/stoic-curie.212-227-153-4.plesk.page\/de\/wp-json\/wp\/v2\/product_brand?post=3429041"},{"taxonomy":"product_cat","embeddable":true,"href":"https:\/\/stoic-curie.212-227-153-4.plesk.page\/de\/wp-json\/wp\/v2\/product_cat?post=3429041"},{"taxonomy":"product_tag","embeddable":true,"href":"https:\/\/stoic-curie.212-227-153-4.plesk.page\/de\/wp-json\/wp\/v2\/product_tag?post=3429041"}],"curies":[{"name":"wp","href":"https:\/\/api.w.org\/{rel}","templated":true}]}}