{"id":3429047,"date":"2025-10-09T22:55:36","date_gmt":"2025-10-10T02:55:36","guid":{"rendered":"https:\/\/stoic-curie.212-227-153-4.plesk.page\/product\/oeleinfuell-und-belueftungsdeckel-fuer-bmc-leyland-motoren\/"},"modified":"2026-02-24T23:35:07","modified_gmt":"2026-02-24T23:35:07","slug":"oeleinfuell-und-belueftungsdeckel-fuer-bmc-leyland-motoren","status":"publish","type":"product","link":"https:\/\/stoic-curie.212-227-153-4.plesk.page\/de\/product\/oeleinfuell-und-belueftungsdeckel-fuer-bmc-leyland-motoren\/","title":{"rendered":"\u00d6leinf\u00fcll- und Bel\u00fcftungsdeckel f\u00fcr BMC Leyland Motoren"},"content":{"rendered":"<p>\u00d6leinf\u00fcll- und Bel\u00fcftungsdeckel f\u00fcr BMC Leyland Motoren &#8211; <\/p>\n<div class=\"col-24 col-md-15\">\n<p>Ersatz-\u00d6lf\u00fcllverschluss mit integriertem Motor f\u00fcr den Rocker-Cover.<\/p>\n<p>Passt auf die meisten BMC Leyland-typischen Motoren, einschlie\u00dflich der BMC1.5, BMC1.8 und BMC2.52, basierenden Dieselmotoren wie Thornycroft 90, 108 &#038; 154, Newage Captain &#038; Commander und andere.<\/p>\n<p>Passt auch auf die meisten Leyland BMC A-Serie und B-Serie basierenden Motoren.<\/p>\n<p>BMC \u00d6lf\u00fcllventilkappe 131069 ersetzt Leyland 13H2296 und Unipart GFE6003.<\/p>\n<\/div>\n<h3>Spezifikationen<\/h3>\n<table class=\"table\">\n<tbody>\n<tr>\n<td><strong>Marke<\/strong><\/td>\n<td>BMC Leyland<\/td>\n<\/tr>\n<tr>\n<td><strong>Ersetzt<\/strong><\/td>\n<td>Leyland 13H2296 &#038; Unipart GFE6003<\/td>\n<\/tr>\n<tr>\n<td><strong>Eignung<\/strong><\/td>\n<td>BMC Leyland Motoren: BMC 1.5, BMC 1.8 &#038; BMC 2.52, Thornycroft 90, Thornycroft 108 &#038; Thornycroft 154, Newage Captain &#038; Commander, Leyland BMC A-Serie &#038; B-Serie.<\/td>\n<\/tr>\n<\/tbody>\n<\/table>\n","protected":false},"excerpt":{"rendered":"<p>\u00d6leinf\u00fcll- und Bel\u00fcftungsdeckel f\u00fcr BMC Leyland Motoren &#8211; Ersatz-\u00d6lf\u00fcllverschluss mit integriertem Motor f\u00fcr den Rocker-Cover. Passt auf die meisten BMC<\/p>\n","protected":false},"featured_media":5944964,"comment_status":"closed","ping_status":"closed","template":"","meta":[],"product_brand":[3225],"product_cat":[3911],"product_tag":[],"class_list":{"0":"post-3429047","1":"product","2":"type-product","3":"status-publish","4":"has-post-thumbnail","6":"product_brand-orbitrade-marine-de","7":"product_cat-accessories","9":"first","10":"instock","11":"shipping-taxable","12":"purchasable","13":"product-type-simple"},"_links":{"self":[{"href":"https:\/\/stoic-curie.212-227-153-4.plesk.page\/de\/wp-json\/wp\/v2\/product\/3429047","targetHints":{"allow":["GET"]}}],"collection":[{"href":"https:\/\/stoic-curie.212-227-153-4.plesk.page\/de\/wp-json\/wp\/v2\/product"}],"about":[{"href":"https:\/\/stoic-curie.212-227-153-4.plesk.page\/de\/wp-json\/wp\/v2\/types\/product"}],"replies":[{"embeddable":true,"href":"https:\/\/stoic-curie.212-227-153-4.plesk.page\/de\/wp-json\/wp\/v2\/comments?post=3429047"}],"version-history":[{"count":0,"href":"https:\/\/stoic-curie.212-227-153-4.plesk.page\/de\/wp-json\/wp\/v2\/product\/3429047\/revisions"}],"wp:featuredmedia":[{"embeddable":true,"href":"https:\/\/stoic-curie.212-227-153-4.plesk.page\/de\/wp-json\/wp\/v2\/media\/5944964"}],"wp:attachment":[{"href":"https:\/\/stoic-curie.212-227-153-4.plesk.page\/de\/wp-json\/wp\/v2\/media?parent=3429047"}],"wp:term":[{"taxonomy":"product_brand","embeddable":true,"href":"https:\/\/stoic-curie.212-227-153-4.plesk.page\/de\/wp-json\/wp\/v2\/product_brand?post=3429047"},{"taxonomy":"product_cat","embeddable":true,"href":"https:\/\/stoic-curie.212-227-153-4.plesk.page\/de\/wp-json\/wp\/v2\/product_cat?post=3429047"},{"taxonomy":"product_tag","embeddable":true,"href":"https:\/\/stoic-curie.212-227-153-4.plesk.page\/de\/wp-json\/wp\/v2\/product_tag?post=3429047"}],"curies":[{"name":"wp","href":"https:\/\/api.w.org\/{rel}","templated":true}]}}