{"id":3429053,"date":"2025-10-09T22:55:36","date_gmt":"2025-10-10T02:55:36","guid":{"rendered":"https:\/\/stoic-curie.212-227-153-4.plesk.page\/product\/dichtung-fuer-wasserpumpe-fuer-bmc-1-8-motoren\/"},"modified":"2026-02-24T23:35:07","modified_gmt":"2026-02-24T23:35:07","slug":"dichtung-fuer-wasserpumpe-fuer-bmc-1-8-motoren","status":"publish","type":"product","link":"https:\/\/stoic-curie.212-227-153-4.plesk.page\/de\/product\/dichtung-fuer-wasserpumpe-fuer-bmc-1-8-motoren\/","title":{"rendered":"Dichtung f\u00fcr Wasserpumpe f\u00fcr BMC 1.8 Motoren"},"content":{"rendered":"<p>Dichtung f\u00fcr Wasserpumpe f\u00fcr BMC 1.8 Motoren &#8211; Die Wasserpumpen-Dichtung JAM2036 f\u00fcr die BMC 1.8 Motoren Wasserpumpe. Dies umfasst die Thornycroft 108 Bootsmotoren. Die Wasserpumpen-Dichtung JAM2036 ist geeignet f\u00fcr die Wasserpumpe: 132090.<\/p>\n<p>Spezifikationen:<br \/>\nMarke: BMC Leyland<br \/>\nEignung: BMC 1.8 Motoren einschlie\u00dflich Thornycroft 108 \/ Wasserpumpe: 132090<\/p>\n","protected":false},"excerpt":{"rendered":"<p>Dichtung f\u00fcr Wasserpumpe f\u00fcr BMC 1.8 Motoren &#8211; Die Wasserpumpen-Dichtung JAM2036 f\u00fcr die BMC 1.8 Motoren Wasserpumpe. Dies umfasst die<\/p>\n","protected":false},"featured_media":5944968,"comment_status":"closed","ping_status":"closed","template":"","meta":[],"product_brand":[3225],"product_cat":[3911],"product_tag":[],"class_list":{"0":"post-3429053","1":"product","2":"type-product","3":"status-publish","4":"has-post-thumbnail","6":"product_brand-orbitrade-marine-de","7":"product_cat-accessories","9":"first","10":"instock","11":"shipping-taxable","12":"purchasable","13":"product-type-simple"},"_links":{"self":[{"href":"https:\/\/stoic-curie.212-227-153-4.plesk.page\/de\/wp-json\/wp\/v2\/product\/3429053","targetHints":{"allow":["GET"]}}],"collection":[{"href":"https:\/\/stoic-curie.212-227-153-4.plesk.page\/de\/wp-json\/wp\/v2\/product"}],"about":[{"href":"https:\/\/stoic-curie.212-227-153-4.plesk.page\/de\/wp-json\/wp\/v2\/types\/product"}],"replies":[{"embeddable":true,"href":"https:\/\/stoic-curie.212-227-153-4.plesk.page\/de\/wp-json\/wp\/v2\/comments?post=3429053"}],"version-history":[{"count":0,"href":"https:\/\/stoic-curie.212-227-153-4.plesk.page\/de\/wp-json\/wp\/v2\/product\/3429053\/revisions"}],"wp:featuredmedia":[{"embeddable":true,"href":"https:\/\/stoic-curie.212-227-153-4.plesk.page\/de\/wp-json\/wp\/v2\/media\/5944968"}],"wp:attachment":[{"href":"https:\/\/stoic-curie.212-227-153-4.plesk.page\/de\/wp-json\/wp\/v2\/media?parent=3429053"}],"wp:term":[{"taxonomy":"product_brand","embeddable":true,"href":"https:\/\/stoic-curie.212-227-153-4.plesk.page\/de\/wp-json\/wp\/v2\/product_brand?post=3429053"},{"taxonomy":"product_cat","embeddable":true,"href":"https:\/\/stoic-curie.212-227-153-4.plesk.page\/de\/wp-json\/wp\/v2\/product_cat?post=3429053"},{"taxonomy":"product_tag","embeddable":true,"href":"https:\/\/stoic-curie.212-227-153-4.plesk.page\/de\/wp-json\/wp\/v2\/product_tag?post=3429053"}],"curies":[{"name":"wp","href":"https:\/\/api.w.org\/{rel}","templated":true}]}}