{"id":3429063,"date":"2025-10-09T22:55:37","date_gmt":"2025-10-10T02:55:37","guid":{"rendered":"https:\/\/stoic-curie.212-227-153-4.plesk.page\/product\/rockerdeckelschraubendichtung-fuer-bmc-1-5-1-8-2-52-thornycroft-90-108-154\/"},"modified":"2026-02-24T23:35:07","modified_gmt":"2026-02-24T23:35:07","slug":"rockerdeckelschraubendichtung-fuer-bmc-1-5-1-8-2-52-thornycroft-90-108-154","status":"publish","type":"product","link":"https:\/\/stoic-curie.212-227-153-4.plesk.page\/de\/product\/rockerdeckelschraubendichtung-fuer-bmc-1-5-1-8-2-52-thornycroft-90-108-154\/","title":{"rendered":"Rockerdeckelschraubendichtung f\u00fcr BMC 1.5, 1.8, 2.52, Thornycroft 90, 108 154"},"content":{"rendered":"<p>Rockerdeckelschraubendichtung f\u00fcr BMC 1.5, 1.8, 2.52, Thornycroft 90, 108 154 &#8211; Die Dichtung 12A1358 ist die Dichtung f\u00fcr die Halteschraube des Motorventildeckels. Die Dichtung f\u00fcr die Ventildeckelschraube 12A1358 passt zu den BMC 1.5 und BMC 1.8 Motoren, wie den Thornycroft 90, Thornycroft 108 und Tempest Newage 1.5 Captain Bootsmotoren. Sie kann auch verwendet werden, um die 6K515 Dichtung f\u00fcr die Ventilschraube zu ersetzen, die bei BMC 2.52 Motoren wie dem Thornycroft 154 verbaut ist. Einzeln verkauft, ben\u00f6tigen Sie zwei (2) Dichtungen 12A1358 pro Motor.<\/p>\n","protected":false},"excerpt":{"rendered":"<p>Rockerdeckelschraubendichtung f\u00fcr BMC 1.5, 1.8, 2.52, Thornycroft 90, 108 154 &#8211; Die Dichtung 12A1358 ist die Dichtung f\u00fcr die Halteschraube<\/p>\n","protected":false},"featured_media":5944969,"comment_status":"closed","ping_status":"closed","template":"","meta":[],"product_brand":[3225],"product_cat":[3911],"product_tag":[],"class_list":{"0":"post-3429063","1":"product","2":"type-product","3":"status-publish","4":"has-post-thumbnail","6":"product_brand-orbitrade-marine-de","7":"product_cat-accessories","9":"first","10":"instock","11":"shipping-taxable","12":"purchasable","13":"product-type-simple"},"_links":{"self":[{"href":"https:\/\/stoic-curie.212-227-153-4.plesk.page\/de\/wp-json\/wp\/v2\/product\/3429063","targetHints":{"allow":["GET"]}}],"collection":[{"href":"https:\/\/stoic-curie.212-227-153-4.plesk.page\/de\/wp-json\/wp\/v2\/product"}],"about":[{"href":"https:\/\/stoic-curie.212-227-153-4.plesk.page\/de\/wp-json\/wp\/v2\/types\/product"}],"replies":[{"embeddable":true,"href":"https:\/\/stoic-curie.212-227-153-4.plesk.page\/de\/wp-json\/wp\/v2\/comments?post=3429063"}],"version-history":[{"count":0,"href":"https:\/\/stoic-curie.212-227-153-4.plesk.page\/de\/wp-json\/wp\/v2\/product\/3429063\/revisions"}],"wp:featuredmedia":[{"embeddable":true,"href":"https:\/\/stoic-curie.212-227-153-4.plesk.page\/de\/wp-json\/wp\/v2\/media\/5944969"}],"wp:attachment":[{"href":"https:\/\/stoic-curie.212-227-153-4.plesk.page\/de\/wp-json\/wp\/v2\/media?parent=3429063"}],"wp:term":[{"taxonomy":"product_brand","embeddable":true,"href":"https:\/\/stoic-curie.212-227-153-4.plesk.page\/de\/wp-json\/wp\/v2\/product_brand?post=3429063"},{"taxonomy":"product_cat","embeddable":true,"href":"https:\/\/stoic-curie.212-227-153-4.plesk.page\/de\/wp-json\/wp\/v2\/product_cat?post=3429063"},{"taxonomy":"product_tag","embeddable":true,"href":"https:\/\/stoic-curie.212-227-153-4.plesk.page\/de\/wp-json\/wp\/v2\/product_tag?post=3429063"}],"curies":[{"name":"wp","href":"https:\/\/api.w.org\/{rel}","templated":true}]}}