{"id":3429079,"date":"2025-10-09T22:55:37","date_gmt":"2025-10-10T02:55:37","guid":{"rendered":"https:\/\/stoic-curie.212-227-153-4.plesk.page\/product\/orbitrade-16513-dichtung-fuer-volvo-penta-auspuffkruemmer-251a-aq171\/"},"modified":"2026-02-24T23:35:07","modified_gmt":"2026-02-24T23:35:07","slug":"orbitrade-16513-dichtung-fuer-volvo-penta-auspuffkruemmer-251a-aq171","status":"publish","type":"product","link":"https:\/\/stoic-curie.212-227-153-4.plesk.page\/de\/product\/orbitrade-16513-dichtung-fuer-volvo-penta-auspuffkruemmer-251a-aq171\/","title":{"rendered":"Orbitrade 16513 Dichtung f\u00fcr Volvo Penta Auspuffkr\u00fcmmer 251A &#038; AQ171"},"content":{"rendered":"<p>Orbitrade 16513 Dichtung f\u00fcr Volvo Penta Auspuffkr\u00fcmmer 251A &#038; AQ171 &#8211; Die Orbitrade Marine Abgaskr\u00fcmmerdichtung 16513 ist daf\u00fcr ausgelegt, die Volvo-Teilenummer 855513 zu ersetzen. Die Dichtung ist geeignet f\u00fcr die folgenden Volvo Penta Motorenmodelle: 251A, AQ171A und AQ171C.<\/p>\n","protected":false},"excerpt":{"rendered":"<p>Orbitrade 16513 Dichtung f\u00fcr Volvo Penta Auspuffkr\u00fcmmer 251A &#038; AQ171 &#8211; Die Orbitrade Marine Abgaskr\u00fcmmerdichtung 16513 ist daf\u00fcr ausgelegt, die<\/p>\n","protected":false},"featured_media":5944972,"comment_status":"closed","ping_status":"closed","template":"","meta":[],"product_brand":[3225],"product_cat":[1542],"product_tag":[],"class_list":{"0":"post-3429079","1":"product","2":"type-product","3":"status-publish","4":"has-post-thumbnail","6":"product_brand-orbitrade-marine-de","7":"product_cat-marine-ersatzteile-fuer-volvo-penta","9":"first","10":"instock","11":"shipping-taxable","12":"purchasable","13":"product-type-simple"},"_links":{"self":[{"href":"https:\/\/stoic-curie.212-227-153-4.plesk.page\/de\/wp-json\/wp\/v2\/product\/3429079","targetHints":{"allow":["GET"]}}],"collection":[{"href":"https:\/\/stoic-curie.212-227-153-4.plesk.page\/de\/wp-json\/wp\/v2\/product"}],"about":[{"href":"https:\/\/stoic-curie.212-227-153-4.plesk.page\/de\/wp-json\/wp\/v2\/types\/product"}],"replies":[{"embeddable":true,"href":"https:\/\/stoic-curie.212-227-153-4.plesk.page\/de\/wp-json\/wp\/v2\/comments?post=3429079"}],"version-history":[{"count":0,"href":"https:\/\/stoic-curie.212-227-153-4.plesk.page\/de\/wp-json\/wp\/v2\/product\/3429079\/revisions"}],"wp:featuredmedia":[{"embeddable":true,"href":"https:\/\/stoic-curie.212-227-153-4.plesk.page\/de\/wp-json\/wp\/v2\/media\/5944972"}],"wp:attachment":[{"href":"https:\/\/stoic-curie.212-227-153-4.plesk.page\/de\/wp-json\/wp\/v2\/media?parent=3429079"}],"wp:term":[{"taxonomy":"product_brand","embeddable":true,"href":"https:\/\/stoic-curie.212-227-153-4.plesk.page\/de\/wp-json\/wp\/v2\/product_brand?post=3429079"},{"taxonomy":"product_cat","embeddable":true,"href":"https:\/\/stoic-curie.212-227-153-4.plesk.page\/de\/wp-json\/wp\/v2\/product_cat?post=3429079"},{"taxonomy":"product_tag","embeddable":true,"href":"https:\/\/stoic-curie.212-227-153-4.plesk.page\/de\/wp-json\/wp\/v2\/product_tag?post=3429079"}],"curies":[{"name":"wp","href":"https:\/\/api.w.org\/{rel}","templated":true}]}}