{"id":3429081,"date":"2025-10-09T22:55:38","date_gmt":"2025-10-10T02:55:38","guid":{"rendered":"https:\/\/stoic-curie.212-227-153-4.plesk.page\/product\/orbitrade-18705-unterbrecherkontakte-fuer-volvo-penta-motoren\/"},"modified":"2026-02-24T23:35:07","modified_gmt":"2026-02-24T23:35:07","slug":"orbitrade-18705-unterbrecherkontakte-fuer-volvo-penta-motoren","status":"publish","type":"product","link":"https:\/\/stoic-curie.212-227-153-4.plesk.page\/de\/product\/orbitrade-18705-unterbrecherkontakte-fuer-volvo-penta-motoren\/","title":{"rendered":"Orbitrade 18705 Unterbrecherkontakte f\u00fcr Volvo Penta Motoren"},"content":{"rendered":"<p>Orbitrade 18705 Unterbrecherkontakte f\u00fcr Volvo Penta Motoren &#8211; <\/p>\n<div class=\"col-24 col-md-15\">\n<p>Die Z\u00fcndspule Kontaktunterbrecher von Orbitrade Marine ist als Ersatz f\u00fcr die Volvo-Teilenummern 835705, 855846 und 841287 konzipiert. Dieser Kontaktunterbrecher wird im Z\u00fcndsystem der folgenden Volvo Penta Motorenmodelle verwendet:<\/p>\n<p>AQ175A, AQ190A, AQ200D, AQ200F, AQ211A, AQ225D, AQ225E, AQ225F, AQ231A, AQ231B, AQ240A, AQ255B, AQ260A, AQ260B, AQ280A, AQ290A, BB225A, BB225AV, BB225B, BB225C, BB231A, BB260A, BB260AV, BB260B, BB260C, BB261A.<\/p>\n<\/div>\n<h3>Spezifikationen<\/h3>\n<table class=\"table\">\n<tbody>\n<tr>\n<td><strong>Marke<\/strong><\/td>\n<td>Orbitrade Marine<\/td>\n<\/tr>\n<tr>\n<td><strong>Ersatz f\u00fcr<\/strong><\/td>\n<td>Volvo 835705, 855846 und 841287<\/td>\n<\/tr>\n<tr>\n<td><strong>Geeignet f\u00fcr<\/strong><\/td>\n<td>Volvo Penta: AQ175A, AQ190A, AQ200D, AQ200F, AQ211A, AQ225D, AQ225E, AQ225F, AQ231A, AQ231B, AQ240A, AQ255B, AQ260A, AQ260B, AQ280A, AQ290A, BB225A, BB225AV, BB225B, BB225C, BB231A, BB260A, BB260AV, BB260B, BB260C, BB261A<\/td>\n<\/tr>\n<\/tbody>\n<\/table>\n","protected":false},"excerpt":{"rendered":"<p>Orbitrade 18705 Unterbrecherkontakte f\u00fcr Volvo Penta Motoren &#8211; Die Z\u00fcndspule Kontaktunterbrecher von Orbitrade Marine ist als Ersatz f\u00fcr die Volvo-Teilenummern<\/p>\n","protected":false},"featured_media":5944973,"comment_status":"closed","ping_status":"closed","template":"","meta":[],"product_brand":[3225],"product_cat":[1542],"product_tag":[],"class_list":{"0":"post-3429081","1":"product","2":"type-product","3":"status-publish","4":"has-post-thumbnail","6":"product_brand-orbitrade-marine-de","7":"product_cat-marine-ersatzteile-fuer-volvo-penta","9":"first","10":"instock","11":"shipping-taxable","12":"purchasable","13":"product-type-simple"},"_links":{"self":[{"href":"https:\/\/stoic-curie.212-227-153-4.plesk.page\/de\/wp-json\/wp\/v2\/product\/3429081","targetHints":{"allow":["GET"]}}],"collection":[{"href":"https:\/\/stoic-curie.212-227-153-4.plesk.page\/de\/wp-json\/wp\/v2\/product"}],"about":[{"href":"https:\/\/stoic-curie.212-227-153-4.plesk.page\/de\/wp-json\/wp\/v2\/types\/product"}],"replies":[{"embeddable":true,"href":"https:\/\/stoic-curie.212-227-153-4.plesk.page\/de\/wp-json\/wp\/v2\/comments?post=3429081"}],"version-history":[{"count":0,"href":"https:\/\/stoic-curie.212-227-153-4.plesk.page\/de\/wp-json\/wp\/v2\/product\/3429081\/revisions"}],"wp:featuredmedia":[{"embeddable":true,"href":"https:\/\/stoic-curie.212-227-153-4.plesk.page\/de\/wp-json\/wp\/v2\/media\/5944973"}],"wp:attachment":[{"href":"https:\/\/stoic-curie.212-227-153-4.plesk.page\/de\/wp-json\/wp\/v2\/media?parent=3429081"}],"wp:term":[{"taxonomy":"product_brand","embeddable":true,"href":"https:\/\/stoic-curie.212-227-153-4.plesk.page\/de\/wp-json\/wp\/v2\/product_brand?post=3429081"},{"taxonomy":"product_cat","embeddable":true,"href":"https:\/\/stoic-curie.212-227-153-4.plesk.page\/de\/wp-json\/wp\/v2\/product_cat?post=3429081"},{"taxonomy":"product_tag","embeddable":true,"href":"https:\/\/stoic-curie.212-227-153-4.plesk.page\/de\/wp-json\/wp\/v2\/product_tag?post=3429081"}],"curies":[{"name":"wp","href":"https:\/\/api.w.org\/{rel}","templated":true}]}}