{"id":3429107,"date":"2025-10-09T22:55:39","date_gmt":"2025-10-10T02:55:39","guid":{"rendered":"https:\/\/stoic-curie.212-227-153-4.plesk.page\/product\/seaflow-superflex-kraftstoffschlauch-iso-7840-a1-25mm\/"},"modified":"2026-02-24T23:35:07","modified_gmt":"2026-02-24T23:35:07","slug":"seaflow-superflex-kraftstoffschlauch-iso-7840-a1-25mm","status":"publish","type":"product","link":"https:\/\/stoic-curie.212-227-153-4.plesk.page\/de\/product\/seaflow-superflex-kraftstoffschlauch-iso-7840-a1-25mm\/","title":{"rendered":"Seaflow Superflex Kraftstoffschlauch ISO 7840 A1 25mm"},"content":{"rendered":"<p>Seaflow Superflex Kraftstoffschlauch ISO 7840 A1 25mm &#8211; <\/p>\n<div class=\"col-24 col-md-15\">\n<p>Der Seaflow Superflex Marinekraftstofftransfer-Schlauch eignet sich f\u00fcr Diesel- und bleifreie Kraftstoffe. Dieser Kraftstoffschlauch kann in Kraftstoffversorgung- und R\u00fcckf\u00fchrleitungen, Kraftstofftankentl\u00fcftungen und Kraftstofftankbef\u00fcllungen sowie in anderen Anwendungen in Brandrisikobereichen verwendet werden. Dieser Schlauch ist speziell hergestellt, um die ISO 7840 A1-Anforderungen zu erf\u00fcllen, was bedeutet, dass er mindestens 2 Minuten lang feuerbest\u00e4ndig ist.<\/p>\n<p>Dieser Seaflow-Kraftstoffschlauch verf\u00fcgt \u00fcber einen textilen und stahlverst\u00e4rkung schwarzen, synthetischen Gummi\u00fcberzug, der flammen-, abrieb-, ozon-, wetter-, hitze- und \u00f6lbest\u00e4ndig ist. Der Innenschlauch ist glatt und aus NBR-schwarzem Gummi gefertigt, der bis zu 50 % der Kraftstoffger\u00fcche einschlie\u00dft. Dieser Kraftstoffschlauch ist auch extrem flexibel und leicht, was die Installation erleichtert.<\/p>\n<p>Dieser Seaflow Superflex-Kraftstoffschlauch ist in den Innendurchmessern 25 mm, 32 mm, 38 mm und 51 mm erh\u00e4ltlich und wird pro Meter verkauft. Er wird aus einer 20 Meter langen Rolle geschnitten, sodass Bestellungen \u00fcber diese Menge nicht in einem einzigen Schlauch geliefert werden. Vollrollen sind ebenfalls erh\u00e4ltlich.<\/p>\n<\/div>\n<h3>Spezifikationen<\/h3>\n<table class=\"table\">\n<tbody>\n<tr>\n<td><strong>Genehmigungen<\/strong><\/td>\n<td>Rated to ISO7840 A1. CE, RINA und Lloyd&#8217;s genehmigt.<\/td>\n<\/tr>\n<tr>\n<td><strong>Temperaturbereich<\/strong><\/td>\n<td>-20 \u00b0C bis +100 \u00b0C<\/td>\n<\/tr>\n<tr>\n<td><strong>Arbeitsdruck<\/strong><\/td>\n<td>36 PSI (2,5 bar)<\/td>\n<\/tr>\n<tr>\n<td><strong>Marke<\/strong><\/td>\n<td>Seaflow<\/td>\n<\/tr>\n<tr>\n<td><strong>Verkaufseinheit<\/strong><\/td>\n<td>Pro Meter<\/td>\n<\/tr>\n<tr>\n<td><strong>Abbiegeradius<\/strong><\/td>\n<td>125 mm<\/td>\n<\/tr>\n<tr>\n<td><strong>Platzdruck<\/strong><\/td>\n<td>145 psi (10 bar)<\/td>\n<\/tr>\n<tr>\n<td><strong>Bauweise<\/strong><\/td>\n<td>Synthetischer, flammensicherer Gummi\u00fcberzug mit glattem NBR-Schlauch aus schwarzem Gummi. Der Schlauch ist mit Draht und synthetischem Garn verst\u00e4rkt.<\/td>\n<\/tr>\n<tr>\n<td><strong>Durchmesser<\/strong><\/td>\n<td>25 mm (1&#8243;) ID, 37 mm OD<\/td>\n<\/tr>\n<tr>\n<td><strong>Vakuum<\/strong><\/td>\n<td>5 psi (0,35 bar)<\/td>\n<\/tr>\n<\/tbody>\n<\/table>\n","protected":false},"excerpt":{"rendered":"<p>Seaflow Superflex Kraftstoffschlauch ISO 7840 A1 25mm &#8211; Der Seaflow Superflex Marinekraftstofftransfer-Schlauch eignet sich f\u00fcr Diesel- und bleifreie Kraftstoffe. Dieser<\/p>\n","protected":false},"featured_media":5944978,"comment_status":"closed","ping_status":"closed","template":"","meta":[],"product_brand":[3355],"product_cat":[1512],"product_tag":[],"class_list":{"0":"post-3429107","1":"product","2":"type-product","3":"status-publish","4":"has-post-thumbnail","6":"product_brand-seaflow-de","7":"product_cat-kraftstoffschlauch","9":"first","10":"instock","11":"shipping-taxable","12":"purchasable","13":"product-type-simple"},"_links":{"self":[{"href":"https:\/\/stoic-curie.212-227-153-4.plesk.page\/de\/wp-json\/wp\/v2\/product\/3429107","targetHints":{"allow":["GET"]}}],"collection":[{"href":"https:\/\/stoic-curie.212-227-153-4.plesk.page\/de\/wp-json\/wp\/v2\/product"}],"about":[{"href":"https:\/\/stoic-curie.212-227-153-4.plesk.page\/de\/wp-json\/wp\/v2\/types\/product"}],"replies":[{"embeddable":true,"href":"https:\/\/stoic-curie.212-227-153-4.plesk.page\/de\/wp-json\/wp\/v2\/comments?post=3429107"}],"version-history":[{"count":0,"href":"https:\/\/stoic-curie.212-227-153-4.plesk.page\/de\/wp-json\/wp\/v2\/product\/3429107\/revisions"}],"wp:featuredmedia":[{"embeddable":true,"href":"https:\/\/stoic-curie.212-227-153-4.plesk.page\/de\/wp-json\/wp\/v2\/media\/5944978"}],"wp:attachment":[{"href":"https:\/\/stoic-curie.212-227-153-4.plesk.page\/de\/wp-json\/wp\/v2\/media?parent=3429107"}],"wp:term":[{"taxonomy":"product_brand","embeddable":true,"href":"https:\/\/stoic-curie.212-227-153-4.plesk.page\/de\/wp-json\/wp\/v2\/product_brand?post=3429107"},{"taxonomy":"product_cat","embeddable":true,"href":"https:\/\/stoic-curie.212-227-153-4.plesk.page\/de\/wp-json\/wp\/v2\/product_cat?post=3429107"},{"taxonomy":"product_tag","embeddable":true,"href":"https:\/\/stoic-curie.212-227-153-4.plesk.page\/de\/wp-json\/wp\/v2\/product_tag?post=3429107"}],"curies":[{"name":"wp","href":"https:\/\/api.w.org\/{rel}","templated":true}]}}