{"id":3429123,"date":"2025-10-09T22:55:39","date_gmt":"2025-10-10T02:55:39","guid":{"rendered":"https:\/\/stoic-curie.212-227-153-4.plesk.page\/product\/roca-edelstahl-tankbelueftung-16-mm-schlauch-gerade\/"},"modified":"2026-02-24T23:35:07","modified_gmt":"2026-02-24T23:35:07","slug":"roca-edelstahl-tankbelueftung-16-mm-schlauch-gerade","status":"publish","type":"product","link":"https:\/\/stoic-curie.212-227-153-4.plesk.page\/de\/product\/roca-edelstahl-tankbelueftung-16-mm-schlauch-gerade\/","title":{"rendered":"Roca Edelstahl-Tankbel\u00fcftung (16 mm Schlauch \/ gerade)"},"content":{"rendered":"<p>Roca Edelstahl-Tankbel\u00fcftung (16 mm Schlauch \/ gerade) &#8211; Der Roca Gerade Tankbel\u00fcfter aus Edelstahl 316 verf\u00fcgt \u00fcber ein austauschbares, flammhemmendes Netz und einen verstellbaren Spritzschutz. Dieser Roca Tankbel\u00fcfter wird auf der Oberfl\u00e4che montiert und bietet Platz f\u00fcr zwei Schlauchschellen.<\/p>\n","protected":false},"excerpt":{"rendered":"<p>Roca Edelstahl-Tankbel\u00fcftung (16 mm Schlauch \/ gerade) &#8211; Der Roca Gerade Tankbel\u00fcfter aus Edelstahl 316 verf\u00fcgt \u00fcber ein austauschbares, flammhemmendes<\/p>\n","protected":false},"featured_media":5944979,"comment_status":"closed","ping_status":"closed","template":"","meta":[],"product_brand":[3315],"product_cat":[1412,1513],"product_tag":[],"class_list":{"0":"post-3429123","1":"product","2":"type-product","3":"status-publish","4":"has-post-thumbnail","6":"product_brand-roca-marine-de","7":"product_cat-bootdeckbelueftungen","8":"product_cat-kraftstofftanks","10":"first","11":"instock","12":"shipping-taxable","13":"purchasable","14":"product-type-simple"},"_links":{"self":[{"href":"https:\/\/stoic-curie.212-227-153-4.plesk.page\/de\/wp-json\/wp\/v2\/product\/3429123","targetHints":{"allow":["GET"]}}],"collection":[{"href":"https:\/\/stoic-curie.212-227-153-4.plesk.page\/de\/wp-json\/wp\/v2\/product"}],"about":[{"href":"https:\/\/stoic-curie.212-227-153-4.plesk.page\/de\/wp-json\/wp\/v2\/types\/product"}],"replies":[{"embeddable":true,"href":"https:\/\/stoic-curie.212-227-153-4.plesk.page\/de\/wp-json\/wp\/v2\/comments?post=3429123"}],"version-history":[{"count":0,"href":"https:\/\/stoic-curie.212-227-153-4.plesk.page\/de\/wp-json\/wp\/v2\/product\/3429123\/revisions"}],"wp:featuredmedia":[{"embeddable":true,"href":"https:\/\/stoic-curie.212-227-153-4.plesk.page\/de\/wp-json\/wp\/v2\/media\/5944979"}],"wp:attachment":[{"href":"https:\/\/stoic-curie.212-227-153-4.plesk.page\/de\/wp-json\/wp\/v2\/media?parent=3429123"}],"wp:term":[{"taxonomy":"product_brand","embeddable":true,"href":"https:\/\/stoic-curie.212-227-153-4.plesk.page\/de\/wp-json\/wp\/v2\/product_brand?post=3429123"},{"taxonomy":"product_cat","embeddable":true,"href":"https:\/\/stoic-curie.212-227-153-4.plesk.page\/de\/wp-json\/wp\/v2\/product_cat?post=3429123"},{"taxonomy":"product_tag","embeddable":true,"href":"https:\/\/stoic-curie.212-227-153-4.plesk.page\/de\/wp-json\/wp\/v2\/product_tag?post=3429123"}],"curies":[{"name":"wp","href":"https:\/\/api.w.org\/{rel}","templated":true}]}}