{"id":3429125,"date":"2025-10-09T22:55:39","date_gmt":"2025-10-10T02:55:39","guid":{"rendered":"https:\/\/stoic-curie.212-227-153-4.plesk.page\/product\/edelstahl-lamellen-lueftungsgitter-4dek-127mm-x-115mm\/"},"modified":"2026-02-24T23:35:07","modified_gmt":"2026-02-24T23:35:07","slug":"edelstahl-lamellen-lueftungsgitter-4dek-127mm-x-115mm","status":"publish","type":"product","link":"https:\/\/stoic-curie.212-227-153-4.plesk.page\/de\/product\/edelstahl-lamellen-lueftungsgitter-4dek-127mm-x-115mm\/","title":{"rendered":"Edelstahl-Lamellen-L\u00fcftungsgitter 4Dek (127mm x 115mm)"},"content":{"rendered":"<p>Edelstahl-Lamellen-L\u00fcftungsgitter 4Dek (127mm x 115mm) &#8211; Ein Luftventil aus Edelstahl von unserer eigenen 4Dek-Serie f\u00fcr maritime Ausr\u00fcstung. Dieses l\u00fcftbare Luftventil ist 127 mm breit und 115 mm hoch und verf\u00fcgt \u00fcber sechs (6) Lamellen, die einen st\u00e4ndigen Luftstrom hinein und hinaus erm\u00f6glichen. Dadurch ist das Edelstahl-Luftventil ideal f\u00fcr die Bel\u00fcftung von Schr\u00e4nken, T\u00fcren, Vorh\u00e4ngen und anderen \u00e4hnlichen Bereichen auf Booten.<\/p>\n","protected":false},"excerpt":{"rendered":"<p>Edelstahl-Lamellen-L\u00fcftungsgitter 4Dek (127mm x 115mm) &#8211; Ein Luftventil aus Edelstahl von unserer eigenen 4Dek-Serie f\u00fcr maritime Ausr\u00fcstung. Dieses l\u00fcftbare Luftventil<\/p>\n","protected":false},"featured_media":5944982,"comment_status":"closed","ping_status":"closed","template":"","meta":[],"product_brand":[3235],"product_cat":[1412,1404],"product_tag":[],"class_list":{"0":"post-3429125","1":"product","2":"type-product","3":"status-publish","4":"has-post-thumbnail","6":"product_brand-osculati-de","7":"product_cat-bootdeckbelueftungen","8":"product_cat-lamellenlueftungen","10":"first","11":"instock","12":"shipping-taxable","13":"purchasable","14":"product-type-simple"},"_links":{"self":[{"href":"https:\/\/stoic-curie.212-227-153-4.plesk.page\/de\/wp-json\/wp\/v2\/product\/3429125","targetHints":{"allow":["GET"]}}],"collection":[{"href":"https:\/\/stoic-curie.212-227-153-4.plesk.page\/de\/wp-json\/wp\/v2\/product"}],"about":[{"href":"https:\/\/stoic-curie.212-227-153-4.plesk.page\/de\/wp-json\/wp\/v2\/types\/product"}],"replies":[{"embeddable":true,"href":"https:\/\/stoic-curie.212-227-153-4.plesk.page\/de\/wp-json\/wp\/v2\/comments?post=3429125"}],"version-history":[{"count":0,"href":"https:\/\/stoic-curie.212-227-153-4.plesk.page\/de\/wp-json\/wp\/v2\/product\/3429125\/revisions"}],"wp:featuredmedia":[{"embeddable":true,"href":"https:\/\/stoic-curie.212-227-153-4.plesk.page\/de\/wp-json\/wp\/v2\/media\/5944982"}],"wp:attachment":[{"href":"https:\/\/stoic-curie.212-227-153-4.plesk.page\/de\/wp-json\/wp\/v2\/media?parent=3429125"}],"wp:term":[{"taxonomy":"product_brand","embeddable":true,"href":"https:\/\/stoic-curie.212-227-153-4.plesk.page\/de\/wp-json\/wp\/v2\/product_brand?post=3429125"},{"taxonomy":"product_cat","embeddable":true,"href":"https:\/\/stoic-curie.212-227-153-4.plesk.page\/de\/wp-json\/wp\/v2\/product_cat?post=3429125"},{"taxonomy":"product_tag","embeddable":true,"href":"https:\/\/stoic-curie.212-227-153-4.plesk.page\/de\/wp-json\/wp\/v2\/product_tag?post=3429125"}],"curies":[{"name":"wp","href":"https:\/\/api.w.org\/{rel}","templated":true}]}}