{"id":3429142,"date":"2025-10-09T22:55:40","date_gmt":"2025-10-10T02:55:40","guid":{"rendered":"https:\/\/stoic-curie.212-227-153-4.plesk.page\/product\/maestrini-messing-kompakter-45-grad-bogen-weibliche-anschluesse-1-2-bsp\/"},"modified":"2026-02-24T23:35:07","modified_gmt":"2026-02-24T23:35:07","slug":"maestrini-messing-kompakter-45-grad-bogen-weibliche-anschluesse-1-2-bsp","status":"publish","type":"product","link":"https:\/\/stoic-curie.212-227-153-4.plesk.page\/de\/product\/maestrini-messing-kompakter-45-grad-bogen-weibliche-anschluesse-1-2-bsp\/","title":{"rendered":"Maestrini Messing Kompakter 45-Grad-Bogen (weibliche Anschl\u00fcsse \/ 1\/2&#8243; BSP)"},"content":{"rendered":"<p>Maestrini Messing Kompakter 45-Grad-Bogen (weibliche Anschl\u00fcsse \/ 1\/2&#8243; BSP) &#8211; <\/p>\n<div class=\"col-24 col-md-15\">\n<p>Der Maestrini-Rohrverbindungsbogen aus Messing. Ein 45\u00b0-Bogen wird verwendet, um zwei gleich gro\u00dfe Rohre unter einem leichten Winkel zu verbinden.<\/p>\n<p><style id=\"1\" name=\"Bold\" type=\"2\"><![CDATA[Bitte beachten Sie:]]><\/style>\n<p> Alle Armaturen, die f\u00fcr durch den Rumpf verwendete Anwendungen gedacht sind, m\u00fcssen korrekt elektrisch verbunden sein, um Schutz vor elektrolytischer Korrosion zu gew\u00e4hrleisten. Messing ist anf\u00e4llig f\u00fcr Dekorrosion und wird nicht f\u00fcr durch den Wasserlinienbereich liegende Anwendungen empfohlen.<\/p>\n<\/div>\n<h3>Spezifikationen<\/h3>\n<table class=\"table\">\n<tbody>\n<tr>\n<td><strong>Linten<\/strong><\/td>\n<td>Nominelle L\u00e4nge zum Lochzentrum: 22 mm<\/td>\n<\/tr>\n<tr>\n<td><strong>Marke<\/strong><\/td>\n<td>Maestrini<\/td>\n<\/tr>\n<tr>\n<td><strong>Fitting<\/strong><\/td>\n<td>Bogen<\/td>\n<\/tr>\n<tr>\n<td><strong>Gewinde-Geschlecht<\/strong><\/td>\n<td>Weiblich<\/td>\n<\/tr>\n<tr>\n<td><strong>Ursprungsland<\/strong><\/td>\n<td>Italien<\/td>\n<\/tr>\n<tr>\n<td><strong>Winkel<\/strong><\/td>\n<td>45 Grad<\/td>\n<\/tr>\n<tr>\n<td><strong>Bauweise<\/strong><\/td>\n<td>Messing<\/td>\n<\/tr>\n<tr>\n<td><strong>Druckbewertung<\/strong><\/td>\n<td>580 PSI (40 Bar)<\/td>\n<\/tr>\n<tr>\n<td><strong>Gewindegr\u00f6\u00dfe<\/strong><\/td>\n<td>1\/2&#8243; BSP weiblich<\/td>\n<\/tr>\n<\/tbody>\n<\/table>\n","protected":false},"excerpt":{"rendered":"<p>Maestrini Messing Kompakter 45-Grad-Bogen (weibliche Anschl\u00fcsse \/ 1\/2&#8243; BSP) &#8211; Der Maestrini-Rohrverbindungsbogen aus Messing. Ein 45\u00b0-Bogen wird verwendet, um zwei<\/p>\n","protected":false},"featured_media":5944990,"comment_status":"closed","ping_status":"closed","template":"","meta":[],"product_brand":[3235],"product_cat":[1386],"product_tag":[],"class_list":{"0":"post-3429142","1":"product","2":"type-product","3":"status-publish","4":"has-post-thumbnail","6":"product_brand-osculati-de","7":"product_cat-messing-wasserinstallationsarmaturen","9":"first","10":"instock","11":"shipping-taxable","12":"purchasable","13":"product-type-simple"},"_links":{"self":[{"href":"https:\/\/stoic-curie.212-227-153-4.plesk.page\/de\/wp-json\/wp\/v2\/product\/3429142","targetHints":{"allow":["GET"]}}],"collection":[{"href":"https:\/\/stoic-curie.212-227-153-4.plesk.page\/de\/wp-json\/wp\/v2\/product"}],"about":[{"href":"https:\/\/stoic-curie.212-227-153-4.plesk.page\/de\/wp-json\/wp\/v2\/types\/product"}],"replies":[{"embeddable":true,"href":"https:\/\/stoic-curie.212-227-153-4.plesk.page\/de\/wp-json\/wp\/v2\/comments?post=3429142"}],"version-history":[{"count":0,"href":"https:\/\/stoic-curie.212-227-153-4.plesk.page\/de\/wp-json\/wp\/v2\/product\/3429142\/revisions"}],"wp:featuredmedia":[{"embeddable":true,"href":"https:\/\/stoic-curie.212-227-153-4.plesk.page\/de\/wp-json\/wp\/v2\/media\/5944990"}],"wp:attachment":[{"href":"https:\/\/stoic-curie.212-227-153-4.plesk.page\/de\/wp-json\/wp\/v2\/media?parent=3429142"}],"wp:term":[{"taxonomy":"product_brand","embeddable":true,"href":"https:\/\/stoic-curie.212-227-153-4.plesk.page\/de\/wp-json\/wp\/v2\/product_brand?post=3429142"},{"taxonomy":"product_cat","embeddable":true,"href":"https:\/\/stoic-curie.212-227-153-4.plesk.page\/de\/wp-json\/wp\/v2\/product_cat?post=3429142"},{"taxonomy":"product_tag","embeddable":true,"href":"https:\/\/stoic-curie.212-227-153-4.plesk.page\/de\/wp-json\/wp\/v2\/product_tag?post=3429142"}],"curies":[{"name":"wp","href":"https:\/\/api.w.org\/{rel}","templated":true}]}}