{"id":3429151,"date":"2025-10-09T22:55:40","date_gmt":"2025-10-10T02:55:40","guid":{"rendered":"https:\/\/stoic-curie.212-227-153-4.plesk.page\/product\/vetus-ha3060-schlauchadapter-60mm-30mm\/"},"modified":"2026-02-24T23:35:07","modified_gmt":"2026-02-24T23:35:07","slug":"vetus-ha3060-schlauchadapter-60mm-30mm","status":"publish","type":"product","link":"https:\/\/stoic-curie.212-227-153-4.plesk.page\/de\/product\/vetus-ha3060-schlauchadapter-60mm-30mm\/","title":{"rendered":"Vetus HA3060 Schlauchadapter (60mm &#8211; 30mm)"},"content":{"rendered":"<p>Vetus HA3060 Schlauchadapter (60mm &#8211; 30mm) &#8211; <\/p>\n<div class=\"col-24 col-md-15\">\n<p>Der Vetus-Stufen-Schlauchverbinder besteht aus synthetischem Material. Der HA3060 Schlauchadapter verf\u00fcgt \u00fcber Stufen f\u00fcr Schlauchinnendurchmesser von: 30\/32mm, 38\/40mm, 45mm, 50mm und 57\/60mm. Der Schlauchverbinder kann auf die ben\u00f6tigte Schlauchgr\u00f6\u00dfe zugeschnitten werden.<\/p>\n<\/div>\n<h3>Spezifikationen<\/h3>\n<table class=\"table\">\n<tbody>\n<tr>\n<td><strong>L\u00e4nge<\/strong><\/td>\n<td>206,5mm<\/td>\n<\/tr>\n<tr>\n<td><strong>Marke<\/strong><\/td>\n<td>Vetus<\/td>\n<\/tr>\n<tr>\n<td><strong>Typ<\/strong><\/td>\n<td>Schlauchverbinder<\/td>\n<\/tr>\n<tr>\n<td><strong>Schlauchanschlussgr\u00f6\u00dfe<\/strong><\/td>\n<td>30mm \/ 1-3\/16&#8243;|32mm \/ 1-1\/4&#8243;|38mm \/ 1-1\/2&#8243;|40mm \/ 1-9\/16&#8243;|45mm \/ 1-3\/4&#8243;|50mm \/ 2&#8243;|57mm \/ 2-1\/4&#8243;|60mm \/ 2-3\/8&#8243;<\/td>\n<\/tr>\n<tr>\n<td><strong>Winkel<\/strong><\/td>\n<td>Gerade<\/td>\n<\/tr>\n<tr>\n<td><strong>Bauweise<\/strong><\/td>\n<td>Kunststoff<\/td>\n<\/tr>\n<\/tbody>\n<\/table>\n","protected":false},"excerpt":{"rendered":"<p>Vetus HA3060 Schlauchadapter (60mm &#8211; 30mm) &#8211; Der Vetus-Stufen-Schlauchverbinder besteht aus synthetischem Material. Der HA3060 Schlauchadapter verf\u00fcgt \u00fcber Stufen f\u00fcr<\/p>\n","protected":false},"featured_media":5944991,"comment_status":"closed","ping_status":"closed","template":"","meta":[],"product_brand":[3520],"product_cat":[1507,1374],"product_tag":[],"class_list":{"0":"post-3429151","1":"product","2":"type-product","3":"status-publish","4":"has-post-thumbnail","6":"product_brand-vetus-de","7":"product_cat-abgas-wasserperren-und-schalldaempfer","8":"product_cat-kunststoff-wasserinstallationsarmaturen","10":"first","11":"instock","12":"shipping-taxable","13":"purchasable","14":"product-type-simple"},"_links":{"self":[{"href":"https:\/\/stoic-curie.212-227-153-4.plesk.page\/de\/wp-json\/wp\/v2\/product\/3429151","targetHints":{"allow":["GET"]}}],"collection":[{"href":"https:\/\/stoic-curie.212-227-153-4.plesk.page\/de\/wp-json\/wp\/v2\/product"}],"about":[{"href":"https:\/\/stoic-curie.212-227-153-4.plesk.page\/de\/wp-json\/wp\/v2\/types\/product"}],"replies":[{"embeddable":true,"href":"https:\/\/stoic-curie.212-227-153-4.plesk.page\/de\/wp-json\/wp\/v2\/comments?post=3429151"}],"version-history":[{"count":0,"href":"https:\/\/stoic-curie.212-227-153-4.plesk.page\/de\/wp-json\/wp\/v2\/product\/3429151\/revisions"}],"wp:featuredmedia":[{"embeddable":true,"href":"https:\/\/stoic-curie.212-227-153-4.plesk.page\/de\/wp-json\/wp\/v2\/media\/5944991"}],"wp:attachment":[{"href":"https:\/\/stoic-curie.212-227-153-4.plesk.page\/de\/wp-json\/wp\/v2\/media?parent=3429151"}],"wp:term":[{"taxonomy":"product_brand","embeddable":true,"href":"https:\/\/stoic-curie.212-227-153-4.plesk.page\/de\/wp-json\/wp\/v2\/product_brand?post=3429151"},{"taxonomy":"product_cat","embeddable":true,"href":"https:\/\/stoic-curie.212-227-153-4.plesk.page\/de\/wp-json\/wp\/v2\/product_cat?post=3429151"},{"taxonomy":"product_tag","embeddable":true,"href":"https:\/\/stoic-curie.212-227-153-4.plesk.page\/de\/wp-json\/wp\/v2\/product_tag?post=3429151"}],"curies":[{"name":"wp","href":"https:\/\/api.w.org\/{rel}","templated":true}]}}