{"id":3429161,"date":"2025-10-09T22:55:41","date_gmt":"2025-10-10T02:55:41","guid":{"rendered":"https:\/\/stoic-curie.212-227-153-4.plesk.page\/product\/racor-ablassschraube-fuer-racor-100-200-400-serie-metallschuessel\/"},"modified":"2026-02-24T23:35:07","modified_gmt":"2026-02-24T23:35:07","slug":"racor-ablassschraube-fuer-racor-100-200-400-serie-metallschuessel","status":"publish","type":"product","link":"https:\/\/stoic-curie.212-227-153-4.plesk.page\/de\/product\/racor-ablassschraube-fuer-racor-100-200-400-serie-metallschuessel\/","title":{"rendered":"Racor Ablassschraube f\u00fcr Racor 100, 200, 400 Serie (Metallsch\u00fcssel)"},"content":{"rendered":"<p>Racor Ablassschraube f\u00fcr Racor 100, 200, 400 Serie (Metallsch\u00fcssel) &#8211; Ersatzablassschraube von Parker Racor f\u00fcr die Metallbeh\u00e4lter des Kraftstofffilters der 200er Serie sowie einige der 100er und 400er Serien. Kann auch als Metallstopfen f\u00fcr den Sondenport der Racor 500, 900 und 1000MA Turbinenfilter verwendet werden. <\/p>\n<p>Passend f\u00fcr Racor 110A, 120RMAM, 130R, 215R, 220R, 225R, 230R, 245R, 445MAM, 460MAM, 490MAM, 500MA, 900MA und 1000MA. <\/p>\n<h3>Spezifikationen<\/h3>\n<table class=\"table\">\n<tbody>\n<tr>\n<td><strong>Serie<\/strong><\/td>\n<td>100, 200, 400, 500, 900 &#038; 1000 Serie<\/td>\n<\/tr>\n<tr>\n<td><strong>Marke<\/strong><\/td>\n<td>Racor<\/td>\n<\/tr>\n<tr>\n<td><strong>Eignung<\/strong><\/td>\n<td>Racor 100, 200, 400 Serie Metallbeh\u00e4lter und 500, 900 und 1000MA Turbine Sondenports. Bitte siehe Beschreibung f\u00fcr die vollst\u00e4ndige Liste.<\/td>\n<\/tr>\n<\/tbody>\n<\/table>\n","protected":false},"excerpt":{"rendered":"<p>Racor Ablassschraube f\u00fcr Racor 100, 200, 400 Serie (Metallsch\u00fcssel) &#8211; Ersatzablassschraube von Parker Racor f\u00fcr die Metallbeh\u00e4lter des Kraftstofffilters der<\/p>\n","protected":false},"featured_media":5944994,"comment_status":"closed","ping_status":"closed","template":"","meta":[],"product_brand":[3245],"product_cat":[1510],"product_tag":[],"class_list":{"0":"post-3429161","1":"product","2":"type-product","3":"status-publish","4":"has-post-thumbnail","6":"product_brand-parker-racor-de","7":"product_cat-kraftstoff-wasser-trennfilter","9":"first","10":"instock","11":"shipping-taxable","12":"purchasable","13":"product-type-simple"},"_links":{"self":[{"href":"https:\/\/stoic-curie.212-227-153-4.plesk.page\/de\/wp-json\/wp\/v2\/product\/3429161","targetHints":{"allow":["GET"]}}],"collection":[{"href":"https:\/\/stoic-curie.212-227-153-4.plesk.page\/de\/wp-json\/wp\/v2\/product"}],"about":[{"href":"https:\/\/stoic-curie.212-227-153-4.plesk.page\/de\/wp-json\/wp\/v2\/types\/product"}],"replies":[{"embeddable":true,"href":"https:\/\/stoic-curie.212-227-153-4.plesk.page\/de\/wp-json\/wp\/v2\/comments?post=3429161"}],"version-history":[{"count":0,"href":"https:\/\/stoic-curie.212-227-153-4.plesk.page\/de\/wp-json\/wp\/v2\/product\/3429161\/revisions"}],"wp:featuredmedia":[{"embeddable":true,"href":"https:\/\/stoic-curie.212-227-153-4.plesk.page\/de\/wp-json\/wp\/v2\/media\/5944994"}],"wp:attachment":[{"href":"https:\/\/stoic-curie.212-227-153-4.plesk.page\/de\/wp-json\/wp\/v2\/media?parent=3429161"}],"wp:term":[{"taxonomy":"product_brand","embeddable":true,"href":"https:\/\/stoic-curie.212-227-153-4.plesk.page\/de\/wp-json\/wp\/v2\/product_brand?post=3429161"},{"taxonomy":"product_cat","embeddable":true,"href":"https:\/\/stoic-curie.212-227-153-4.plesk.page\/de\/wp-json\/wp\/v2\/product_cat?post=3429161"},{"taxonomy":"product_tag","embeddable":true,"href":"https:\/\/stoic-curie.212-227-153-4.plesk.page\/de\/wp-json\/wp\/v2\/product_tag?post=3429161"}],"curies":[{"name":"wp","href":"https:\/\/api.w.org\/{rel}","templated":true}]}}