{"id":3429169,"date":"2025-10-09T22:55:41","date_gmt":"2025-10-10T02:55:41","guid":{"rendered":"https:\/\/stoic-curie.212-227-153-4.plesk.page\/product\/klemmhilfe-gelb-1-2-breit-packung-mit-20\/"},"modified":"2026-02-24T23:35:07","modified_gmt":"2026-02-24T23:35:07","slug":"klemmhilfe-gelb-1-2-breit-packung-mit-20","status":"publish","type":"product","link":"https:\/\/stoic-curie.212-227-153-4.plesk.page\/de\/product\/klemmhilfe-gelb-1-2-breit-packung-mit-20\/","title":{"rendered":"Klemmhilfe Gelb (1\/2&#8243; Breit \/ Packung mit 20)"},"content":{"rendered":"<p>Klemmhilfe Gelb (1\/2&#8243; Breit \/ Packung mit 20) &#8211; <\/p>\n<div class=\"col-24 col-md-15\">\n<p>Der Clamp-Aid wurde entwickelt, um zus\u00e4tzlichen Schutz beim Arbeiten im Maschinenraum zu bieten. Sie gleiten leicht \u00fcber das scharfe Clipende der Schlauchschellen und sch\u00fctzen Sie vor Schnittverletzungen. Diese Clamp Aid-Abdeckungen sind 1\/2&#8243; breit und verleihen zudem ein fertiges, professionelles Aussehen. Sie sind in verschiedenen Farben erh\u00e4ltlich, sodass Fl\u00fcssigkeitsleitungen zum einfachen Identifizieren und f\u00fcr die Sicherheit farbcodiert werden k\u00f6nnen. Sie eignen sich ideal f\u00fcr fast jede Anwendung, bei der Schlauchschellen verwendet werden.<\/p>\n<p>Clamp Aids k\u00f6nnen mit einer Schere f\u00fcr k\u00fcrzere B\u00e4nder gek\u00fcrzt werden. Sie bestehen aus starkem hochwertigen Kunststoff, der Temperaturen von 130\u00b0C (266\u00b0F) standhalten kann; durchschnittliche Marine- und Automotorenr\u00e4ume \u00fcberschreiten selten 88\u00b0C (190\u00b0F).<\/p>\n<p>Clamp-Aid &#8211; das &#8220;Must-Have&#8221; Zubeh\u00f6r f\u00fcr jede respektable Schlauchschelle!<\/p>\n<p>Farbe: Gelb. Verkaufseinheit: Packung mit 20.<\/p>\n<p>Hinweis: Schlauchschelle dient nur zu Illustrationszwecken. Nicht im Lieferumfang enthalten.<\/p>\n<\/div>\n<h3>Spezifikationen<\/h3>\n<table class=\"table\">\n<tbody>\n<tr>\n<td><strong>Anwendung<\/strong><\/td>\n<td>Dieselleitungen<\/td>\n<\/tr>\n<tr>\n<td><strong>Breite<\/strong><\/td>\n<td>1\/2&#8243; (13mm)<\/td>\n<\/tr>\n<tr>\n<td><strong>Marke<\/strong><\/td>\n<td>Clamp-Aid<\/td>\n<\/tr>\n<tr>\n<td><strong>Farbe<\/strong><\/td>\n<td>Gelb<\/td>\n<\/tr>\n<tr>\n<td><strong>Verkaufseinheit<\/strong><\/td>\n<td>Packung mit 20<\/td>\n<\/tr>\n<tr>\n<td><strong>Eignung<\/strong><\/td>\n<td>Standard Jubilee Clips<\/td>\n<\/tr>\n<\/tbody>\n<\/table>\n","protected":false},"excerpt":{"rendered":"<p>Klemmhilfe Gelb (1\/2&#8243; Breit \/ Packung mit 20) &#8211; Der Clamp-Aid wurde entwickelt, um zus\u00e4tzlichen Schutz beim Arbeiten im Maschinenraum<\/p>\n","protected":false},"featured_media":5944996,"comment_status":"closed","ping_status":"closed","template":"","meta":[],"product_brand":[3235],"product_cat":[1387],"product_tag":[],"class_list":{"0":"post-3429169","1":"product","2":"type-product","3":"status-publish","4":"has-post-thumbnail","6":"product_brand-osculati-de","7":"product_cat-marine-schlauchklammen","9":"first","10":"instock","11":"shipping-taxable","12":"purchasable","13":"product-type-simple"},"_links":{"self":[{"href":"https:\/\/stoic-curie.212-227-153-4.plesk.page\/de\/wp-json\/wp\/v2\/product\/3429169","targetHints":{"allow":["GET"]}}],"collection":[{"href":"https:\/\/stoic-curie.212-227-153-4.plesk.page\/de\/wp-json\/wp\/v2\/product"}],"about":[{"href":"https:\/\/stoic-curie.212-227-153-4.plesk.page\/de\/wp-json\/wp\/v2\/types\/product"}],"replies":[{"embeddable":true,"href":"https:\/\/stoic-curie.212-227-153-4.plesk.page\/de\/wp-json\/wp\/v2\/comments?post=3429169"}],"version-history":[{"count":0,"href":"https:\/\/stoic-curie.212-227-153-4.plesk.page\/de\/wp-json\/wp\/v2\/product\/3429169\/revisions"}],"wp:featuredmedia":[{"embeddable":true,"href":"https:\/\/stoic-curie.212-227-153-4.plesk.page\/de\/wp-json\/wp\/v2\/media\/5944996"}],"wp:attachment":[{"href":"https:\/\/stoic-curie.212-227-153-4.plesk.page\/de\/wp-json\/wp\/v2\/media?parent=3429169"}],"wp:term":[{"taxonomy":"product_brand","embeddable":true,"href":"https:\/\/stoic-curie.212-227-153-4.plesk.page\/de\/wp-json\/wp\/v2\/product_brand?post=3429169"},{"taxonomy":"product_cat","embeddable":true,"href":"https:\/\/stoic-curie.212-227-153-4.plesk.page\/de\/wp-json\/wp\/v2\/product_cat?post=3429169"},{"taxonomy":"product_tag","embeddable":true,"href":"https:\/\/stoic-curie.212-227-153-4.plesk.page\/de\/wp-json\/wp\/v2\/product_tag?post=3429169"}],"curies":[{"name":"wp","href":"https:\/\/api.w.org\/{rel}","templated":true}]}}