{"id":3429177,"date":"2025-10-09T22:55:42","date_gmt":"2025-10-10T02:55:42","guid":{"rendered":"https:\/\/stoic-curie.212-227-153-4.plesk.page\/product\/seaflow-layflat-wasserverteilerschlauch-25mm\/"},"modified":"2026-02-24T23:35:07","modified_gmt":"2026-02-24T23:35:07","slug":"seaflow-layflat-wasserverteilerschlauch-25mm","status":"publish","type":"product","link":"https:\/\/stoic-curie.212-227-153-4.plesk.page\/de\/product\/seaflow-layflat-wasserverteilerschlauch-25mm\/","title":{"rendered":"Seaflow Layflat Wasserverteilerschlauch 25mm"},"content":{"rendered":"<p>Seaflow Layflat Wasserverteilerschlauch 25mm &#8211; <\/p>\n<div class=\"col-24 col-md-15\">\n<p>Der Seaflow Layflat-Schlauch besteht aus dunkelblauem PVC-Kunststoff. Diese Art der Kunststoffkonstruktion macht den Layflat-Schlauch extrem flexibel und sehr robust, wodurch er \u00e4u\u00dferst widerstandsf\u00e4hig gegen Abriebsch\u00e4den und Alterserscheinungen ist. Die Innenseite des Schlauchs ist glatt, um die Reibung bei den Schlauchinhalt zu verringern.<\/p>\n<p>Dieser Seaflow Layflat-Schlauch ist in der Lage, Wasser oder andere Fl\u00fcssigkeiten mit niedrigem Druck und Schl\u00e4mme zu transportieren. Typische Anwendungen f\u00fcr diesen Schlauch k\u00f6nnen einen Wasserversorgungsschlauch f\u00fcr ein Deckreinigungssystem oder den Einsatz als Notfall-Lieferungsschlauch umfassen. Ein Hauptvorteil des Schlauchs besteht darin, dass er, wenn er nicht verwendet wird, flach aufgerollt werden kann, um Platz zu sparen und in kleinen Bereichen Platz zu finden. Wenn Wasser geliefert wird, \u00f6ffnet der Druck den Schlauch, um die erforderliche Aufgabe zu erf\u00fcllen.<\/p>\n<p>PVC-Layflat-Wasser\u00fcbertragungsschl\u00e4uche sind mit Innendurchmessern von 25 mm bis 50 mm erh\u00e4ltlich. Er wird aus einer 100 Meter langen Rolle geschnitten, sodass Bestellungen von mehr als dieser L\u00e4nge nicht als ein einzelner Schlauch geliefert werden. Vollrollen sind ebenfalls erh\u00e4ltlich.<\/p>\n<\/p><\/div>\n<h3>Technische Daten<\/h3>\n<table class=\"table\">\n<tbody>\n<tr>\n<td><strong>Temperaturbereich<\/strong><\/td>\n<td>-5\u00b0C bis +60\u00b0C<\/td>\n<\/tr>\n<tr>\n<td><strong>Arbeitsdruck<\/strong><\/td>\n<td>174 PSI (12 bar)<\/td>\n<\/tr>\n<tr>\n<td><strong>Marke<\/strong><\/td>\n<td>Seaflow<\/td>\n<\/tr>\n<tr>\n<td><strong>Verkaufseinheit<\/strong><\/td>\n<td>Pro Meter<\/td>\n<\/tr>\n<tr>\n<td><strong>Platzdruck<\/strong><\/td>\n<td>507,5 PSI (35 bar)<\/td>\n<\/tr>\n<tr>\n<td><strong>Konstruktion<\/strong><\/td>\n<td>Dunkelblauer PVC-Kunststoff<\/td>\n<\/tr>\n<tr>\n<td><strong>Durchmesser<\/strong><\/td>\n<td>25 mm (1&#8243;) ID, 29 mm OD<\/td>\n<\/tr>\n<\/tbody>\n<\/table>\n","protected":false},"excerpt":{"rendered":"<p>Seaflow Layflat Wasserverteilerschlauch 25mm &#8211; Der Seaflow Layflat-Schlauch besteht aus dunkelblauem PVC-Kunststoff. Diese Art der Kunststoffkonstruktion macht den Layflat-Schlauch extrem<\/p>\n","protected":false},"featured_media":5944997,"comment_status":"closed","ping_status":"closed","template":"","meta":[],"product_brand":[3355],"product_cat":[1368],"product_tag":[],"class_list":{"0":"post-3429177","1":"product","2":"type-product","3":"status-publish","4":"has-post-thumbnail","6":"product_brand-seaflow-de","7":"product_cat-wasserschlauch","9":"first","10":"instock","11":"shipping-taxable","12":"purchasable","13":"product-type-simple"},"_links":{"self":[{"href":"https:\/\/stoic-curie.212-227-153-4.plesk.page\/de\/wp-json\/wp\/v2\/product\/3429177","targetHints":{"allow":["GET"]}}],"collection":[{"href":"https:\/\/stoic-curie.212-227-153-4.plesk.page\/de\/wp-json\/wp\/v2\/product"}],"about":[{"href":"https:\/\/stoic-curie.212-227-153-4.plesk.page\/de\/wp-json\/wp\/v2\/types\/product"}],"replies":[{"embeddable":true,"href":"https:\/\/stoic-curie.212-227-153-4.plesk.page\/de\/wp-json\/wp\/v2\/comments?post=3429177"}],"version-history":[{"count":0,"href":"https:\/\/stoic-curie.212-227-153-4.plesk.page\/de\/wp-json\/wp\/v2\/product\/3429177\/revisions"}],"wp:featuredmedia":[{"embeddable":true,"href":"https:\/\/stoic-curie.212-227-153-4.plesk.page\/de\/wp-json\/wp\/v2\/media\/5944997"}],"wp:attachment":[{"href":"https:\/\/stoic-curie.212-227-153-4.plesk.page\/de\/wp-json\/wp\/v2\/media?parent=3429177"}],"wp:term":[{"taxonomy":"product_brand","embeddable":true,"href":"https:\/\/stoic-curie.212-227-153-4.plesk.page\/de\/wp-json\/wp\/v2\/product_brand?post=3429177"},{"taxonomy":"product_cat","embeddable":true,"href":"https:\/\/stoic-curie.212-227-153-4.plesk.page\/de\/wp-json\/wp\/v2\/product_cat?post=3429177"},{"taxonomy":"product_tag","embeddable":true,"href":"https:\/\/stoic-curie.212-227-153-4.plesk.page\/de\/wp-json\/wp\/v2\/product_tag?post=3429177"}],"curies":[{"name":"wp","href":"https:\/\/api.w.org\/{rel}","templated":true}]}}