{"id":3429187,"date":"2025-10-09T22:55:42","date_gmt":"2025-10-10T02:55:42","guid":{"rendered":"https:\/\/stoic-curie.212-227-153-4.plesk.page\/product\/seaflow-layflat-wasserverteilerschlauch-38mm\/"},"modified":"2026-02-24T23:35:07","modified_gmt":"2026-02-24T23:35:07","slug":"seaflow-layflat-wasserverteilerschlauch-38mm","status":"publish","type":"product","link":"https:\/\/stoic-curie.212-227-153-4.plesk.page\/de\/product\/seaflow-layflat-wasserverteilerschlauch-38mm\/","title":{"rendered":"Seaflow Layflat Wasserverteilerschlauch 38mm"},"content":{"rendered":"<p>Seaflow Layflat Wasserverteilerschlauch 38mm &#8211; <\/p>\n<div class=\"col-24 col-md-15\">\n<p>Der Seaflow Flachschlauch besteht aus dunkelblauem PVC-Kunststoff. Diese Art von Kunststoff macht den Flachschlauch extrem flexibel und sehr robust, wodurch er hochgradig abriebfest und wenig anf\u00e4llig f\u00fcr Alterserscheinungen ist. Die Innenseite des Schlauchs ist glatt, um den Reibungswiderstand auf den Schlauchinhalt zu verringern.<\/p>\n<p>Dieser Seaflow Flachschlauch ist in der Lage, Wasser oder andere Fl\u00fcssigkeiten mit niedrigem Druck sowie Schl\u00e4mme zu transportieren. Typische Anwendungen f\u00fcr diesen Schlauch umfassen einen Wasserversorgungsschlauch f\u00fcr ein Deckreinigungssystem oder die Verwendung als Notfalllieferungsschlauch. Ein wesentlicher Vorteil des Schlauchs ist, dass er im nicht verwendeten Zustand flach aufgerollt werden kann, um Platz zu sparen und in kleinen Bereichen zu passen. Wenn Wasser geliefert wird, \u00f6ffnet der Druck den Schlauch, um seine erforderliche Funktion zu erf\u00fcllen.<\/p>\n<p>Der PVC-Flachschlauch f\u00fcr den Wassertransfer ist mit Innendurchmessern von 25 mm bis 50 mm erh\u00e4ltlich. Er wird aus einer 100 Meter langen Rolle geschnitten, sodass Bestellungen \u00fcber diese L\u00e4nge nicht als ein einzelner Schlauch geliefert werden. Vollrollen sind ebenfalls zum Kauf verf\u00fcgbar.<\/p>\n<\/div>\n<h3>Spezifikationen<\/h3>\n<table class=\"table\">\n<tbody>\n<tr>\n<td><strong>Temperaturbereich<\/strong><\/td>\n<td>-5 \u00b0C bis +60 \u00b0C<\/td>\n<\/tr>\n<tr>\n<td><strong>Arbeitsdruck<\/strong><\/td>\n<td>145 PSI (10 bar)<\/td>\n<\/tr>\n<tr>\n<td><strong>Marke<\/strong><\/td>\n<td>Seaflow<\/td>\n<\/tr>\n<tr>\n<td><strong>Verkaufseinheit<\/strong><\/td>\n<td>Pro Meter<\/td>\n<\/tr>\n<tr>\n<td><strong>Platzdruck<\/strong><\/td>\n<td>362,5 psi (25 bar)<\/td>\n<\/tr>\n<tr>\n<td><strong>Bauweise<\/strong><\/td>\n<td>Dunkelblaues PVC<\/td>\n<\/tr>\n<tr>\n<td><strong>Durchmesser<\/strong><\/td>\n<td>38 mm (1-1\/2&#8243;) ID, 42 mm OD<\/td>\n<\/tr>\n<\/tbody>\n<\/table>\n","protected":false},"excerpt":{"rendered":"<p>Seaflow Layflat Wasserverteilerschlauch 38mm &#8211; Der Seaflow Flachschlauch besteht aus dunkelblauem PVC-Kunststoff. Diese Art von Kunststoff macht den Flachschlauch extrem<\/p>\n","protected":false},"featured_media":5944999,"comment_status":"closed","ping_status":"closed","template":"","meta":[],"product_brand":[3355],"product_cat":[1368],"product_tag":[],"class_list":{"0":"post-3429187","1":"product","2":"type-product","3":"status-publish","4":"has-post-thumbnail","6":"product_brand-seaflow-de","7":"product_cat-wasserschlauch","9":"first","10":"instock","11":"shipping-taxable","12":"purchasable","13":"product-type-simple"},"_links":{"self":[{"href":"https:\/\/stoic-curie.212-227-153-4.plesk.page\/de\/wp-json\/wp\/v2\/product\/3429187","targetHints":{"allow":["GET"]}}],"collection":[{"href":"https:\/\/stoic-curie.212-227-153-4.plesk.page\/de\/wp-json\/wp\/v2\/product"}],"about":[{"href":"https:\/\/stoic-curie.212-227-153-4.plesk.page\/de\/wp-json\/wp\/v2\/types\/product"}],"replies":[{"embeddable":true,"href":"https:\/\/stoic-curie.212-227-153-4.plesk.page\/de\/wp-json\/wp\/v2\/comments?post=3429187"}],"version-history":[{"count":0,"href":"https:\/\/stoic-curie.212-227-153-4.plesk.page\/de\/wp-json\/wp\/v2\/product\/3429187\/revisions"}],"wp:featuredmedia":[{"embeddable":true,"href":"https:\/\/stoic-curie.212-227-153-4.plesk.page\/de\/wp-json\/wp\/v2\/media\/5944999"}],"wp:attachment":[{"href":"https:\/\/stoic-curie.212-227-153-4.plesk.page\/de\/wp-json\/wp\/v2\/media?parent=3429187"}],"wp:term":[{"taxonomy":"product_brand","embeddable":true,"href":"https:\/\/stoic-curie.212-227-153-4.plesk.page\/de\/wp-json\/wp\/v2\/product_brand?post=3429187"},{"taxonomy":"product_cat","embeddable":true,"href":"https:\/\/stoic-curie.212-227-153-4.plesk.page\/de\/wp-json\/wp\/v2\/product_cat?post=3429187"},{"taxonomy":"product_tag","embeddable":true,"href":"https:\/\/stoic-curie.212-227-153-4.plesk.page\/de\/wp-json\/wp\/v2\/product_tag?post=3429187"}],"curies":[{"name":"wp","href":"https:\/\/api.w.org\/{rel}","templated":true}]}}