{"id":3429209,"date":"2025-10-09T22:55:43","date_gmt":"2025-10-10T02:55:43","guid":{"rendered":"https:\/\/stoic-curie.212-227-153-4.plesk.page\/product\/wassereinlassschlauch-seaflow-20mm\/"},"modified":"2026-02-24T23:35:07","modified_gmt":"2026-02-24T23:35:07","slug":"wassereinlassschlauch-seaflow-20mm","status":"publish","type":"product","link":"https:\/\/stoic-curie.212-227-153-4.plesk.page\/de\/product\/wassereinlassschlauch-seaflow-20mm\/","title":{"rendered":"Wassereinlassschlauch SeaFlow 20mm"},"content":{"rendered":"<p>Wassereinlassschlauch SeaFlow 20mm &#8211; <\/p>\n<div class=\"col-24 col-md-15\">\n<p>Der Seaflow-Schlauch besteht aus einem starken und flexiblen transparenten PVC und hat eine schockresistente verzinkte Stahlspirale im Inneren, die zur Verst\u00e4rkung des Schlauchs beitr\u00e4gt. Dieser Schlauch ist f\u00fcr marine Anwendungen geeignet und kann f\u00fcr die Saugleitung und Lieferung von Wasser verwendet werden. Aufgrund des ungiftigen PVCs kann er auch f\u00fcr Mineralwasser eingesetzt werden.<\/p>\n<p>Der Schlauch hat einen Innendurchmesser von 19 mm (andere Gr\u00f6\u00dfen sind erh\u00e4ltlich) und wird aus einer 30 Meter langen Rolle geschnitten, sodass Bestellungen \u00fcber diese L\u00e4nge nicht als ein einzelner Schlauch geliefert werden. <a href=\"clear-reinforced-water-intake-hose-412619-30\">Eine gesamte Rolle ist f\u00fcr diesen Schlauch erh\u00e4ltlich<\/a> und wird im Vergleich zum Meterpreis zu einem reduzierten Preis angeboten.<\/p>\n<\/div>\n<h3>Spezifikationen<\/h3>\n<table class=\"table\">\n<tbody>\n<tr>\n<td><strong>Zulassungen<\/strong><\/td>\n<td>Reg. EU 10\/2011 f\u00fcr Simulanz Typ a-b-c ISO 1309<\/td>\n<\/tr>\n<tr>\n<td><strong>Temperaturbereich<\/strong><\/td>\n<td>-5\u00b0C bis +60\u00b0C (+23\u00b0F bis +140\u00b0F)<\/td>\n<\/tr>\n<tr>\n<td><strong>Marke<\/strong><\/td>\n<td>Seaflow<\/td>\n<\/tr>\n<tr>\n<td><strong>Verkaufseinheit<\/strong><\/td>\n<td>Pro Meter<\/td>\n<\/tr>\n<tr>\n<td><strong>Biegeradius<\/strong><\/td>\n<td>50 mm<\/td>\n<\/tr>\n<tr>\n<td><strong>Platzdruck<\/strong><\/td>\n<td>72,5 psi (5 bar)<\/td>\n<\/tr>\n<tr>\n<td><strong>Aufbau<\/strong><\/td>\n<td>Verst\u00e4rktes PVC mit klarer Au\u00dfenfl\u00e4che und Stahlspirale.<\/td>\n<\/tr>\n<tr>\n<td><strong>Durchmesser<\/strong><\/td>\n<td>19 mm (3\/4&#8243;) ID, 26 mm OD<\/td>\n<\/tr>\n<tr>\n<td><strong>Vakuum<\/strong><\/td>\n<td>12 psi (0,85 bar)<\/td>\n<\/tr>\n<\/tbody>\n<\/table>\n","protected":false},"excerpt":{"rendered":"<p>Wassereinlassschlauch SeaFlow 20mm &#8211; Der Seaflow-Schlauch besteht aus einem starken und flexiblen transparenten PVC und hat eine schockresistente verzinkte Stahlspirale<\/p>\n","protected":false},"featured_media":5945002,"comment_status":"closed","ping_status":"closed","template":"","meta":[],"product_brand":[3355],"product_cat":[1368],"product_tag":[],"class_list":{"0":"post-3429209","1":"product","2":"type-product","3":"status-publish","4":"has-post-thumbnail","6":"product_brand-seaflow-de","7":"product_cat-wasserschlauch","9":"first","10":"instock","11":"shipping-taxable","12":"purchasable","13":"product-type-simple"},"_links":{"self":[{"href":"https:\/\/stoic-curie.212-227-153-4.plesk.page\/de\/wp-json\/wp\/v2\/product\/3429209","targetHints":{"allow":["GET"]}}],"collection":[{"href":"https:\/\/stoic-curie.212-227-153-4.plesk.page\/de\/wp-json\/wp\/v2\/product"}],"about":[{"href":"https:\/\/stoic-curie.212-227-153-4.plesk.page\/de\/wp-json\/wp\/v2\/types\/product"}],"replies":[{"embeddable":true,"href":"https:\/\/stoic-curie.212-227-153-4.plesk.page\/de\/wp-json\/wp\/v2\/comments?post=3429209"}],"version-history":[{"count":0,"href":"https:\/\/stoic-curie.212-227-153-4.plesk.page\/de\/wp-json\/wp\/v2\/product\/3429209\/revisions"}],"wp:featuredmedia":[{"embeddable":true,"href":"https:\/\/stoic-curie.212-227-153-4.plesk.page\/de\/wp-json\/wp\/v2\/media\/5945002"}],"wp:attachment":[{"href":"https:\/\/stoic-curie.212-227-153-4.plesk.page\/de\/wp-json\/wp\/v2\/media?parent=3429209"}],"wp:term":[{"taxonomy":"product_brand","embeddable":true,"href":"https:\/\/stoic-curie.212-227-153-4.plesk.page\/de\/wp-json\/wp\/v2\/product_brand?post=3429209"},{"taxonomy":"product_cat","embeddable":true,"href":"https:\/\/stoic-curie.212-227-153-4.plesk.page\/de\/wp-json\/wp\/v2\/product_cat?post=3429209"},{"taxonomy":"product_tag","embeddable":true,"href":"https:\/\/stoic-curie.212-227-153-4.plesk.page\/de\/wp-json\/wp\/v2\/product_tag?post=3429209"}],"curies":[{"name":"wp","href":"https:\/\/api.w.org\/{rel}","templated":true}]}}