{"id":3429234,"date":"2025-10-09T22:55:44","date_gmt":"2025-10-10T02:55:44","guid":{"rendered":"https:\/\/stoic-curie.212-227-153-4.plesk.page\/product\/wassereinlassschlauch-seaflow-50mm\/"},"modified":"2026-02-24T23:35:07","modified_gmt":"2026-02-24T23:35:07","slug":"wassereinlassschlauch-seaflow-50mm","status":"publish","type":"product","link":"https:\/\/stoic-curie.212-227-153-4.plesk.page\/de\/product\/wassereinlassschlauch-seaflow-50mm\/","title":{"rendered":"Wassereinlassschlauch SeaFlow 50mm"},"content":{"rendered":"<p>Wassereinlassschlauch SeaFlow 50mm &#8211; <\/p>\n<div class=\"col-24 col-md-15\">\n<p>Dieser Seaflow-Schlauch besteht aus einem starken und flexiblen transparenten PVC und hat eine schockresistente verzinkte Stahlspirale im PVC, die zur Verst\u00e4rkung des Schlauchs beitr\u00e4gt. Dieser Schlauch eignet sich f\u00fcr maritime Anwendungen und kann sowohl zur Saug- als auch zur Druckleitung von Wasser verwendet werden. Aufgrund des ungiftigen PVC kann er auch f\u00fcr Mineralwasser verwendet werden.<\/p>\n<p>Der Innendurchmesser dieses Schlauchs betr\u00e4gt 51 mm (andere Gr\u00f6\u00dfen sind verf\u00fcgbar), er wird aus einer 30 Meter Rolle zugeschnitten, sodass Bestellungen von mehr als dieser L\u00e4nge nicht als ein einzelner Schlauch geliefert werden. <a href=\"clear-reinforced-water-intake-hose-412651-30\">Eine gesamte Rolle ist f\u00fcr diesen Schlauch verf\u00fcgbar<\/a> und wird im Vergleich zu einem Preis pro Meter zu einem rabattierten Preis angeboten.<\/p>\n<\/div>\n<h3>Spezifikationen<\/h3>\n<table class=\"table\">\n<tbody>\n<tr>\n<td><strong>Genehmigungen<\/strong><\/td>\n<td>Reg. EU 10\/2011 f\u00fcr Simulanttyp a-b-c iso 1314<\/td>\n<\/tr>\n<tr>\n<td><strong>Temperaturbereich<\/strong><\/td>\n<td>-5\u00b0C bis +60\u00b0C (+23\u00b0F bis +140\u00b0F)<\/td>\n<\/tr>\n<tr>\n<td><strong>Marke<\/strong><\/td>\n<td>Seaflow<\/td>\n<\/tr>\n<tr>\n<td><strong>Verkaufseinheit<\/strong><\/td>\n<td>Pro Meter<\/td>\n<\/tr>\n<tr>\n<td><strong>Biegericht<\/strong><\/td>\n<td>125 mm<\/td>\n<\/tr>\n<tr>\n<td><strong>Platzdruck<\/strong><\/td>\n<td>43,5 psi (3 bar)<\/td>\n<\/tr>\n<tr>\n<td><strong>Konstruktion<\/strong><\/td>\n<td>Verst\u00e4rktes transparentes PVC mit Stahlspirale.<\/td>\n<\/tr>\n<tr>\n<td><strong>Durchmesser<\/strong><\/td>\n<td>51 mm (2&#8243;) ID, 61 mm OD<\/td>\n<\/tr>\n<tr>\n<td><strong>Vakuum<\/strong><\/td>\n<td>11 psi (0,80 bar)<\/td>\n<\/tr>\n<\/tbody>\n<\/table>\n","protected":false},"excerpt":{"rendered":"<p>Wassereinlassschlauch SeaFlow 50mm &#8211; Dieser Seaflow-Schlauch besteht aus einem starken und flexiblen transparenten PVC und hat eine schockresistente verzinkte Stahlspirale<\/p>\n","protected":false},"featured_media":5945006,"comment_status":"closed","ping_status":"closed","template":"","meta":[],"product_brand":[3355],"product_cat":[1368],"product_tag":[],"class_list":{"0":"post-3429234","1":"product","2":"type-product","3":"status-publish","4":"has-post-thumbnail","6":"product_brand-seaflow-de","7":"product_cat-wasserschlauch","9":"first","10":"instock","11":"shipping-taxable","12":"purchasable","13":"product-type-simple"},"_links":{"self":[{"href":"https:\/\/stoic-curie.212-227-153-4.plesk.page\/de\/wp-json\/wp\/v2\/product\/3429234","targetHints":{"allow":["GET"]}}],"collection":[{"href":"https:\/\/stoic-curie.212-227-153-4.plesk.page\/de\/wp-json\/wp\/v2\/product"}],"about":[{"href":"https:\/\/stoic-curie.212-227-153-4.plesk.page\/de\/wp-json\/wp\/v2\/types\/product"}],"replies":[{"embeddable":true,"href":"https:\/\/stoic-curie.212-227-153-4.plesk.page\/de\/wp-json\/wp\/v2\/comments?post=3429234"}],"version-history":[{"count":0,"href":"https:\/\/stoic-curie.212-227-153-4.plesk.page\/de\/wp-json\/wp\/v2\/product\/3429234\/revisions"}],"wp:featuredmedia":[{"embeddable":true,"href":"https:\/\/stoic-curie.212-227-153-4.plesk.page\/de\/wp-json\/wp\/v2\/media\/5945006"}],"wp:attachment":[{"href":"https:\/\/stoic-curie.212-227-153-4.plesk.page\/de\/wp-json\/wp\/v2\/media?parent=3429234"}],"wp:term":[{"taxonomy":"product_brand","embeddable":true,"href":"https:\/\/stoic-curie.212-227-153-4.plesk.page\/de\/wp-json\/wp\/v2\/product_brand?post=3429234"},{"taxonomy":"product_cat","embeddable":true,"href":"https:\/\/stoic-curie.212-227-153-4.plesk.page\/de\/wp-json\/wp\/v2\/product_cat?post=3429234"},{"taxonomy":"product_tag","embeddable":true,"href":"https:\/\/stoic-curie.212-227-153-4.plesk.page\/de\/wp-json\/wp\/v2\/product_tag?post=3429234"}],"curies":[{"name":"wp","href":"https:\/\/api.w.org\/{rel}","templated":true}]}}