{"id":3429263,"date":"2025-10-09T22:55:45","date_gmt":"2025-10-10T02:55:45","guid":{"rendered":"https:\/\/stoic-curie.212-227-153-4.plesk.page\/product\/heck-weisses-led-navigationslicht-kompakt-edelstahl-12v-24v\/"},"modified":"2026-02-24T23:35:07","modified_gmt":"2026-02-24T23:35:07","slug":"heck-weisses-led-navigationslicht-kompakt-edelstahl-12v-24v","status":"publish","type":"product","link":"https:\/\/stoic-curie.212-227-153-4.plesk.page\/de\/product\/heck-weisses-led-navigationslicht-kompakt-edelstahl-12v-24v\/","title":{"rendered":"Heck Wei\u00dfes LED-Navigationslicht (Kompakt \/ Edelstahl \/ 12V &#038; 24V)"},"content":{"rendered":"<p>Heck Wei\u00dfes LED-Navigationslicht (Kompakt \/ Edelstahl \/ 12V &#038; 24V) &#8211; Das Osaculati Hecknavigationslicht in Wei\u00df hat ein spiegelpoliertes Geh\u00e4use aus Edelstahl AISI 316 und ist f\u00fcr Schiffe unter 12 Metern L\u00e4nge geeignet, die mit 12 Volt oder 24 Volt elektrischen Systemen betrieben werden. Dieses kompakte Navigationslicht nutzt LED-Technologie, um einen 135\u00b0-Bogen aus hellem LED-Licht zu erzeugen, was energieeffizienter ist und eine l\u00e4ngere Lebensdauer als herk\u00f6mmliche Gl\u00fchlampen hat. F\u00fcr eine Ersatz-LED-Lampe 12V \/ 24V verwenden Sie bitte die Artikelnummer 731729. Das Navigationslicht hat 6,3 mm Flachsteckeranschl\u00fcsse.<\/p>\n","protected":false},"excerpt":{"rendered":"<p>Heck Wei\u00dfes LED-Navigationslicht (Kompakt \/ Edelstahl \/ 12V &#038; 24V) &#8211; Das Osaculati Hecknavigationslicht in Wei\u00df hat ein spiegelpoliertes Geh\u00e4use<\/p>\n","protected":false},"featured_media":5945009,"comment_status":"closed","ping_status":"closed","template":"","meta":[],"product_brand":[3490],"product_cat":[1449],"product_tag":[],"class_list":{"0":"post-3429263","1":"product","2":"type-product","3":"status-publish","4":"has-post-thumbnail","6":"product_brand-trem-de","7":"product_cat-led-navigationslichter","9":"first","10":"instock","11":"shipping-taxable","12":"purchasable","13":"product-type-simple"},"_links":{"self":[{"href":"https:\/\/stoic-curie.212-227-153-4.plesk.page\/de\/wp-json\/wp\/v2\/product\/3429263","targetHints":{"allow":["GET"]}}],"collection":[{"href":"https:\/\/stoic-curie.212-227-153-4.plesk.page\/de\/wp-json\/wp\/v2\/product"}],"about":[{"href":"https:\/\/stoic-curie.212-227-153-4.plesk.page\/de\/wp-json\/wp\/v2\/types\/product"}],"replies":[{"embeddable":true,"href":"https:\/\/stoic-curie.212-227-153-4.plesk.page\/de\/wp-json\/wp\/v2\/comments?post=3429263"}],"version-history":[{"count":0,"href":"https:\/\/stoic-curie.212-227-153-4.plesk.page\/de\/wp-json\/wp\/v2\/product\/3429263\/revisions"}],"wp:featuredmedia":[{"embeddable":true,"href":"https:\/\/stoic-curie.212-227-153-4.plesk.page\/de\/wp-json\/wp\/v2\/media\/5945009"}],"wp:attachment":[{"href":"https:\/\/stoic-curie.212-227-153-4.plesk.page\/de\/wp-json\/wp\/v2\/media?parent=3429263"}],"wp:term":[{"taxonomy":"product_brand","embeddable":true,"href":"https:\/\/stoic-curie.212-227-153-4.plesk.page\/de\/wp-json\/wp\/v2\/product_brand?post=3429263"},{"taxonomy":"product_cat","embeddable":true,"href":"https:\/\/stoic-curie.212-227-153-4.plesk.page\/de\/wp-json\/wp\/v2\/product_cat?post=3429263"},{"taxonomy":"product_tag","embeddable":true,"href":"https:\/\/stoic-curie.212-227-153-4.plesk.page\/de\/wp-json\/wp\/v2\/product_tag?post=3429263"}],"curies":[{"name":"wp","href":"https:\/\/api.w.org\/{rel}","templated":true}]}}