{"id":3429318,"date":"2025-10-09T22:55:47","date_gmt":"2025-10-10T02:55:47","guid":{"rendered":"https:\/\/stoic-curie.212-227-153-4.plesk.page\/product\/set-50-multicolor-kettenglied-markierungen-8-mm\/"},"modified":"2026-02-24T23:35:07","modified_gmt":"2026-02-24T23:35:07","slug":"set-50-multicolor-kettenglied-markierungen-8-mm","status":"publish","type":"product","link":"https:\/\/stoic-curie.212-227-153-4.plesk.page\/de\/product\/set-50-multicolor-kettenglied-markierungen-8-mm\/","title":{"rendered":"Set 50 Multicolor-Kettenglied-Markierungen 8 mm"},"content":{"rendered":"<p>Set 50 Multicolor-Kettenglied-Markierungen 8 mm &#8211; <\/p>\n<p>Sto\u00dffeste Polymerkettenmarker, die speziell f\u00fcr den maritimen Einsatz entwickelt wurden, um die verschiedenen L\u00e4ngen der Kette zu kennzeichnen. Einfache Montage mit einem Verbindungsystem: Einmal in das Glied eingesetzt, fallen sie nicht mehr heraus. Packung mit 50 St\u00fcck, 10 St\u00fcck in jeder der 5 Farben.<\/p>\n","protected":false},"excerpt":{"rendered":"<p>Set 50 Multicolor-Kettenglied-Markierungen 8 mm &#8211; Sto\u00dffeste Polymerkettenmarker, die speziell f\u00fcr den maritimen Einsatz entwickelt wurden, um die verschiedenen L\u00e4ngen<\/p>\n","protected":false},"featured_media":5945047,"comment_status":"closed","ping_status":"closed","template":"","meta":[],"product_brand":[3235],"product_cat":[1333,1332],"product_tag":[],"class_list":{"0":"post-3429318","1":"product","2":"type-product","3":"status-publish","4":"has-post-thumbnail","6":"product_brand-osculati-de","7":"product_cat-kalibrierte-edelstahlkette","8":"product_cat-kalibrierte-kette-verzinkt","10":"first","11":"instock","12":"shipping-taxable","13":"purchasable","14":"product-type-simple"},"_links":{"self":[{"href":"https:\/\/stoic-curie.212-227-153-4.plesk.page\/de\/wp-json\/wp\/v2\/product\/3429318","targetHints":{"allow":["GET"]}}],"collection":[{"href":"https:\/\/stoic-curie.212-227-153-4.plesk.page\/de\/wp-json\/wp\/v2\/product"}],"about":[{"href":"https:\/\/stoic-curie.212-227-153-4.plesk.page\/de\/wp-json\/wp\/v2\/types\/product"}],"replies":[{"embeddable":true,"href":"https:\/\/stoic-curie.212-227-153-4.plesk.page\/de\/wp-json\/wp\/v2\/comments?post=3429318"}],"version-history":[{"count":0,"href":"https:\/\/stoic-curie.212-227-153-4.plesk.page\/de\/wp-json\/wp\/v2\/product\/3429318\/revisions"}],"wp:featuredmedia":[{"embeddable":true,"href":"https:\/\/stoic-curie.212-227-153-4.plesk.page\/de\/wp-json\/wp\/v2\/media\/5945047"}],"wp:attachment":[{"href":"https:\/\/stoic-curie.212-227-153-4.plesk.page\/de\/wp-json\/wp\/v2\/media?parent=3429318"}],"wp:term":[{"taxonomy":"product_brand","embeddable":true,"href":"https:\/\/stoic-curie.212-227-153-4.plesk.page\/de\/wp-json\/wp\/v2\/product_brand?post=3429318"},{"taxonomy":"product_cat","embeddable":true,"href":"https:\/\/stoic-curie.212-227-153-4.plesk.page\/de\/wp-json\/wp\/v2\/product_cat?post=3429318"},{"taxonomy":"product_tag","embeddable":true,"href":"https:\/\/stoic-curie.212-227-153-4.plesk.page\/de\/wp-json\/wp\/v2\/product_tag?post=3429318"}],"curies":[{"name":"wp","href":"https:\/\/api.w.org\/{rel}","templated":true}]}}