{"id":3429430,"date":"2025-10-09T22:55:52","date_gmt":"2025-10-10T02:55:52","guid":{"rendered":"https:\/\/stoic-curie.212-227-153-4.plesk.page\/product\/orbitrade-19815-zinkpropellerschaftanode-fuer-volvo-penta-z-antriebe\/"},"modified":"2026-02-24T23:35:07","modified_gmt":"2026-02-24T23:35:07","slug":"orbitrade-19815-zinkpropellerschaftanode-fuer-volvo-penta-z-antriebe","status":"publish","type":"product","link":"https:\/\/stoic-curie.212-227-153-4.plesk.page\/de\/product\/orbitrade-19815-zinkpropellerschaftanode-fuer-volvo-penta-z-antriebe\/","title":{"rendered":"Orbitrade 19815 Zinkpropellerschaftanode f\u00fcr Volvo Penta Z-Antriebe"},"content":{"rendered":"<p>Orbitrade 19815 Zinkpropellerschaftanode f\u00fcr Volvo Penta Z-Antriebe &#8211; <\/p>\n<div class=\"col-24 col-md-15\">\n<p>Der Zinkanode von Orbitrade Marine wurde entwickelt, um die Volvo-Teilenummer 875815 zu ersetzen. Der Anode f\u00fcr den Motor wird inklusive Schrauben geliefert. Dieser Ringanode eignet sich zum Anbringen \u00fcber der Welle, um einen Schutz vor elektrolytischer Korrosion zu bieten. Sie ist geeignet f\u00fcr die folgenden Volvo Penta Sterndrive-Modelle:<\/p>\n<p>280, 280L, 280T, 280PT, 285A, 290, 290A, SP-A, SP-A\/MT, SPA1, SP-A2, SP-C, SP-C1.<\/p>\n<\/div>\n<h3>Technische Daten<\/h3>\n<table class=\"table\">\n<tbody>\n<tr>\n<td><strong>Marke<\/strong><\/td>\n<td>Orbitrade Marine<\/td>\n<\/tr>\n<tr>\n<td><strong>Bauart<\/strong><\/td>\n<td>Zink<\/td>\n<\/tr>\n<tr>\n<td><strong>Ersetzt<\/strong><\/td>\n<td>Volvo 875815<\/td>\n<\/tr>\n<tr>\n<td><strong>Stilbeschreibung<\/strong><\/td>\n<td>Propellerwellenanode<\/td>\n<\/tr>\n<tr>\n<td><strong>Eignung<\/strong><\/td>\n<td>Volvo Penta 280, 280L, 280T, 280PT, 285A, 290, 290A, SP-A, SP-A\/MT, SPA1, SP-A2, SP-C &#038; SP-C1<\/td>\n<\/tr>\n<\/tbody>\n<\/table>\n","protected":false},"excerpt":{"rendered":"<p>Orbitrade 19815 Zinkpropellerschaftanode f\u00fcr Volvo Penta Z-Antriebe &#8211; Der Zinkanode von Orbitrade Marine wurde entwickelt, um die Volvo-Teilenummer 875815 zu<\/p>\n","protected":false},"featured_media":5944975,"comment_status":"closed","ping_status":"closed","template":"","meta":[],"product_brand":[3225],"product_cat":[1542],"product_tag":[],"class_list":{"0":"post-3429430","1":"product","2":"type-product","3":"status-publish","4":"has-post-thumbnail","6":"product_brand-orbitrade-marine-de","7":"product_cat-marine-ersatzteile-fuer-volvo-penta","9":"first","10":"instock","11":"shipping-taxable","12":"purchasable","13":"product-type-simple"},"_links":{"self":[{"href":"https:\/\/stoic-curie.212-227-153-4.plesk.page\/de\/wp-json\/wp\/v2\/product\/3429430","targetHints":{"allow":["GET"]}}],"collection":[{"href":"https:\/\/stoic-curie.212-227-153-4.plesk.page\/de\/wp-json\/wp\/v2\/product"}],"about":[{"href":"https:\/\/stoic-curie.212-227-153-4.plesk.page\/de\/wp-json\/wp\/v2\/types\/product"}],"replies":[{"embeddable":true,"href":"https:\/\/stoic-curie.212-227-153-4.plesk.page\/de\/wp-json\/wp\/v2\/comments?post=3429430"}],"version-history":[{"count":0,"href":"https:\/\/stoic-curie.212-227-153-4.plesk.page\/de\/wp-json\/wp\/v2\/product\/3429430\/revisions"}],"wp:featuredmedia":[{"embeddable":true,"href":"https:\/\/stoic-curie.212-227-153-4.plesk.page\/de\/wp-json\/wp\/v2\/media\/5944975"}],"wp:attachment":[{"href":"https:\/\/stoic-curie.212-227-153-4.plesk.page\/de\/wp-json\/wp\/v2\/media?parent=3429430"}],"wp:term":[{"taxonomy":"product_brand","embeddable":true,"href":"https:\/\/stoic-curie.212-227-153-4.plesk.page\/de\/wp-json\/wp\/v2\/product_brand?post=3429430"},{"taxonomy":"product_cat","embeddable":true,"href":"https:\/\/stoic-curie.212-227-153-4.plesk.page\/de\/wp-json\/wp\/v2\/product_cat?post=3429430"},{"taxonomy":"product_tag","embeddable":true,"href":"https:\/\/stoic-curie.212-227-153-4.plesk.page\/de\/wp-json\/wp\/v2\/product_tag?post=3429430"}],"curies":[{"name":"wp","href":"https:\/\/api.w.org\/{rel}","templated":true}]}}