{"id":3429689,"date":"2025-10-09T22:56:02","date_gmt":"2025-10-10T02:56:02","guid":{"rendered":"https:\/\/stoic-curie.212-227-153-4.plesk.page\/product\/castro-f2-fender-blaukopf-620x220-mm\/"},"modified":"2026-02-24T23:35:08","modified_gmt":"2026-02-24T23:35:08","slug":"castro-f2-fender-blaukopf-620x220-mm","status":"publish","type":"product","link":"https:\/\/stoic-curie.212-227-153-4.plesk.page\/de\/product\/castro-f2-fender-blaukopf-620x220-mm\/","title":{"rendered":"Castro F2 Fender Blaukopf 620&#215;220 mm"},"content":{"rendered":"<p>Castro F2 Fender Blaukopf 620&#215;220 mm &#8211; <\/p>\n<p>Extrem robuste Fender mit zwei verst\u00e4rkten \u00d6sen. Verst\u00e4rkter Ringanschluss zwischen K\u00f6rper und Kopf. Hochwertiges Ventil f\u00fcr eine perfekte Abdichtung.<\/p>\n","protected":false},"excerpt":{"rendered":"<p>Castro F2 Fender Blaukopf 620&#215;220 mm &#8211; Extrem robuste Fender mit zwei verst\u00e4rkten \u00d6sen. Verst\u00e4rkter Ringanschluss zwischen K\u00f6rper und Kopf.<\/p>\n","protected":false},"featured_media":5945112,"comment_status":"closed","ping_status":"closed","template":"","meta":[],"product_brand":[3025],"product_cat":[1561],"product_tag":[],"class_list":{"0":"post-3429689","1":"product","2":"type-product","3":"status-publish","4":"has-post-thumbnail","6":"product_brand-ip-castro-de","7":"product_cat-fender","9":"first","10":"instock","11":"shipping-taxable","12":"purchasable","13":"product-type-simple"},"_links":{"self":[{"href":"https:\/\/stoic-curie.212-227-153-4.plesk.page\/de\/wp-json\/wp\/v2\/product\/3429689","targetHints":{"allow":["GET"]}}],"collection":[{"href":"https:\/\/stoic-curie.212-227-153-4.plesk.page\/de\/wp-json\/wp\/v2\/product"}],"about":[{"href":"https:\/\/stoic-curie.212-227-153-4.plesk.page\/de\/wp-json\/wp\/v2\/types\/product"}],"replies":[{"embeddable":true,"href":"https:\/\/stoic-curie.212-227-153-4.plesk.page\/de\/wp-json\/wp\/v2\/comments?post=3429689"}],"version-history":[{"count":0,"href":"https:\/\/stoic-curie.212-227-153-4.plesk.page\/de\/wp-json\/wp\/v2\/product\/3429689\/revisions"}],"wp:featuredmedia":[{"embeddable":true,"href":"https:\/\/stoic-curie.212-227-153-4.plesk.page\/de\/wp-json\/wp\/v2\/media\/5945112"}],"wp:attachment":[{"href":"https:\/\/stoic-curie.212-227-153-4.plesk.page\/de\/wp-json\/wp\/v2\/media?parent=3429689"}],"wp:term":[{"taxonomy":"product_brand","embeddable":true,"href":"https:\/\/stoic-curie.212-227-153-4.plesk.page\/de\/wp-json\/wp\/v2\/product_brand?post=3429689"},{"taxonomy":"product_cat","embeddable":true,"href":"https:\/\/stoic-curie.212-227-153-4.plesk.page\/de\/wp-json\/wp\/v2\/product_cat?post=3429689"},{"taxonomy":"product_tag","embeddable":true,"href":"https:\/\/stoic-curie.212-227-153-4.plesk.page\/de\/wp-json\/wp\/v2\/product_tag?post=3429689"}],"curies":[{"name":"wp","href":"https:\/\/api.w.org\/{rel}","templated":true}]}}