{"id":3429718,"date":"2025-10-09T22:56:04","date_gmt":"2025-10-10T02:56:04","guid":{"rendered":"https:\/\/stoic-curie.212-227-153-4.plesk.page\/product\/castro-g4-fender-weiss-590x165-mm\/"},"modified":"2026-02-24T23:35:08","modified_gmt":"2026-02-24T23:35:08","slug":"castro-g4-fender-weiss-590x165-mm","status":"publish","type":"product","link":"https:\/\/stoic-curie.212-227-153-4.plesk.page\/de\/product\/castro-g4-fender-weiss-590x165-mm\/","title":{"rendered":"Castro G4 Fender Wei\u00df 590&#215;165 mm"},"content":{"rendered":"<p>Castro G4 Fender Wei\u00df 590&#215;165 mm &#8211; <\/p>\n<p>Widerstandsf\u00e4hige und leichte G-Typ Fender mit verst\u00e4rkten \u00d6sen. Hochwertiges Ventil f\u00fcr eine perfekte Abdichtung.<\/p>\n","protected":false},"excerpt":{"rendered":"<p>Castro G4 Fender Wei\u00df 590&#215;165 mm &#8211; Widerstandsf\u00e4hige und leichte G-Typ Fender mit verst\u00e4rkten \u00d6sen. Hochwertiges Ventil f\u00fcr eine perfekte<\/p>\n","protected":false},"featured_media":5945120,"comment_status":"closed","ping_status":"closed","template":"","meta":[],"product_brand":[3025],"product_cat":[1561],"product_tag":[],"class_list":{"0":"post-3429718","1":"product","2":"type-product","3":"status-publish","4":"has-post-thumbnail","6":"product_brand-ip-castro-de","7":"product_cat-fender","9":"first","10":"instock","11":"shipping-taxable","12":"purchasable","13":"product-type-simple"},"_links":{"self":[{"href":"https:\/\/stoic-curie.212-227-153-4.plesk.page\/de\/wp-json\/wp\/v2\/product\/3429718","targetHints":{"allow":["GET"]}}],"collection":[{"href":"https:\/\/stoic-curie.212-227-153-4.plesk.page\/de\/wp-json\/wp\/v2\/product"}],"about":[{"href":"https:\/\/stoic-curie.212-227-153-4.plesk.page\/de\/wp-json\/wp\/v2\/types\/product"}],"replies":[{"embeddable":true,"href":"https:\/\/stoic-curie.212-227-153-4.plesk.page\/de\/wp-json\/wp\/v2\/comments?post=3429718"}],"version-history":[{"count":0,"href":"https:\/\/stoic-curie.212-227-153-4.plesk.page\/de\/wp-json\/wp\/v2\/product\/3429718\/revisions"}],"wp:featuredmedia":[{"embeddable":true,"href":"https:\/\/stoic-curie.212-227-153-4.plesk.page\/de\/wp-json\/wp\/v2\/media\/5945120"}],"wp:attachment":[{"href":"https:\/\/stoic-curie.212-227-153-4.plesk.page\/de\/wp-json\/wp\/v2\/media?parent=3429718"}],"wp:term":[{"taxonomy":"product_brand","embeddable":true,"href":"https:\/\/stoic-curie.212-227-153-4.plesk.page\/de\/wp-json\/wp\/v2\/product_brand?post=3429718"},{"taxonomy":"product_cat","embeddable":true,"href":"https:\/\/stoic-curie.212-227-153-4.plesk.page\/de\/wp-json\/wp\/v2\/product_cat?post=3429718"},{"taxonomy":"product_tag","embeddable":true,"href":"https:\/\/stoic-curie.212-227-153-4.plesk.page\/de\/wp-json\/wp\/v2\/product_tag?post=3429718"}],"curies":[{"name":"wp","href":"https:\/\/api.w.org\/{rel}","templated":true}]}}