{"id":3429801,"date":"2025-10-09T22:56:07","date_gmt":"2025-10-10T02:56:07","guid":{"rendered":"https:\/\/stoic-curie.212-227-153-4.plesk.page\/product\/mega-fender-huellen-760x230mm-schwarz\/"},"modified":"2026-02-24T23:35:08","modified_gmt":"2026-02-24T23:35:08","slug":"mega-fender-huellen-760x230mm-schwarz","status":"publish","type":"product","link":"https:\/\/stoic-curie.212-227-153-4.plesk.page\/de\/product\/mega-fender-huellen-760x230mm-schwarz\/","title":{"rendered":"Mega Fender H\u00fcllen 760x230mm Schwarz"},"content":{"rendered":"<p>Mega Fender H\u00fcllen 760x230mm Schwarz &#8211; <\/p>\n<p>Haltbare Doppel-Lagen-Fleece-Stoffh\u00fcllen f\u00fcr Mega Fender Fender. Sch\u00fctzen Sie Mega Fenders und vermeiden Sie Abnutzungserscheinungen, Schrammen und Quietschen. Weich und robust, sie hinterlassen keine Flecken an den Seiten und halten l\u00e4nger.<\/p>\n","protected":false},"excerpt":{"rendered":"<p>Mega Fender H\u00fcllen 760x230mm Schwarz &#8211; Haltbare Doppel-Lagen-Fleece-Stoffh\u00fcllen f\u00fcr Mega Fender Fender. Sch\u00fctzen Sie Mega Fenders und vermeiden Sie Abnutzungserscheinungen,<\/p>\n","protected":false},"featured_media":5945136,"comment_status":"closed","ping_status":"closed","template":"","meta":[],"product_brand":[2935],"product_cat":[1564],"product_tag":[],"class_list":{"0":"post-3429801","1":"product","2":"type-product","3":"status-publish","4":"has-post-thumbnail","6":"product_brand-fendress-de","7":"product_cat-fenderhuellen","9":"first","10":"instock","11":"shipping-taxable","12":"purchasable","13":"product-type-simple"},"_links":{"self":[{"href":"https:\/\/stoic-curie.212-227-153-4.plesk.page\/de\/wp-json\/wp\/v2\/product\/3429801","targetHints":{"allow":["GET"]}}],"collection":[{"href":"https:\/\/stoic-curie.212-227-153-4.plesk.page\/de\/wp-json\/wp\/v2\/product"}],"about":[{"href":"https:\/\/stoic-curie.212-227-153-4.plesk.page\/de\/wp-json\/wp\/v2\/types\/product"}],"replies":[{"embeddable":true,"href":"https:\/\/stoic-curie.212-227-153-4.plesk.page\/de\/wp-json\/wp\/v2\/comments?post=3429801"}],"version-history":[{"count":0,"href":"https:\/\/stoic-curie.212-227-153-4.plesk.page\/de\/wp-json\/wp\/v2\/product\/3429801\/revisions"}],"wp:featuredmedia":[{"embeddable":true,"href":"https:\/\/stoic-curie.212-227-153-4.plesk.page\/de\/wp-json\/wp\/v2\/media\/5945136"}],"wp:attachment":[{"href":"https:\/\/stoic-curie.212-227-153-4.plesk.page\/de\/wp-json\/wp\/v2\/media?parent=3429801"}],"wp:term":[{"taxonomy":"product_brand","embeddable":true,"href":"https:\/\/stoic-curie.212-227-153-4.plesk.page\/de\/wp-json\/wp\/v2\/product_brand?post=3429801"},{"taxonomy":"product_cat","embeddable":true,"href":"https:\/\/stoic-curie.212-227-153-4.plesk.page\/de\/wp-json\/wp\/v2\/product_cat?post=3429801"},{"taxonomy":"product_tag","embeddable":true,"href":"https:\/\/stoic-curie.212-227-153-4.plesk.page\/de\/wp-json\/wp\/v2\/product_tag?post=3429801"}],"curies":[{"name":"wp","href":"https:\/\/api.w.org\/{rel}","templated":true}]}}