{"id":3429873,"date":"2025-10-09T22:56:10","date_gmt":"2025-10-10T02:56:10","guid":{"rendered":"https:\/\/stoic-curie.212-227-153-4.plesk.page\/product\/basis-fuer-tessilmare-radial-30\/"},"modified":"2026-02-24T23:35:09","modified_gmt":"2026-02-24T23:35:09","slug":"basis-fuer-tessilmare-radial-30","status":"publish","type":"product","link":"https:\/\/stoic-curie.212-227-153-4.plesk.page\/de\/product\/basis-fuer-tessilmare-radial-30\/","title":{"rendered":"Basis f\u00fcr Tessilmare Radial 30"},"content":{"rendered":"<p>Basis f\u00fcr Tessilmare Radial 30 &#8211; <\/p>\n<p style=\"color: rgb(34, 34, 34); font-family: Arial, Helvetica, sans-serif; font-size: small;\">Die Tessilmare Radial-Rigid-St\u00fctzstangen sind in einer praktischen L\u00e4nge von 2 Metern erh\u00e4ltlich. Diese robusten Stangen k\u00f6nnen einfach mit Schrauben oder Nieten an Ihrem Boot befestigt werden, sodass keine speziellen Werkzeuge erforderlich sind. Das Tessilmare Fender-Profil verbessert nicht nur die \u00e4sthetische Anziehungskraft Ihres Bootes, sondern steigert auch dessen Funktionalit\u00e4t. Mit innovativen patentierten Designs kombiniert Tessilmare erfolgreich hohe Schlagfestigkeit mit Eleganz und Kosteneffizienz und bietet eine moderne Interpretation traditioneller Rub Rails. Die Radial-Fender-Profile sind eine schlanke und optisch ansprechende Option, die frei von sichtbaren Fugen oder scharfen Kanten ist, was zu einem saubereren und attraktiveren Finish im Vergleich zu Standard-Mehrteil-Rub Rails f\u00fchrt.<\/p>\n<p style=\"color: rgb(34, 34, 34); font-family: Arial, Helvetica, sans-serif; font-size: small;\">Speziell f\u00fcr die marine Industrie entwickelt, kann die Tessilmare Radial in nur wenigen Minuten montiert werden. Der Installationsprozess ist unkompliziert: Man muss lediglich die Stangenabschnitte an den Rumpf des Bootes anbringen und die \u00e4u\u00dfere Abdeckung \u00fcber die Basis sichern, um ein nahtloses Erscheinungsbild zu erreichen.<\/p>\n","protected":false},"excerpt":{"rendered":"<p>Basis f\u00fcr Tessilmare Radial 30 &#8211; Die Tessilmare Radial-Rigid-St\u00fctzstangen sind in einer praktischen L\u00e4nge von 2 Metern erh\u00e4ltlich. Diese robusten<\/p>\n","protected":false},"featured_media":5945168,"comment_status":"closed","ping_status":"closed","template":"","meta":[],"product_brand":[3480],"product_cat":[1565],"product_tag":[],"class_list":{"0":"post-3429873","1":"product","2":"type-product","3":"status-publish","4":"has-post-thumbnail","6":"product_brand-tessilmare-de","7":"product_cat-fender-profile","9":"first","10":"instock","11":"shipping-taxable","12":"purchasable","13":"product-type-simple"},"_links":{"self":[{"href":"https:\/\/stoic-curie.212-227-153-4.plesk.page\/de\/wp-json\/wp\/v2\/product\/3429873","targetHints":{"allow":["GET"]}}],"collection":[{"href":"https:\/\/stoic-curie.212-227-153-4.plesk.page\/de\/wp-json\/wp\/v2\/product"}],"about":[{"href":"https:\/\/stoic-curie.212-227-153-4.plesk.page\/de\/wp-json\/wp\/v2\/types\/product"}],"replies":[{"embeddable":true,"href":"https:\/\/stoic-curie.212-227-153-4.plesk.page\/de\/wp-json\/wp\/v2\/comments?post=3429873"}],"version-history":[{"count":0,"href":"https:\/\/stoic-curie.212-227-153-4.plesk.page\/de\/wp-json\/wp\/v2\/product\/3429873\/revisions"}],"wp:featuredmedia":[{"embeddable":true,"href":"https:\/\/stoic-curie.212-227-153-4.plesk.page\/de\/wp-json\/wp\/v2\/media\/5945168"}],"wp:attachment":[{"href":"https:\/\/stoic-curie.212-227-153-4.plesk.page\/de\/wp-json\/wp\/v2\/media?parent=3429873"}],"wp:term":[{"taxonomy":"product_brand","embeddable":true,"href":"https:\/\/stoic-curie.212-227-153-4.plesk.page\/de\/wp-json\/wp\/v2\/product_brand?post=3429873"},{"taxonomy":"product_cat","embeddable":true,"href":"https:\/\/stoic-curie.212-227-153-4.plesk.page\/de\/wp-json\/wp\/v2\/product_cat?post=3429873"},{"taxonomy":"product_tag","embeddable":true,"href":"https:\/\/stoic-curie.212-227-153-4.plesk.page\/de\/wp-json\/wp\/v2\/product_tag?post=3429873"}],"curies":[{"name":"wp","href":"https:\/\/api.w.org\/{rel}","templated":true}]}}