{"id":3429886,"date":"2025-10-09T22:56:10","date_gmt":"2025-10-10T02:56:10","guid":{"rendered":"https:\/\/stoic-curie.212-227-153-4.plesk.page\/product\/basis-fuer-tessilmare-radial-40\/"},"modified":"2026-02-24T23:35:09","modified_gmt":"2026-02-24T23:35:09","slug":"basis-fuer-tessilmare-radial-40","status":"publish","type":"product","link":"https:\/\/stoic-curie.212-227-153-4.plesk.page\/de\/product\/basis-fuer-tessilmare-radial-40\/","title":{"rendered":"Basis f\u00fcr Tessilmare Radial 40"},"content":{"rendered":"<p>Basis f\u00fcr Tessilmare Radial 40 &#8211; <\/p>\n<p style=\"color: rgb(34, 34, 34); font-family: Arial, Helvetica, sans-serif; font-size: small;\">Die Radial-St\u00fctzleisten von Tessilmare sind in einer praktischen L\u00e4nge von 2 Metern erh\u00e4ltlich. Diese robusten Leisten k\u00f6nnen m\u00fchelos mit Schrauben oder Nieten an Ihrem Boot befestigt werden, wodurch spezialisierte Werkzeuge \u00fcberfl\u00fcssig werden. Das Fenderprofil von Tessilmare hebt nicht nur die \u00c4sthetik Ihres Fahrzeugs hervor, sondern verbessert auch dessen Funktionalit\u00e4t. Mit innovativen, patentierten Designs vereint Tessilmare hohe Schlagfestigkeit mit Stil und Kostenbewusstsein und bietet eine moderne Interpretation traditioneller Rub Rails. Die Radial-Fenderprofile stellen eine schlanke und visuell ansprechende Option dar, die keine sichtbaren Fugen oder scharfen Kanten aufweist, was zu einem saubereren und attraktiveren Finish im Vergleich zu herk\u00f6mmlichen mehrteiligen Rub Rails f\u00fchrt.<\/p>\n<p style=\"color: rgb(34, 34, 34); font-family: Arial, Helvetica, sans-serif; font-size: small;\">Exklusiv f\u00fcr den maritimen Sektor entwickelt, kann das Tessilmare Radial in nur wenigen Minuten zusammengestellt werden. Der Installationsprozess ist unkompliziert: Befestigen Sie einfach die Balkensegmente am Rumpf des Bootes und sichern Sie die \u00e4u\u00dfere Abdeckung \u00fcber dem Sockel f\u00fcr ein nahtloses Aussehen.<\/p>\n","protected":false},"excerpt":{"rendered":"<p>Basis f\u00fcr Tessilmare Radial 40 &#8211; Die Radial-St\u00fctzleisten von Tessilmare sind in einer praktischen L\u00e4nge von 2 Metern erh\u00e4ltlich. Diese<\/p>\n","protected":false},"featured_media":5945168,"comment_status":"closed","ping_status":"closed","template":"","meta":[],"product_brand":[3480],"product_cat":[1565],"product_tag":[],"class_list":{"0":"post-3429886","1":"product","2":"type-product","3":"status-publish","4":"has-post-thumbnail","6":"product_brand-tessilmare-de","7":"product_cat-fender-profile","9":"first","10":"instock","11":"shipping-taxable","12":"purchasable","13":"product-type-simple"},"_links":{"self":[{"href":"https:\/\/stoic-curie.212-227-153-4.plesk.page\/de\/wp-json\/wp\/v2\/product\/3429886","targetHints":{"allow":["GET"]}}],"collection":[{"href":"https:\/\/stoic-curie.212-227-153-4.plesk.page\/de\/wp-json\/wp\/v2\/product"}],"about":[{"href":"https:\/\/stoic-curie.212-227-153-4.plesk.page\/de\/wp-json\/wp\/v2\/types\/product"}],"replies":[{"embeddable":true,"href":"https:\/\/stoic-curie.212-227-153-4.plesk.page\/de\/wp-json\/wp\/v2\/comments?post=3429886"}],"version-history":[{"count":0,"href":"https:\/\/stoic-curie.212-227-153-4.plesk.page\/de\/wp-json\/wp\/v2\/product\/3429886\/revisions"}],"wp:featuredmedia":[{"embeddable":true,"href":"https:\/\/stoic-curie.212-227-153-4.plesk.page\/de\/wp-json\/wp\/v2\/media\/5945168"}],"wp:attachment":[{"href":"https:\/\/stoic-curie.212-227-153-4.plesk.page\/de\/wp-json\/wp\/v2\/media?parent=3429886"}],"wp:term":[{"taxonomy":"product_brand","embeddable":true,"href":"https:\/\/stoic-curie.212-227-153-4.plesk.page\/de\/wp-json\/wp\/v2\/product_brand?post=3429886"},{"taxonomy":"product_cat","embeddable":true,"href":"https:\/\/stoic-curie.212-227-153-4.plesk.page\/de\/wp-json\/wp\/v2\/product_cat?post=3429886"},{"taxonomy":"product_tag","embeddable":true,"href":"https:\/\/stoic-curie.212-227-153-4.plesk.page\/de\/wp-json\/wp\/v2\/product_tag?post=3429886"}],"curies":[{"name":"wp","href":"https:\/\/api.w.org\/{rel}","templated":true}]}}