{"id":3430596,"date":"2025-10-09T22:56:39","date_gmt":"2025-10-10T02:56:39","guid":{"rendered":"https:\/\/stoic-curie.212-227-153-4.plesk.page\/product\/packung-breite-unterlegscheiben-a4-din-9021-8x24mm-10-stueck\/"},"modified":"2026-02-24T23:35:09","modified_gmt":"2026-02-24T23:35:09","slug":"packung-breite-unterlegscheiben-a4-din-9021-8x24mm-10-stueck","status":"publish","type":"product","link":"https:\/\/stoic-curie.212-227-153-4.plesk.page\/de\/product\/packung-breite-unterlegscheiben-a4-din-9021-8x24mm-10-stueck\/","title":{"rendered":"Packung Breite Unterlegscheiben A4 DIN 9021 8x24mm 10 St\u00fcck"},"content":{"rendered":"<p>Packung Breite Unterlegscheiben A4 DIN 9021 8x24mm 10 St\u00fcck &#8211; <\/p>\n<p>Edelstahl DIN 9021 A4 Fender-Unterlegscheiben, die dreimal gr\u00f6\u00dfer sind als das Loch. In praktischen und eleganten Blisterverpackungen.<\/p>\n","protected":false},"excerpt":{"rendered":"<p>Packung Breite Unterlegscheiben A4 DIN 9021 8x24mm 10 St\u00fcck &#8211; Edelstahl DIN 9021 A4 Fender-Unterlegscheiben, die dreimal gr\u00f6\u00dfer sind als<\/p>\n","protected":false},"featured_media":5945203,"comment_status":"closed","ping_status":"closed","template":"","meta":[],"product_brand":[3120],"product_cat":[1430],"product_tag":[],"class_list":{"0":"post-3430596","1":"product","2":"type-product","3":"status-publish","4":"has-post-thumbnail","6":"product_brand-marinetech-de","7":"product_cat-edelstahl-unterlegscheiben","9":"first","10":"instock","11":"shipping-taxable","12":"purchasable","13":"product-type-simple"},"_links":{"self":[{"href":"https:\/\/stoic-curie.212-227-153-4.plesk.page\/de\/wp-json\/wp\/v2\/product\/3430596","targetHints":{"allow":["GET"]}}],"collection":[{"href":"https:\/\/stoic-curie.212-227-153-4.plesk.page\/de\/wp-json\/wp\/v2\/product"}],"about":[{"href":"https:\/\/stoic-curie.212-227-153-4.plesk.page\/de\/wp-json\/wp\/v2\/types\/product"}],"replies":[{"embeddable":true,"href":"https:\/\/stoic-curie.212-227-153-4.plesk.page\/de\/wp-json\/wp\/v2\/comments?post=3430596"}],"version-history":[{"count":0,"href":"https:\/\/stoic-curie.212-227-153-4.plesk.page\/de\/wp-json\/wp\/v2\/product\/3430596\/revisions"}],"wp:featuredmedia":[{"embeddable":true,"href":"https:\/\/stoic-curie.212-227-153-4.plesk.page\/de\/wp-json\/wp\/v2\/media\/5945203"}],"wp:attachment":[{"href":"https:\/\/stoic-curie.212-227-153-4.plesk.page\/de\/wp-json\/wp\/v2\/media?parent=3430596"}],"wp:term":[{"taxonomy":"product_brand","embeddable":true,"href":"https:\/\/stoic-curie.212-227-153-4.plesk.page\/de\/wp-json\/wp\/v2\/product_brand?post=3430596"},{"taxonomy":"product_cat","embeddable":true,"href":"https:\/\/stoic-curie.212-227-153-4.plesk.page\/de\/wp-json\/wp\/v2\/product_cat?post=3430596"},{"taxonomy":"product_tag","embeddable":true,"href":"https:\/\/stoic-curie.212-227-153-4.plesk.page\/de\/wp-json\/wp\/v2\/product_tag?post=3430596"}],"curies":[{"name":"wp","href":"https:\/\/api.w.org\/{rel}","templated":true}]}}