{"id":3431394,"date":"2025-10-09T22:57:12","date_gmt":"2025-10-10T02:57:12","guid":{"rendered":"https:\/\/stoic-curie.212-227-153-4.plesk.page\/product\/weisses-netz-fuer-sicherheitshalteseil-h600mm\/"},"modified":"2026-02-24T23:35:10","modified_gmt":"2026-02-24T23:35:10","slug":"weisses-netz-fuer-sicherheitshalteseil-h600mm","status":"publish","type":"product","link":"https:\/\/stoic-curie.212-227-153-4.plesk.page\/de\/product\/weisses-netz-fuer-sicherheitshalteseil-h600mm\/","title":{"rendered":"Wei\u00dfes Netz f\u00fcr Sicherheitshalteseil H600mm"},"content":{"rendered":"<p>Wei\u00dfes Netz f\u00fcr Sicherheitshalteseil H600mm &#8211; <\/p>\n<p>100 % Polyester-Leiternetz. H600 mm mit 5&#215;5 cm Maschen. Diamant-schwei\u00dfen ist die g\u00fcnstigste Methode, quadratische Knotentechnik die sicherste.<\/p>\n","protected":false},"excerpt":{"rendered":"<p>Wei\u00dfes Netz f\u00fcr Sicherheitshalteseil H600mm &#8211; 100 % Polyester-Leiternetz. H600 mm mit 5&#215;5 cm Maschen. Diamant-schwei\u00dfen ist die g\u00fcnstigste Methode,<\/p>\n","protected":false},"featured_media":5945263,"comment_status":"closed","ping_status":"closed","template":"","meta":[],"product_brand":[3490],"product_cat":[1318,1471,1484],"product_tag":[],"class_list":{"0":"post-3431394","1":"product","2":"type-product","3":"status-publish","4":"has-post-thumbnail","6":"product_brand-trem-de","7":"product_cat-sicherheitszubehoer","8":"product_cat-stuetzen","9":"product_cat-zubehoer-fuer-segelboote","11":"first","12":"instock","13":"shipping-taxable","14":"purchasable","15":"product-type-simple"},"_links":{"self":[{"href":"https:\/\/stoic-curie.212-227-153-4.plesk.page\/de\/wp-json\/wp\/v2\/product\/3431394","targetHints":{"allow":["GET"]}}],"collection":[{"href":"https:\/\/stoic-curie.212-227-153-4.plesk.page\/de\/wp-json\/wp\/v2\/product"}],"about":[{"href":"https:\/\/stoic-curie.212-227-153-4.plesk.page\/de\/wp-json\/wp\/v2\/types\/product"}],"replies":[{"embeddable":true,"href":"https:\/\/stoic-curie.212-227-153-4.plesk.page\/de\/wp-json\/wp\/v2\/comments?post=3431394"}],"version-history":[{"count":0,"href":"https:\/\/stoic-curie.212-227-153-4.plesk.page\/de\/wp-json\/wp\/v2\/product\/3431394\/revisions"}],"wp:featuredmedia":[{"embeddable":true,"href":"https:\/\/stoic-curie.212-227-153-4.plesk.page\/de\/wp-json\/wp\/v2\/media\/5945263"}],"wp:attachment":[{"href":"https:\/\/stoic-curie.212-227-153-4.plesk.page\/de\/wp-json\/wp\/v2\/media?parent=3431394"}],"wp:term":[{"taxonomy":"product_brand","embeddable":true,"href":"https:\/\/stoic-curie.212-227-153-4.plesk.page\/de\/wp-json\/wp\/v2\/product_brand?post=3431394"},{"taxonomy":"product_cat","embeddable":true,"href":"https:\/\/stoic-curie.212-227-153-4.plesk.page\/de\/wp-json\/wp\/v2\/product_cat?post=3431394"},{"taxonomy":"product_tag","embeddable":true,"href":"https:\/\/stoic-curie.212-227-153-4.plesk.page\/de\/wp-json\/wp\/v2\/product_tag?post=3431394"}],"curies":[{"name":"wp","href":"https:\/\/api.w.org\/{rel}","templated":true}]}}