{"id":3431475,"date":"2025-10-09T22:57:16","date_gmt":"2025-10-10T02:57:16","guid":{"rendered":"https:\/\/stoic-curie.212-227-153-4.plesk.page\/product\/rutenhalter-h240mm-o40mm-schwarz-buendig-montiert\/"},"modified":"2026-02-24T23:35:10","modified_gmt":"2026-02-24T23:35:10","slug":"rutenhalter-h240mm-o40mm-schwarz-buendig-montiert","status":"publish","type":"product","link":"https:\/\/stoic-curie.212-227-153-4.plesk.page\/de\/product\/rutenhalter-h240mm-o40mm-schwarz-buendig-montiert\/","title":{"rendered":"Rutenhalter H240mm \u00f840mm Schwarz, b\u00fcndig montiert"},"content":{"rendered":"<p>Rutenhalter H240mm \u00f840mm Schwarz, b\u00fcndig montiert &#8211; <\/p>\n<p>Polierter Rahmen aus 316 Edelstahl mit fl\u00e4chenb\u00fcndigem Kunststoffk\u00f6rper f\u00fcr die Rutenhalterung.<\/p>\n","protected":false},"excerpt":{"rendered":"<p>Rutenhalter H240mm \u00f840mm Schwarz, b\u00fcndig montiert &#8211; Polierter Rahmen aus 316 Edelstahl mit fl\u00e4chenb\u00fcndigem Kunststoffk\u00f6rper f\u00fcr die Rutenhalterung.<\/p>\n","protected":false},"featured_media":5945274,"comment_status":"closed","ping_status":"closed","template":"","meta":[],"product_brand":[3490],"product_cat":[1393],"product_tag":[],"class_list":{"0":"post-3431475","1":"product","2":"type-product","3":"status-publish","4":"has-post-thumbnail","6":"product_brand-trem-de","7":"product_cat-angelrutenhalter","9":"first","10":"instock","11":"shipping-taxable","12":"purchasable","13":"product-type-simple"},"_links":{"self":[{"href":"https:\/\/stoic-curie.212-227-153-4.plesk.page\/de\/wp-json\/wp\/v2\/product\/3431475","targetHints":{"allow":["GET"]}}],"collection":[{"href":"https:\/\/stoic-curie.212-227-153-4.plesk.page\/de\/wp-json\/wp\/v2\/product"}],"about":[{"href":"https:\/\/stoic-curie.212-227-153-4.plesk.page\/de\/wp-json\/wp\/v2\/types\/product"}],"replies":[{"embeddable":true,"href":"https:\/\/stoic-curie.212-227-153-4.plesk.page\/de\/wp-json\/wp\/v2\/comments?post=3431475"}],"version-history":[{"count":0,"href":"https:\/\/stoic-curie.212-227-153-4.plesk.page\/de\/wp-json\/wp\/v2\/product\/3431475\/revisions"}],"wp:featuredmedia":[{"embeddable":true,"href":"https:\/\/stoic-curie.212-227-153-4.plesk.page\/de\/wp-json\/wp\/v2\/media\/5945274"}],"wp:attachment":[{"href":"https:\/\/stoic-curie.212-227-153-4.plesk.page\/de\/wp-json\/wp\/v2\/media?parent=3431475"}],"wp:term":[{"taxonomy":"product_brand","embeddable":true,"href":"https:\/\/stoic-curie.212-227-153-4.plesk.page\/de\/wp-json\/wp\/v2\/product_brand?post=3431475"},{"taxonomy":"product_cat","embeddable":true,"href":"https:\/\/stoic-curie.212-227-153-4.plesk.page\/de\/wp-json\/wp\/v2\/product_cat?post=3431475"},{"taxonomy":"product_tag","embeddable":true,"href":"https:\/\/stoic-curie.212-227-153-4.plesk.page\/de\/wp-json\/wp\/v2\/product_tag?post=3431475"}],"curies":[{"name":"wp","href":"https:\/\/api.w.org\/{rel}","templated":true}]}}