{"id":3431511,"date":"2025-10-09T22:57:17","date_gmt":"2025-10-10T02:57:17","guid":{"rendered":"https:\/\/stoic-curie.212-227-153-4.plesk.page\/product\/marine-sitz-pro-casting-weiss-280-x-381-x-h127-mm\/"},"modified":"2026-02-24T23:35:10","modified_gmt":"2026-02-24T23:35:10","slug":"marine-sitz-pro-casting-weiss-280-x-381-x-h127-mm","status":"publish","type":"product","link":"https:\/\/stoic-curie.212-227-153-4.plesk.page\/de\/product\/marine-sitz-pro-casting-weiss-280-x-381-x-h127-mm\/","title":{"rendered":"Marine Sitz Pro Casting Wei\u00df, 280 x 381 x H127 mm"},"content":{"rendered":"<p>Marine Sitz Pro Casting Wei\u00df, 280 x 381 x H127 mm &#8211; <\/p>\n<p>Polsterstuhl mit widerstandsf\u00e4higem Skay-Bezug in Marinequalit\u00e4t, komfortablem Design und R\u00fcckenlehnenkante. Kunststoffbasis in Form und Gr\u00f6\u00dfe des Sitzes. Ideal als Hocker, zur Unterst\u00fctzung beim Fahren und Angeln oder als Sitzgelegenheit in der Ecke.<\/p>\n","protected":false},"excerpt":{"rendered":"<p>Marine Sitz Pro Casting Wei\u00df, 280 x 381 x H127 mm &#8211; Polsterstuhl mit widerstandsf\u00e4higem Skay-Bezug in Marinequalit\u00e4t, komfortablem Design<\/p>\n","protected":false},"featured_media":5945309,"comment_status":"closed","ping_status":"closed","template":"","meta":[],"product_brand":[2965],"product_cat":[1391],"product_tag":[],"class_list":{"0":"post-3431511","1":"product","2":"type-product","3":"status-publish","4":"has-post-thumbnail","6":"product_brand-garelick-de","7":"product_cat-bootsitze","9":"first","10":"instock","11":"shipping-taxable","12":"purchasable","13":"product-type-simple"},"_links":{"self":[{"href":"https:\/\/stoic-curie.212-227-153-4.plesk.page\/de\/wp-json\/wp\/v2\/product\/3431511","targetHints":{"allow":["GET"]}}],"collection":[{"href":"https:\/\/stoic-curie.212-227-153-4.plesk.page\/de\/wp-json\/wp\/v2\/product"}],"about":[{"href":"https:\/\/stoic-curie.212-227-153-4.plesk.page\/de\/wp-json\/wp\/v2\/types\/product"}],"replies":[{"embeddable":true,"href":"https:\/\/stoic-curie.212-227-153-4.plesk.page\/de\/wp-json\/wp\/v2\/comments?post=3431511"}],"version-history":[{"count":0,"href":"https:\/\/stoic-curie.212-227-153-4.plesk.page\/de\/wp-json\/wp\/v2\/product\/3431511\/revisions"}],"wp:featuredmedia":[{"embeddable":true,"href":"https:\/\/stoic-curie.212-227-153-4.plesk.page\/de\/wp-json\/wp\/v2\/media\/5945309"}],"wp:attachment":[{"href":"https:\/\/stoic-curie.212-227-153-4.plesk.page\/de\/wp-json\/wp\/v2\/media?parent=3431511"}],"wp:term":[{"taxonomy":"product_brand","embeddable":true,"href":"https:\/\/stoic-curie.212-227-153-4.plesk.page\/de\/wp-json\/wp\/v2\/product_brand?post=3431511"},{"taxonomy":"product_cat","embeddable":true,"href":"https:\/\/stoic-curie.212-227-153-4.plesk.page\/de\/wp-json\/wp\/v2\/product_cat?post=3431511"},{"taxonomy":"product_tag","embeddable":true,"href":"https:\/\/stoic-curie.212-227-153-4.plesk.page\/de\/wp-json\/wp\/v2\/product_tag?post=3431511"}],"curies":[{"name":"wp","href":"https:\/\/api.w.org\/{rel}","templated":true}]}}