{"id":3431594,"date":"2025-10-09T22:57:20","date_gmt":"2025-10-10T02:57:20","guid":{"rendered":"https:\/\/stoic-curie.212-227-153-4.plesk.page\/product\/gasfederlifte-l525-hub-220-last-30kg-edelstahl\/"},"modified":"2026-02-24T23:35:10","modified_gmt":"2026-02-24T23:35:10","slug":"gasfederlifte-l525-hub-220-last-30kg-edelstahl","status":"publish","type":"product","link":"https:\/\/stoic-curie.212-227-153-4.plesk.page\/de\/product\/gasfederlifte-l525-hub-220-last-30kg-edelstahl\/","title":{"rendered":"Gasfederlifte L525 Hub 220 Last 30KG Edelstahl"},"content":{"rendered":"<p>Gasfederlifte L525 Hub 220 Last 30KG Edelstahl &#8211; <\/p>\n<p>Gasdruckfedern aus 316 Edelstahl mit Welle und Geh\u00e4use, speziell entwickelt f\u00fcr ein sanftes und einfaches \u00d6ffnen von Luken und Motorraumdeckeln.<\/p>\n","protected":false},"excerpt":{"rendered":"<p>Gasfederlifte L525 Hub 220 Last 30KG Edelstahl &#8211; Gasdruckfedern aus 316 Edelstahl mit Welle und Geh\u00e4use, speziell entwickelt f\u00fcr ein<\/p>\n","protected":false},"featured_media":5945332,"comment_status":"closed","ping_status":"closed","template":"","meta":[],"product_brand":[3235],"product_cat":[1401],"product_tag":[],"class_list":{"0":"post-3431594","1":"product","2":"type-product","3":"status-publish","4":"has-post-thumbnail","6":"product_brand-osculati-de","7":"product_cat-gasdruckfedern-fuer-luken","9":"first","10":"instock","11":"shipping-taxable","12":"purchasable","13":"product-type-simple"},"_links":{"self":[{"href":"https:\/\/stoic-curie.212-227-153-4.plesk.page\/de\/wp-json\/wp\/v2\/product\/3431594","targetHints":{"allow":["GET"]}}],"collection":[{"href":"https:\/\/stoic-curie.212-227-153-4.plesk.page\/de\/wp-json\/wp\/v2\/product"}],"about":[{"href":"https:\/\/stoic-curie.212-227-153-4.plesk.page\/de\/wp-json\/wp\/v2\/types\/product"}],"replies":[{"embeddable":true,"href":"https:\/\/stoic-curie.212-227-153-4.plesk.page\/de\/wp-json\/wp\/v2\/comments?post=3431594"}],"version-history":[{"count":0,"href":"https:\/\/stoic-curie.212-227-153-4.plesk.page\/de\/wp-json\/wp\/v2\/product\/3431594\/revisions"}],"wp:featuredmedia":[{"embeddable":true,"href":"https:\/\/stoic-curie.212-227-153-4.plesk.page\/de\/wp-json\/wp\/v2\/media\/5945332"}],"wp:attachment":[{"href":"https:\/\/stoic-curie.212-227-153-4.plesk.page\/de\/wp-json\/wp\/v2\/media?parent=3431594"}],"wp:term":[{"taxonomy":"product_brand","embeddable":true,"href":"https:\/\/stoic-curie.212-227-153-4.plesk.page\/de\/wp-json\/wp\/v2\/product_brand?post=3431594"},{"taxonomy":"product_cat","embeddable":true,"href":"https:\/\/stoic-curie.212-227-153-4.plesk.page\/de\/wp-json\/wp\/v2\/product_cat?post=3431594"},{"taxonomy":"product_tag","embeddable":true,"href":"https:\/\/stoic-curie.212-227-153-4.plesk.page\/de\/wp-json\/wp\/v2\/product_tag?post=3431594"}],"curies":[{"name":"wp","href":"https:\/\/api.w.org\/{rel}","templated":true}]}}