{"id":3431619,"date":"2025-10-09T22:57:21","date_gmt":"2025-10-10T02:57:21","guid":{"rendered":"https:\/\/stoic-curie.212-227-153-4.plesk.page\/product\/abflussstopfen-paar-fuer-icey-tek-rot\/"},"modified":"2026-02-24T23:35:10","modified_gmt":"2026-02-24T23:35:10","slug":"abflussstopfen-paar-fuer-icey-tek-rot","status":"publish","type":"product","link":"https:\/\/stoic-curie.212-227-153-4.plesk.page\/de\/product\/abflussstopfen-paar-fuer-icey-tek-rot\/","title":{"rendered":"Abflussstopfen (Paar) f\u00fcr Icey-tek Rot"},"content":{"rendered":"<p>Abflussstopfen (Paar) f\u00fcr Icey-tek Rot &#8211; <\/p>\n<p>Ersatzteile f\u00fcr Icey-Tek K\u00fchlboxen.<\/p>\n","protected":false},"excerpt":{"rendered":"<p>Abflussstopfen (Paar) f\u00fcr Icey-tek Rot &#8211; Ersatzteile f\u00fcr Icey-Tek K\u00fchlboxen.<\/p>\n","protected":false},"featured_media":5945351,"comment_status":"closed","ping_status":"closed","template":"","meta":[],"product_brand":[3005],"product_cat":[1359],"product_tag":[],"class_list":{"0":"post-3431619","1":"product","2":"type-product","3":"status-publish","4":"has-post-thumbnail","6":"product_brand-icey-tek-de","7":"product_cat-kuehlbox-kuehlgeraete","9":"first","10":"instock","11":"shipping-taxable","12":"purchasable","13":"product-type-simple"},"_links":{"self":[{"href":"https:\/\/stoic-curie.212-227-153-4.plesk.page\/de\/wp-json\/wp\/v2\/product\/3431619","targetHints":{"allow":["GET"]}}],"collection":[{"href":"https:\/\/stoic-curie.212-227-153-4.plesk.page\/de\/wp-json\/wp\/v2\/product"}],"about":[{"href":"https:\/\/stoic-curie.212-227-153-4.plesk.page\/de\/wp-json\/wp\/v2\/types\/product"}],"replies":[{"embeddable":true,"href":"https:\/\/stoic-curie.212-227-153-4.plesk.page\/de\/wp-json\/wp\/v2\/comments?post=3431619"}],"version-history":[{"count":0,"href":"https:\/\/stoic-curie.212-227-153-4.plesk.page\/de\/wp-json\/wp\/v2\/product\/3431619\/revisions"}],"wp:featuredmedia":[{"embeddable":true,"href":"https:\/\/stoic-curie.212-227-153-4.plesk.page\/de\/wp-json\/wp\/v2\/media\/5945351"}],"wp:attachment":[{"href":"https:\/\/stoic-curie.212-227-153-4.plesk.page\/de\/wp-json\/wp\/v2\/media?parent=3431619"}],"wp:term":[{"taxonomy":"product_brand","embeddable":true,"href":"https:\/\/stoic-curie.212-227-153-4.plesk.page\/de\/wp-json\/wp\/v2\/product_brand?post=3431619"},{"taxonomy":"product_cat","embeddable":true,"href":"https:\/\/stoic-curie.212-227-153-4.plesk.page\/de\/wp-json\/wp\/v2\/product_cat?post=3431619"},{"taxonomy":"product_tag","embeddable":true,"href":"https:\/\/stoic-curie.212-227-153-4.plesk.page\/de\/wp-json\/wp\/v2\/product_tag?post=3431619"}],"curies":[{"name":"wp","href":"https:\/\/api.w.org\/{rel}","templated":true}]}}