{"id":3431638,"date":"2025-10-09T22:57:22","date_gmt":"2025-10-10T02:57:22","guid":{"rendered":"https:\/\/stoic-curie.212-227-153-4.plesk.page\/product\/schlauch-fuer-wasserkessel-16-x-26mm\/"},"modified":"2026-02-24T23:35:10","modified_gmt":"2026-02-24T23:35:10","slug":"schlauch-fuer-wasserkessel-16-x-26mm","status":"publish","type":"product","link":"https:\/\/stoic-curie.212-227-153-4.plesk.page\/de\/product\/schlauch-fuer-wasserkessel-16-x-26mm\/","title":{"rendered":"Schlauch f\u00fcr Wasserkessel 16 x 26mm"},"content":{"rendered":"<p>Schlauch f\u00fcr Wasserkessel 16 x 26mm &#8211; <\/p>\n<p>Hitzebest\u00e4ndiger Gummischlauch f\u00fcr Kessel, Warmwasserbereiter und f\u00fcr die Leitung von Wasser bei hohen Temperaturen bis zu 120 \u00b0C.<\/p>\n","protected":false},"excerpt":{"rendered":"<p>Schlauch f\u00fcr Wasserkessel 16 x 26mm &#8211; Hitzebest\u00e4ndiger Gummischlauch f\u00fcr Kessel, Warmwasserbereiter und f\u00fcr die Leitung von Wasser bei hohen<\/p>\n","protected":false},"featured_media":5945364,"comment_status":"closed","ping_status":"closed","template":"","meta":[],"product_brand":[3355],"product_cat":[1364,1368],"product_tag":[],"class_list":{"0":"post-3431638","1":"product","2":"type-product","3":"status-publish","4":"has-post-thumbnail","6":"product_brand-seaflow-de","7":"product_cat-wasserboiler","8":"product_cat-wasserschlauch","10":"first","11":"instock","12":"shipping-taxable","13":"purchasable","14":"product-type-simple"},"_links":{"self":[{"href":"https:\/\/stoic-curie.212-227-153-4.plesk.page\/de\/wp-json\/wp\/v2\/product\/3431638","targetHints":{"allow":["GET"]}}],"collection":[{"href":"https:\/\/stoic-curie.212-227-153-4.plesk.page\/de\/wp-json\/wp\/v2\/product"}],"about":[{"href":"https:\/\/stoic-curie.212-227-153-4.plesk.page\/de\/wp-json\/wp\/v2\/types\/product"}],"replies":[{"embeddable":true,"href":"https:\/\/stoic-curie.212-227-153-4.plesk.page\/de\/wp-json\/wp\/v2\/comments?post=3431638"}],"version-history":[{"count":0,"href":"https:\/\/stoic-curie.212-227-153-4.plesk.page\/de\/wp-json\/wp\/v2\/product\/3431638\/revisions"}],"wp:featuredmedia":[{"embeddable":true,"href":"https:\/\/stoic-curie.212-227-153-4.plesk.page\/de\/wp-json\/wp\/v2\/media\/5945364"}],"wp:attachment":[{"href":"https:\/\/stoic-curie.212-227-153-4.plesk.page\/de\/wp-json\/wp\/v2\/media?parent=3431638"}],"wp:term":[{"taxonomy":"product_brand","embeddable":true,"href":"https:\/\/stoic-curie.212-227-153-4.plesk.page\/de\/wp-json\/wp\/v2\/product_brand?post=3431638"},{"taxonomy":"product_cat","embeddable":true,"href":"https:\/\/stoic-curie.212-227-153-4.plesk.page\/de\/wp-json\/wp\/v2\/product_cat?post=3431638"},{"taxonomy":"product_tag","embeddable":true,"href":"https:\/\/stoic-curie.212-227-153-4.plesk.page\/de\/wp-json\/wp\/v2\/product_tag?post=3431638"}],"curies":[{"name":"wp","href":"https:\/\/api.w.org\/{rel}","templated":true}]}}