{"id":3431679,"date":"2025-10-09T22:57:24","date_gmt":"2025-10-10T02:57:24","guid":{"rendered":"https:\/\/stoic-curie.212-227-153-4.plesk.page\/product\/aktivkohlebelueftungsfilter-20-25-mm\/"},"modified":"2026-02-24T23:35:10","modified_gmt":"2026-02-24T23:35:10","slug":"aktivkohlebelueftungsfilter-20-25-mm","status":"publish","type":"product","link":"https:\/\/stoic-curie.212-227-153-4.plesk.page\/de\/product\/aktivkohlebelueftungsfilter-20-25-mm\/","title":{"rendered":"Aktivkohlebel\u00fcftungsfilter 20-25 mm"},"content":{"rendered":"<p>Aktivkohlebel\u00fcftungsfilter 20-25 mm &#8211; <\/p>\n<p>Aktivkohle-Toilettenfilterventil f\u00fcr Abfalltanks. F\u00e4ngt und filtert unangenehme Ger\u00fcche.<\/p>\n","protected":false},"excerpt":{"rendered":"<p>Aktivkohlebel\u00fcftungsfilter 20-25 mm &#8211; Aktivkohle-Toilettenfilterventil f\u00fcr Abfalltanks. F\u00e4ngt und filtert unangenehme Ger\u00fcche.<\/p>\n","protected":false},"featured_media":5943336,"comment_status":"closed","ping_status":"closed","template":"","meta":[],"product_brand":[2855],"product_cat":[1362],"product_tag":[],"class_list":{"0":"post-3431679","1":"product","2":"type-product","3":"status-publish","4":"has-post-thumbnail","6":"product_brand-can-marine-de","7":"product_cat-abwassertanks","9":"first","10":"instock","11":"shipping-taxable","12":"purchasable","13":"product-type-simple"},"_links":{"self":[{"href":"https:\/\/stoic-curie.212-227-153-4.plesk.page\/de\/wp-json\/wp\/v2\/product\/3431679","targetHints":{"allow":["GET"]}}],"collection":[{"href":"https:\/\/stoic-curie.212-227-153-4.plesk.page\/de\/wp-json\/wp\/v2\/product"}],"about":[{"href":"https:\/\/stoic-curie.212-227-153-4.plesk.page\/de\/wp-json\/wp\/v2\/types\/product"}],"replies":[{"embeddable":true,"href":"https:\/\/stoic-curie.212-227-153-4.plesk.page\/de\/wp-json\/wp\/v2\/comments?post=3431679"}],"version-history":[{"count":0,"href":"https:\/\/stoic-curie.212-227-153-4.plesk.page\/de\/wp-json\/wp\/v2\/product\/3431679\/revisions"}],"wp:featuredmedia":[{"embeddable":true,"href":"https:\/\/stoic-curie.212-227-153-4.plesk.page\/de\/wp-json\/wp\/v2\/media\/5943336"}],"wp:attachment":[{"href":"https:\/\/stoic-curie.212-227-153-4.plesk.page\/de\/wp-json\/wp\/v2\/media?parent=3431679"}],"wp:term":[{"taxonomy":"product_brand","embeddable":true,"href":"https:\/\/stoic-curie.212-227-153-4.plesk.page\/de\/wp-json\/wp\/v2\/product_brand?post=3431679"},{"taxonomy":"product_cat","embeddable":true,"href":"https:\/\/stoic-curie.212-227-153-4.plesk.page\/de\/wp-json\/wp\/v2\/product_cat?post=3431679"},{"taxonomy":"product_tag","embeddable":true,"href":"https:\/\/stoic-curie.212-227-153-4.plesk.page\/de\/wp-json\/wp\/v2\/product_tag?post=3431679"}],"curies":[{"name":"wp","href":"https:\/\/api.w.org\/{rel}","templated":true}]}}