{"id":3431687,"date":"2025-10-09T22:57:24","date_gmt":"2025-10-10T02:57:24","guid":{"rendered":"https:\/\/stoic-curie.212-227-153-4.plesk.page\/product\/siphonventil-johnson-19mm\/"},"modified":"2026-02-24T23:35:10","modified_gmt":"2026-02-24T23:35:10","slug":"siphonventil-johnson-19mm","status":"publish","type":"product","link":"https:\/\/stoic-curie.212-227-153-4.plesk.page\/de\/product\/siphonventil-johnson-19mm\/","title":{"rendered":"Siphonventil Johnson 19mm"},"content":{"rendered":"<p>Siphonventil Johnson 19mm &#8211; <\/p>\n<p>Die bel\u00fcftete Schleife ist in 3 verschiedenen Gr\u00f6\u00dfen erh\u00e4ltlich. Mit ihrer umgekehrten U-Form und einem Ventil an der Oberseite erm\u00f6glicht sie das Entweichen von Luft. Bel\u00fcftete Schleifen verhindern das R\u00fccksaugen und befinden sich in Toilettenauslassleitungen oder in Systemen, die unterhalb der Wasserlinie montiert sind.<\/p>\n","protected":false},"excerpt":{"rendered":"<p>Siphonventil Johnson 19mm &#8211; Die bel\u00fcftete Schleife ist in 3 verschiedenen Gr\u00f6\u00dfen erh\u00e4ltlich. Mit ihrer umgekehrten U-Form und einem Ventil<\/p>\n","protected":false},"featured_media":5945402,"comment_status":"closed","ping_status":"closed","template":"","meta":[],"product_brand":[3045],"product_cat":[1362,1374,1383],"product_tag":[],"class_list":{"0":"post-3431687","1":"product","2":"type-product","3":"status-publish","4":"has-post-thumbnail","6":"product_brand-johnson-marine-de","7":"product_cat-abwassertanks","8":"product_cat-kunststoff-wasserinstallationsarmaturen","9":"product_cat-marine-ventile","11":"first","12":"instock","13":"shipping-taxable","14":"purchasable","15":"product-type-simple"},"_links":{"self":[{"href":"https:\/\/stoic-curie.212-227-153-4.plesk.page\/de\/wp-json\/wp\/v2\/product\/3431687","targetHints":{"allow":["GET"]}}],"collection":[{"href":"https:\/\/stoic-curie.212-227-153-4.plesk.page\/de\/wp-json\/wp\/v2\/product"}],"about":[{"href":"https:\/\/stoic-curie.212-227-153-4.plesk.page\/de\/wp-json\/wp\/v2\/types\/product"}],"replies":[{"embeddable":true,"href":"https:\/\/stoic-curie.212-227-153-4.plesk.page\/de\/wp-json\/wp\/v2\/comments?post=3431687"}],"version-history":[{"count":0,"href":"https:\/\/stoic-curie.212-227-153-4.plesk.page\/de\/wp-json\/wp\/v2\/product\/3431687\/revisions"}],"wp:featuredmedia":[{"embeddable":true,"href":"https:\/\/stoic-curie.212-227-153-4.plesk.page\/de\/wp-json\/wp\/v2\/media\/5945402"}],"wp:attachment":[{"href":"https:\/\/stoic-curie.212-227-153-4.plesk.page\/de\/wp-json\/wp\/v2\/media?parent=3431687"}],"wp:term":[{"taxonomy":"product_brand","embeddable":true,"href":"https:\/\/stoic-curie.212-227-153-4.plesk.page\/de\/wp-json\/wp\/v2\/product_brand?post=3431687"},{"taxonomy":"product_cat","embeddable":true,"href":"https:\/\/stoic-curie.212-227-153-4.plesk.page\/de\/wp-json\/wp\/v2\/product_cat?post=3431687"},{"taxonomy":"product_tag","embeddable":true,"href":"https:\/\/stoic-curie.212-227-153-4.plesk.page\/de\/wp-json\/wp\/v2\/product_tag?post=3431687"}],"curies":[{"name":"wp","href":"https:\/\/api.w.org\/{rel}","templated":true}]}}