{"id":3431713,"date":"2025-10-09T22:57:26","date_gmt":"2025-10-10T02:57:26","guid":{"rendered":"https:\/\/stoic-curie.212-227-153-4.plesk.page\/product\/ersatzfilter-fuer-vetus-geruchsfilter\/"},"modified":"2026-02-24T23:35:10","modified_gmt":"2026-02-24T23:35:10","slug":"ersatzfilter-fuer-vetus-geruchsfilter","status":"publish","type":"product","link":"https:\/\/stoic-curie.212-227-153-4.plesk.page\/de\/product\/ersatzfilter-fuer-vetus-geruchsfilter\/","title":{"rendered":"Ersatzfilter f\u00fcr Vetus-Geruchsfilter"},"content":{"rendered":"<p>Ersatzfilter f\u00fcr Vetus-Geruchsfilter &#8211; <\/p>\n<p>Anti-Geruchsfilter f\u00fcr die Bel\u00fcftung des Kraftstofftanks. Der Filtergitter wird in einem Paket mit 4 St\u00fcck geliefert.<\/p>\n","protected":false},"excerpt":{"rendered":"<p>Ersatzfilter f\u00fcr Vetus-Geruchsfilter &#8211; Anti-Geruchsfilter f\u00fcr die Bel\u00fcftung des Kraftstofftanks. Der Filtergitter wird in einem Paket mit 4 St\u00fcck geliefert.<\/p>\n","protected":false},"featured_media":5945405,"comment_status":"closed","ping_status":"closed","template":"","meta":[],"product_brand":[3520],"product_cat":[1362,1513],"product_tag":[],"class_list":{"0":"post-3431713","1":"product","2":"type-product","3":"status-publish","4":"has-post-thumbnail","6":"product_brand-vetus-de","7":"product_cat-abwassertanks","8":"product_cat-kraftstofftanks","10":"first","11":"instock","12":"shipping-taxable","13":"purchasable","14":"product-type-simple"},"_links":{"self":[{"href":"https:\/\/stoic-curie.212-227-153-4.plesk.page\/de\/wp-json\/wp\/v2\/product\/3431713","targetHints":{"allow":["GET"]}}],"collection":[{"href":"https:\/\/stoic-curie.212-227-153-4.plesk.page\/de\/wp-json\/wp\/v2\/product"}],"about":[{"href":"https:\/\/stoic-curie.212-227-153-4.plesk.page\/de\/wp-json\/wp\/v2\/types\/product"}],"replies":[{"embeddable":true,"href":"https:\/\/stoic-curie.212-227-153-4.plesk.page\/de\/wp-json\/wp\/v2\/comments?post=3431713"}],"version-history":[{"count":0,"href":"https:\/\/stoic-curie.212-227-153-4.plesk.page\/de\/wp-json\/wp\/v2\/product\/3431713\/revisions"}],"wp:featuredmedia":[{"embeddable":true,"href":"https:\/\/stoic-curie.212-227-153-4.plesk.page\/de\/wp-json\/wp\/v2\/media\/5945405"}],"wp:attachment":[{"href":"https:\/\/stoic-curie.212-227-153-4.plesk.page\/de\/wp-json\/wp\/v2\/media?parent=3431713"}],"wp:term":[{"taxonomy":"product_brand","embeddable":true,"href":"https:\/\/stoic-curie.212-227-153-4.plesk.page\/de\/wp-json\/wp\/v2\/product_brand?post=3431713"},{"taxonomy":"product_cat","embeddable":true,"href":"https:\/\/stoic-curie.212-227-153-4.plesk.page\/de\/wp-json\/wp\/v2\/product_cat?post=3431713"},{"taxonomy":"product_tag","embeddable":true,"href":"https:\/\/stoic-curie.212-227-153-4.plesk.page\/de\/wp-json\/wp\/v2\/product_tag?post=3431713"}],"curies":[{"name":"wp","href":"https:\/\/api.w.org\/{rel}","templated":true}]}}