{"id":3431715,"date":"2025-10-09T22:57:26","date_gmt":"2025-10-10T02:57:26","guid":{"rendered":"https:\/\/stoic-curie.212-227-153-4.plesk.page\/product\/wasserfilter-seaflo-fuer-13-16-19mm\/"},"modified":"2026-02-24T23:35:10","modified_gmt":"2026-02-24T23:35:10","slug":"wasserfilter-seaflo-fuer-13-16-19mm","status":"publish","type":"product","link":"https:\/\/stoic-curie.212-227-153-4.plesk.page\/de\/product\/wasserfilter-seaflo-fuer-13-16-19mm\/","title":{"rendered":"Wasserfilter SEAFLO f\u00fcr 13-16-19mm"},"content":{"rendered":"<p>Wasserfilter SEAFLO f\u00fcr 13-16-19mm &#8211; <\/p>\n<p>Polycarbonat-Geh\u00e4use-Seewasserfilter f\u00fcr Pumpen und Motorenk\u00fchlung. Verstellbare Auslassanschl\u00fcsse, die auf den erforderlichen Durchmesser zugeschnitten werden k\u00f6nnen. Immer den \u00fcbergro\u00dfen Teil entfernen, um Druck zu vermeiden, der den Filter besch\u00e4digen und Wasseraustritt verursachen k\u00f6nnte.<\/p>\n","protected":false},"excerpt":{"rendered":"<p>Wasserfilter SEAFLO f\u00fcr 13-16-19mm &#8211; Polycarbonat-Geh\u00e4use-Seewasserfilter f\u00fcr Pumpen und Motorenk\u00fchlung. Verstellbare Auslassanschl\u00fcsse, die auf den erforderlichen Durchmesser zugeschnitten werden k\u00f6nnen.<\/p>\n","protected":false},"featured_media":5945406,"comment_status":"closed","ping_status":"closed","template":"","meta":[],"product_brand":[3350],"product_cat":[1527],"product_tag":[],"class_list":{"0":"post-3431715","1":"product","2":"type-product","3":"status-publish","4":"has-post-thumbnail","6":"product_brand-seaflo-de","7":"product_cat-meerwasserfilter","9":"first","10":"outofstock","11":"shipping-taxable","12":"purchasable","13":"product-type-simple"},"_links":{"self":[{"href":"https:\/\/stoic-curie.212-227-153-4.plesk.page\/de\/wp-json\/wp\/v2\/product\/3431715","targetHints":{"allow":["GET"]}}],"collection":[{"href":"https:\/\/stoic-curie.212-227-153-4.plesk.page\/de\/wp-json\/wp\/v2\/product"}],"about":[{"href":"https:\/\/stoic-curie.212-227-153-4.plesk.page\/de\/wp-json\/wp\/v2\/types\/product"}],"replies":[{"embeddable":true,"href":"https:\/\/stoic-curie.212-227-153-4.plesk.page\/de\/wp-json\/wp\/v2\/comments?post=3431715"}],"version-history":[{"count":0,"href":"https:\/\/stoic-curie.212-227-153-4.plesk.page\/de\/wp-json\/wp\/v2\/product\/3431715\/revisions"}],"wp:featuredmedia":[{"embeddable":true,"href":"https:\/\/stoic-curie.212-227-153-4.plesk.page\/de\/wp-json\/wp\/v2\/media\/5945406"}],"wp:attachment":[{"href":"https:\/\/stoic-curie.212-227-153-4.plesk.page\/de\/wp-json\/wp\/v2\/media?parent=3431715"}],"wp:term":[{"taxonomy":"product_brand","embeddable":true,"href":"https:\/\/stoic-curie.212-227-153-4.plesk.page\/de\/wp-json\/wp\/v2\/product_brand?post=3431715"},{"taxonomy":"product_cat","embeddable":true,"href":"https:\/\/stoic-curie.212-227-153-4.plesk.page\/de\/wp-json\/wp\/v2\/product_cat?post=3431715"},{"taxonomy":"product_tag","embeddable":true,"href":"https:\/\/stoic-curie.212-227-153-4.plesk.page\/de\/wp-json\/wp\/v2\/product_tag?post=3431715"}],"curies":[{"name":"wp","href":"https:\/\/api.w.org\/{rel}","templated":true}]}}