{"id":3431838,"date":"2025-10-09T22:57:31","date_gmt":"2025-10-10T02:57:31","guid":{"rendered":"https:\/\/stoic-curie.212-227-153-4.plesk.page\/product\/wasserschlauch-refittex-12-x-18mm\/"},"modified":"2026-02-24T23:35:10","modified_gmt":"2026-02-24T23:35:10","slug":"wasserschlauch-refittex-12-x-18mm","status":"publish","type":"product","link":"https:\/\/stoic-curie.212-227-153-4.plesk.page\/de\/product\/wasserschlauch-refittex-12-x-18mm\/","title":{"rendered":"Wasserschlauch Refittex 12 x 18mm"},"content":{"rendered":"<p>Wasserschlauch Refittex 12 x 18mm &#8211; <\/p>\n<p>Transparenter, ungiftiger, geflochtener PVC-Schlauch, best\u00e4ndig gegen Meerwasser und die meisten chemischen Produkte. Sehr flexibel und widerstandsf\u00e4hig, verformt oder verengt sich nicht und eignet sich f\u00fcr Bordwassersysteme, Bilgen, Druckluft sowie alle Br\u00fccken- oder Dockaktivit\u00e4ten. Entspricht der europ\u00e4ischen Richtlinie Reg.(EU)10\/2011 f\u00fcr A-B-C-Simulanzien. Der Bruchdruck betr\u00e4gt das Drei\u00dfigfache des im Datenblatt angegebenen Betriebsdrucks.<\/p>\n","protected":false},"excerpt":{"rendered":"<p>Wasserschlauch Refittex 12 x 18mm &#8211; Transparenter, ungiftiger, geflochtener PVC-Schlauch, best\u00e4ndig gegen Meerwasser und die meisten chemischen Produkte. Sehr flexibel<\/p>\n","protected":false},"featured_media":5945410,"comment_status":"closed","ping_status":"closed","template":"","meta":[],"product_brand":[3355],"product_cat":[1368],"product_tag":[],"class_list":{"0":"post-3431838","1":"product","2":"type-product","3":"status-publish","4":"has-post-thumbnail","6":"product_brand-seaflow-de","7":"product_cat-wasserschlauch","9":"first","10":"instock","11":"shipping-taxable","12":"purchasable","13":"product-type-simple"},"_links":{"self":[{"href":"https:\/\/stoic-curie.212-227-153-4.plesk.page\/de\/wp-json\/wp\/v2\/product\/3431838","targetHints":{"allow":["GET"]}}],"collection":[{"href":"https:\/\/stoic-curie.212-227-153-4.plesk.page\/de\/wp-json\/wp\/v2\/product"}],"about":[{"href":"https:\/\/stoic-curie.212-227-153-4.plesk.page\/de\/wp-json\/wp\/v2\/types\/product"}],"replies":[{"embeddable":true,"href":"https:\/\/stoic-curie.212-227-153-4.plesk.page\/de\/wp-json\/wp\/v2\/comments?post=3431838"}],"version-history":[{"count":0,"href":"https:\/\/stoic-curie.212-227-153-4.plesk.page\/de\/wp-json\/wp\/v2\/product\/3431838\/revisions"}],"wp:featuredmedia":[{"embeddable":true,"href":"https:\/\/stoic-curie.212-227-153-4.plesk.page\/de\/wp-json\/wp\/v2\/media\/5945410"}],"wp:attachment":[{"href":"https:\/\/stoic-curie.212-227-153-4.plesk.page\/de\/wp-json\/wp\/v2\/media?parent=3431838"}],"wp:term":[{"taxonomy":"product_brand","embeddable":true,"href":"https:\/\/stoic-curie.212-227-153-4.plesk.page\/de\/wp-json\/wp\/v2\/product_brand?post=3431838"},{"taxonomy":"product_cat","embeddable":true,"href":"https:\/\/stoic-curie.212-227-153-4.plesk.page\/de\/wp-json\/wp\/v2\/product_cat?post=3431838"},{"taxonomy":"product_tag","embeddable":true,"href":"https:\/\/stoic-curie.212-227-153-4.plesk.page\/de\/wp-json\/wp\/v2\/product_tag?post=3431838"}],"curies":[{"name":"wp","href":"https:\/\/api.w.org\/{rel}","templated":true}]}}