{"id":3431880,"date":"2025-10-09T22:57:33","date_gmt":"2025-10-10T02:57:33","guid":{"rendered":"https:\/\/stoic-curie.212-227-153-4.plesk.page\/product\/nitrilimpeller-ancor-2081\/"},"modified":"2026-02-24T23:35:10","modified_gmt":"2026-02-24T23:35:10","slug":"nitrilimpeller-ancor-2081","status":"publish","type":"product","link":"https:\/\/stoic-curie.212-227-153-4.plesk.page\/de\/product\/nitrilimpeller-ancor-2081\/","title":{"rendered":"Nitrilimpeller Ancor 2081"},"content":{"rendered":"<p>Nitrilimpeller Ancor 2081 &#8211; <\/p>\n<p>Ersatzlaufrad f\u00fcr Motor- und Wasserk\u00fchlungspumpen. Neopren: f\u00fcr S\u00fc\u00df- und Salzwasser Nitrilkautschuk: f\u00fcr Bilgen, \u00d6le und Derivate<\/p>\n","protected":false},"excerpt":{"rendered":"<p>Nitrilimpeller Ancor 2081 &#8211; Ersatzlaufrad f\u00fcr Motor- und Wasserk\u00fchlungspumpen. Neopren: f\u00fcr S\u00fc\u00df- und Salzwasser Nitrilkautschuk: f\u00fcr Bilgen, \u00d6le und Derivate<\/p>\n","protected":false},"featured_media":5945432,"comment_status":"closed","ping_status":"closed","template":"","meta":[],"product_brand":[2780],"product_cat":[1522],"product_tag":[],"class_list":{"0":"post-3431880","1":"product","2":"type-product","3":"status-publish","4":"has-post-thumbnail","6":"product_brand-ancor-marine-de","7":"product_cat-motorkuehlpumpen","9":"first","10":"instock","11":"shipping-taxable","12":"purchasable","13":"product-type-simple"},"_links":{"self":[{"href":"https:\/\/stoic-curie.212-227-153-4.plesk.page\/de\/wp-json\/wp\/v2\/product\/3431880","targetHints":{"allow":["GET"]}}],"collection":[{"href":"https:\/\/stoic-curie.212-227-153-4.plesk.page\/de\/wp-json\/wp\/v2\/product"}],"about":[{"href":"https:\/\/stoic-curie.212-227-153-4.plesk.page\/de\/wp-json\/wp\/v2\/types\/product"}],"replies":[{"embeddable":true,"href":"https:\/\/stoic-curie.212-227-153-4.plesk.page\/de\/wp-json\/wp\/v2\/comments?post=3431880"}],"version-history":[{"count":0,"href":"https:\/\/stoic-curie.212-227-153-4.plesk.page\/de\/wp-json\/wp\/v2\/product\/3431880\/revisions"}],"wp:featuredmedia":[{"embeddable":true,"href":"https:\/\/stoic-curie.212-227-153-4.plesk.page\/de\/wp-json\/wp\/v2\/media\/5945432"}],"wp:attachment":[{"href":"https:\/\/stoic-curie.212-227-153-4.plesk.page\/de\/wp-json\/wp\/v2\/media?parent=3431880"}],"wp:term":[{"taxonomy":"product_brand","embeddable":true,"href":"https:\/\/stoic-curie.212-227-153-4.plesk.page\/de\/wp-json\/wp\/v2\/product_brand?post=3431880"},{"taxonomy":"product_cat","embeddable":true,"href":"https:\/\/stoic-curie.212-227-153-4.plesk.page\/de\/wp-json\/wp\/v2\/product_cat?post=3431880"},{"taxonomy":"product_tag","embeddable":true,"href":"https:\/\/stoic-curie.212-227-153-4.plesk.page\/de\/wp-json\/wp\/v2\/product_tag?post=3431880"}],"curies":[{"name":"wp","href":"https:\/\/api.w.org\/{rel}","templated":true}]}}