{"id":3431947,"date":"2025-10-09T22:57:35","date_gmt":"2025-10-10T02:57:35","guid":{"rendered":"https:\/\/stoic-curie.212-227-153-4.plesk.page\/product\/elektrisches-kabel-marinco-50-ampere\/"},"modified":"2026-02-24T23:35:10","modified_gmt":"2026-02-24T23:35:10","slug":"elektrisches-kabel-marinco-50-ampere","status":"publish","type":"product","link":"https:\/\/stoic-curie.212-227-153-4.plesk.page\/de\/product\/elektrisches-kabel-marinco-50-ampere\/","title":{"rendered":"Elektrisches Kabel Marinco 50 Ampere"},"content":{"rendered":"<p>Elektrisches Kabel Marinco 50 Ampere &#8211; <\/p>\n<p>CE-zertifiziertes maritimes Landstrom-Elektrokabel f\u00fcr Stecker und Buchsen. PVC-gelagertes und isoliertes Kabel der Klasse 5 IEC60228 aus verzinntem roten Kupferdraht f\u00fcr maximalen Schutz gegen Korrosion und Elektrolyse. \u00dcberlegene Flexibilit\u00e4t des Isoliermantels aus speziellem Nitrilkautschuk, der best\u00e4ndig gegen Salzwasser ist, IEC60332-1-zertifiziert, flammhemmend und \u00f6lbest\u00e4ndig.<\/p>\n","protected":false},"excerpt":{"rendered":"<p>Elektrisches Kabel Marinco 50 Ampere &#8211; CE-zertifiziertes maritimes Landstrom-Elektrokabel f\u00fcr Stecker und Buchsen. PVC-gelagertes und isoliertes Kabel der Klasse 5<\/p>\n","protected":false},"featured_media":5945466,"comment_status":"closed","ping_status":"closed","template":"","meta":[],"product_brand":[3105],"product_cat":[1463],"product_tag":[],"class_list":{"0":"post-3431947","1":"product","2":"type-product","3":"status-publish","4":"has-post-thumbnail","6":"product_brand-marinco-de","7":"product_cat-landstrom","9":"first","10":"instock","11":"shipping-taxable","12":"purchasable","13":"product-type-simple"},"_links":{"self":[{"href":"https:\/\/stoic-curie.212-227-153-4.plesk.page\/de\/wp-json\/wp\/v2\/product\/3431947","targetHints":{"allow":["GET"]}}],"collection":[{"href":"https:\/\/stoic-curie.212-227-153-4.plesk.page\/de\/wp-json\/wp\/v2\/product"}],"about":[{"href":"https:\/\/stoic-curie.212-227-153-4.plesk.page\/de\/wp-json\/wp\/v2\/types\/product"}],"replies":[{"embeddable":true,"href":"https:\/\/stoic-curie.212-227-153-4.plesk.page\/de\/wp-json\/wp\/v2\/comments?post=3431947"}],"version-history":[{"count":0,"href":"https:\/\/stoic-curie.212-227-153-4.plesk.page\/de\/wp-json\/wp\/v2\/product\/3431947\/revisions"}],"wp:featuredmedia":[{"embeddable":true,"href":"https:\/\/stoic-curie.212-227-153-4.plesk.page\/de\/wp-json\/wp\/v2\/media\/5945466"}],"wp:attachment":[{"href":"https:\/\/stoic-curie.212-227-153-4.plesk.page\/de\/wp-json\/wp\/v2\/media?parent=3431947"}],"wp:term":[{"taxonomy":"product_brand","embeddable":true,"href":"https:\/\/stoic-curie.212-227-153-4.plesk.page\/de\/wp-json\/wp\/v2\/product_brand?post=3431947"},{"taxonomy":"product_cat","embeddable":true,"href":"https:\/\/stoic-curie.212-227-153-4.plesk.page\/de\/wp-json\/wp\/v2\/product_cat?post=3431947"},{"taxonomy":"product_tag","embeddable":true,"href":"https:\/\/stoic-curie.212-227-153-4.plesk.page\/de\/wp-json\/wp\/v2\/product_tag?post=3431947"}],"curies":[{"name":"wp","href":"https:\/\/api.w.org\/{rel}","templated":true}]}}