{"id":3431992,"date":"2025-10-09T22:57:37","date_gmt":"2025-10-10T02:57:37","guid":{"rendered":"https:\/\/stoic-curie.212-227-153-4.plesk.page\/product\/magnetischer-leistungsschalter-aa-520-10a\/"},"modified":"2026-02-24T23:35:10","modified_gmt":"2026-02-24T23:35:10","slug":"magnetischer-leistungsschalter-aa-520-10a","status":"publish","type":"product","link":"https:\/\/stoic-curie.212-227-153-4.plesk.page\/de\/product\/magnetischer-leistungsschalter-aa-520-10a\/","title":{"rendered":"Magnetischer Leistungsschalter AA 520 10A"},"content":{"rendered":"<p>Magnetischer Leistungsschalter AA 520 10A &#8211; <\/p>\n<p>Wieder einsetzbarer Magnetschutzschalter. Im Falle eines Kurzschlusses oder hoher Lasten unterbricht er den Strom. Reduzierte Gr\u00f6\u00dfe f\u00fcr die Installation auf Armaturen und Schaltschr\u00e4nken mit begrenztem Platz.<\/p>\n","protected":false},"excerpt":{"rendered":"<p>Magnetischer Leistungsschalter AA 520 10A &#8211; Wieder einsetzbarer Magnetschutzschalter. Im Falle eines Kurzschlusses oder hoher Lasten unterbricht er den Strom.<\/p>\n","protected":false},"featured_media":5945470,"comment_status":"closed","ping_status":"closed","template":"","meta":[],"product_brand":[2830],"product_cat":[1461],"product_tag":[],"class_list":{"0":"post-3431992","1":"product","2":"type-product","3":"status-publish","4":"has-post-thumbnail","6":"product_brand-blue-sea-systems-de","7":"product_cat-sicherungsschalter-und-relais","9":"first","10":"instock","11":"shipping-taxable","12":"purchasable","13":"product-type-simple"},"_links":{"self":[{"href":"https:\/\/stoic-curie.212-227-153-4.plesk.page\/de\/wp-json\/wp\/v2\/product\/3431992","targetHints":{"allow":["GET"]}}],"collection":[{"href":"https:\/\/stoic-curie.212-227-153-4.plesk.page\/de\/wp-json\/wp\/v2\/product"}],"about":[{"href":"https:\/\/stoic-curie.212-227-153-4.plesk.page\/de\/wp-json\/wp\/v2\/types\/product"}],"replies":[{"embeddable":true,"href":"https:\/\/stoic-curie.212-227-153-4.plesk.page\/de\/wp-json\/wp\/v2\/comments?post=3431992"}],"version-history":[{"count":0,"href":"https:\/\/stoic-curie.212-227-153-4.plesk.page\/de\/wp-json\/wp\/v2\/product\/3431992\/revisions"}],"wp:featuredmedia":[{"embeddable":true,"href":"https:\/\/stoic-curie.212-227-153-4.plesk.page\/de\/wp-json\/wp\/v2\/media\/5945470"}],"wp:attachment":[{"href":"https:\/\/stoic-curie.212-227-153-4.plesk.page\/de\/wp-json\/wp\/v2\/media?parent=3431992"}],"wp:term":[{"taxonomy":"product_brand","embeddable":true,"href":"https:\/\/stoic-curie.212-227-153-4.plesk.page\/de\/wp-json\/wp\/v2\/product_brand?post=3431992"},{"taxonomy":"product_cat","embeddable":true,"href":"https:\/\/stoic-curie.212-227-153-4.plesk.page\/de\/wp-json\/wp\/v2\/product_cat?post=3431992"},{"taxonomy":"product_tag","embeddable":true,"href":"https:\/\/stoic-curie.212-227-153-4.plesk.page\/de\/wp-json\/wp\/v2\/product_tag?post=3431992"}],"curies":[{"name":"wp","href":"https:\/\/api.w.org\/{rel}","templated":true}]}}