{"id":3432103,"date":"2025-10-09T22:57:42","date_gmt":"2025-10-10T02:57:42","guid":{"rendered":"https:\/\/stoic-curie.212-227-153-4.plesk.page\/product\/aluminium-scheinwerfer-115-mm-12-24-v-6-x-3-w\/"},"modified":"2026-02-24T23:35:10","modified_gmt":"2026-02-24T23:35:10","slug":"aluminium-scheinwerfer-115-mm-12-24-v-6-x-3-w","status":"publish","type":"product","link":"https:\/\/stoic-curie.212-227-153-4.plesk.page\/de\/product\/aluminium-scheinwerfer-115-mm-12-24-v-6-x-3-w\/","title":{"rendered":"Aluminium-Scheinwerfer 115 mm 12-24 V (6 x 3 W)"},"content":{"rendered":"<p>Aluminium-Scheinwerfer 115 mm 12-24 V (6 x 3 W) &#8211; <\/p>\n<p>IP67 wasserdichtes LED-Cockpit- und Deckspotlight. Korrosionsbest\u00e4ndiges Aluminiumgeh\u00e4use mit Halterung aus rostfreiem Stahl. 10-30V Spannung. 18W Leistung. 1500 Lumen. 6000\u00c2\u00b0K wei\u00dfes Licht.<\/p>\n","protected":false},"excerpt":{"rendered":"<p>Aluminium-Scheinwerfer 115 mm 12-24 V (6 x 3 W) &#8211; IP67 wasserdichtes LED-Cockpit- und Deckspotlight. Korrosionsbest\u00e4ndiges Aluminiumgeh\u00e4use mit Halterung aus<\/p>\n","protected":false},"featured_media":5945495,"comment_status":"closed","ping_status":"closed","template":"","meta":[],"product_brand":[3220],"product_cat":[1447],"product_tag":[],"class_list":{"0":"post-3432103","1":"product","2":"type-product","3":"status-publish","4":"has-post-thumbnail","6":"product_brand-oceanled-de","7":"product_cat-suchscheinwerfer-und-spotlights","9":"first","10":"instock","11":"shipping-taxable","12":"purchasable","13":"product-type-simple"},"_links":{"self":[{"href":"https:\/\/stoic-curie.212-227-153-4.plesk.page\/de\/wp-json\/wp\/v2\/product\/3432103","targetHints":{"allow":["GET"]}}],"collection":[{"href":"https:\/\/stoic-curie.212-227-153-4.plesk.page\/de\/wp-json\/wp\/v2\/product"}],"about":[{"href":"https:\/\/stoic-curie.212-227-153-4.plesk.page\/de\/wp-json\/wp\/v2\/types\/product"}],"replies":[{"embeddable":true,"href":"https:\/\/stoic-curie.212-227-153-4.plesk.page\/de\/wp-json\/wp\/v2\/comments?post=3432103"}],"version-history":[{"count":0,"href":"https:\/\/stoic-curie.212-227-153-4.plesk.page\/de\/wp-json\/wp\/v2\/product\/3432103\/revisions"}],"wp:featuredmedia":[{"embeddable":true,"href":"https:\/\/stoic-curie.212-227-153-4.plesk.page\/de\/wp-json\/wp\/v2\/media\/5945495"}],"wp:attachment":[{"href":"https:\/\/stoic-curie.212-227-153-4.plesk.page\/de\/wp-json\/wp\/v2\/media?parent=3432103"}],"wp:term":[{"taxonomy":"product_brand","embeddable":true,"href":"https:\/\/stoic-curie.212-227-153-4.plesk.page\/de\/wp-json\/wp\/v2\/product_brand?post=3432103"},{"taxonomy":"product_cat","embeddable":true,"href":"https:\/\/stoic-curie.212-227-153-4.plesk.page\/de\/wp-json\/wp\/v2\/product_cat?post=3432103"},{"taxonomy":"product_tag","embeddable":true,"href":"https:\/\/stoic-curie.212-227-153-4.plesk.page\/de\/wp-json\/wp\/v2\/product_tag?post=3432103"}],"curies":[{"name":"wp","href":"https:\/\/api.w.org\/{rel}","templated":true}]}}