{"id":3432105,"date":"2025-10-09T22:57:43","date_gmt":"2025-10-10T02:57:43","guid":{"rendered":"https:\/\/stoic-curie.212-227-153-4.plesk.page\/product\/verlaengerungskabel-4m-fuer-einstellbaren-xenon-spotlight\/"},"modified":"2026-02-24T23:35:10","modified_gmt":"2026-02-24T23:35:10","slug":"verlaengerungskabel-4m-fuer-einstellbaren-xenon-spotlight","status":"publish","type":"product","link":"https:\/\/stoic-curie.212-227-153-4.plesk.page\/de\/product\/verlaengerungskabel-4m-fuer-einstellbaren-xenon-spotlight\/","title":{"rendered":"Verl\u00e4ngerungskabel 4m f\u00fcr einstellbaren Xenon-Spotlight"},"content":{"rendered":"<p>Verl\u00e4ngerungskabel 4m f\u00fcr einstellbaren Xenon-Spotlight &#8211; <\/p>\n<p>Verstellbares Spotlight mit wasserdichtem kabelsteuerpanel, das eine 360\u00c2\u00b0 x 70\u00c2\u00b0 Auf\/Ab-Drehung bietet. XENON-Versiegelungslampe, die 7-mal heller ist als ein Standard-Suchscheinwerfer. Abmessungen: 350 mm L\u00e4nge &#8211; 260 mm Breite &#8211; 320 mm H\u00f6he. Optionale drahtlose Steuerung mit Plug-and-Play-Empf\u00e4nger und -Sender bis zu 35 m. Wenn installiert, ersetzt es das kabelgebundene Steuerpanel. Um beide zu erhalten, sollte das Dual-Station-Panel gekauft werden.<\/p>\n","protected":false},"excerpt":{"rendered":"<p>Verl\u00e4ngerungskabel 4m f\u00fcr einstellbaren Xenon-Spotlight &#8211; Verstellbares Spotlight mit wasserdichtem kabelsteuerpanel, das eine 360\u00c2\u00b0 x 70\u00c2\u00b0 Auf\/Ab-Drehung bietet. XENON-Versiegelungslampe, die<\/p>\n","protected":false},"featured_media":5945499,"comment_status":"closed","ping_status":"closed","template":"","meta":[],"product_brand":[3140],"product_cat":[1447],"product_tag":[],"class_list":{"0":"post-3432105","1":"product","2":"type-product","3":"status-publish","4":"has-post-thumbnail","6":"product_brand-matromarine-de","7":"product_cat-suchscheinwerfer-und-spotlights","9":"first","10":"instock","11":"shipping-taxable","12":"purchasable","13":"product-type-simple"},"_links":{"self":[{"href":"https:\/\/stoic-curie.212-227-153-4.plesk.page\/de\/wp-json\/wp\/v2\/product\/3432105","targetHints":{"allow":["GET"]}}],"collection":[{"href":"https:\/\/stoic-curie.212-227-153-4.plesk.page\/de\/wp-json\/wp\/v2\/product"}],"about":[{"href":"https:\/\/stoic-curie.212-227-153-4.plesk.page\/de\/wp-json\/wp\/v2\/types\/product"}],"replies":[{"embeddable":true,"href":"https:\/\/stoic-curie.212-227-153-4.plesk.page\/de\/wp-json\/wp\/v2\/comments?post=3432105"}],"version-history":[{"count":0,"href":"https:\/\/stoic-curie.212-227-153-4.plesk.page\/de\/wp-json\/wp\/v2\/product\/3432105\/revisions"}],"wp:featuredmedia":[{"embeddable":true,"href":"https:\/\/stoic-curie.212-227-153-4.plesk.page\/de\/wp-json\/wp\/v2\/media\/5945499"}],"wp:attachment":[{"href":"https:\/\/stoic-curie.212-227-153-4.plesk.page\/de\/wp-json\/wp\/v2\/media?parent=3432105"}],"wp:term":[{"taxonomy":"product_brand","embeddable":true,"href":"https:\/\/stoic-curie.212-227-153-4.plesk.page\/de\/wp-json\/wp\/v2\/product_brand?post=3432105"},{"taxonomy":"product_cat","embeddable":true,"href":"https:\/\/stoic-curie.212-227-153-4.plesk.page\/de\/wp-json\/wp\/v2\/product_cat?post=3432105"},{"taxonomy":"product_tag","embeddable":true,"href":"https:\/\/stoic-curie.212-227-153-4.plesk.page\/de\/wp-json\/wp\/v2\/product_tag?post=3432105"}],"curies":[{"name":"wp","href":"https:\/\/api.w.org\/{rel}","templated":true}]}}