{"id":3432122,"date":"2025-10-09T22:57:43","date_gmt":"2025-10-10T02:57:43","guid":{"rendered":"https:\/\/stoic-curie.212-227-153-4.plesk.page\/product\/led-kuppelleuchte-130-mm-12v\/"},"modified":"2026-02-24T23:35:10","modified_gmt":"2026-02-24T23:35:10","slug":"led-kuppelleuchte-130-mm-12v","status":"publish","type":"product","link":"https:\/\/stoic-curie.212-227-153-4.plesk.page\/de\/product\/led-kuppelleuchte-130-mm-12v\/","title":{"rendered":"LED-Kuppelleuchte 130 mm 12V"},"content":{"rendered":"<p>LED-Kuppelleuchte 130 mm 12V &#8211; <\/p>\n<p>Tecnopolymer IP67 wasserdicht, sehr helles LED-Domlicht 12\/24V. Sehr d\u00fcnne, fl\u00e4chenmontierte Geh\u00e4usebauweise. 5000 K\u00b0 nat\u00fcrliches wei\u00dfes Licht.<\/p>\n","protected":false},"excerpt":{"rendered":"<p>LED-Kuppelleuchte 130 mm 12V &#8211; Tecnopolymer IP67 wasserdicht, sehr helles LED-Domlicht 12\/24V. Sehr d\u00fcnne, fl\u00e4chenmontierte Geh\u00e4usebauweise. 5000 K\u00b0 nat\u00fcrliches wei\u00dfes<\/p>\n","protected":false},"featured_media":5945521,"comment_status":"closed","ping_status":"closed","template":"","meta":[],"product_brand":[3220],"product_cat":[1452],"product_tag":[],"class_list":{"0":"post-3432122","1":"product","2":"type-product","3":"status-publish","4":"has-post-thumbnail","6":"product_brand-oceanled-de","7":"product_cat-bootsbeleuchtung","9":"first","10":"instock","11":"shipping-taxable","12":"purchasable","13":"product-type-simple"},"_links":{"self":[{"href":"https:\/\/stoic-curie.212-227-153-4.plesk.page\/de\/wp-json\/wp\/v2\/product\/3432122","targetHints":{"allow":["GET"]}}],"collection":[{"href":"https:\/\/stoic-curie.212-227-153-4.plesk.page\/de\/wp-json\/wp\/v2\/product"}],"about":[{"href":"https:\/\/stoic-curie.212-227-153-4.plesk.page\/de\/wp-json\/wp\/v2\/types\/product"}],"replies":[{"embeddable":true,"href":"https:\/\/stoic-curie.212-227-153-4.plesk.page\/de\/wp-json\/wp\/v2\/comments?post=3432122"}],"version-history":[{"count":0,"href":"https:\/\/stoic-curie.212-227-153-4.plesk.page\/de\/wp-json\/wp\/v2\/product\/3432122\/revisions"}],"wp:featuredmedia":[{"embeddable":true,"href":"https:\/\/stoic-curie.212-227-153-4.plesk.page\/de\/wp-json\/wp\/v2\/media\/5945521"}],"wp:attachment":[{"href":"https:\/\/stoic-curie.212-227-153-4.plesk.page\/de\/wp-json\/wp\/v2\/media?parent=3432122"}],"wp:term":[{"taxonomy":"product_brand","embeddable":true,"href":"https:\/\/stoic-curie.212-227-153-4.plesk.page\/de\/wp-json\/wp\/v2\/product_brand?post=3432122"},{"taxonomy":"product_cat","embeddable":true,"href":"https:\/\/stoic-curie.212-227-153-4.plesk.page\/de\/wp-json\/wp\/v2\/product_cat?post=3432122"},{"taxonomy":"product_tag","embeddable":true,"href":"https:\/\/stoic-curie.212-227-153-4.plesk.page\/de\/wp-json\/wp\/v2\/product_tag?post=3432122"}],"curies":[{"name":"wp","href":"https:\/\/api.w.org\/{rel}","templated":true}]}}