{"id":3432139,"date":"2025-10-09T22:57:44","date_gmt":"2025-10-10T02:57:44","guid":{"rendered":"https:\/\/stoic-curie.212-227-153-4.plesk.page\/product\/usb-led-leselampe-411-mm\/"},"modified":"2026-02-24T23:35:10","modified_gmt":"2026-02-24T23:35:10","slug":"usb-led-leselampe-411-mm","status":"publish","type":"product","link":"https:\/\/stoic-curie.212-227-153-4.plesk.page\/de\/product\/usb-led-leselampe-411-mm\/","title":{"rendered":"USB-LED-Leselampe, 411 mm"},"content":{"rendered":"<p>USB-LED-Leselampe, 411 mm &#8211; <\/p>\n<p>LED-Kartenlicht f\u00fcr 12\/24V mit nickelbeschichtetem Stahlflexhals, 60 mm Durchmesser Basis und schwarzem Polymergeh\u00e4use. Komplett mit einem 2A USB-Ladeger\u00e4t und einem LED-Touch-Schalter. Verbrauch 1,8W. Nat\u00fcrliches wei\u00dfes Licht mit 4500 K.<\/p>\n","protected":false},"excerpt":{"rendered":"<p>USB-LED-Leselampe, 411 mm &#8211; LED-Kartenlicht f\u00fcr 12\/24V mit nickelbeschichtetem Stahlflexhals, 60 mm Durchmesser Basis und schwarzem Polymergeh\u00e4use. Komplett mit einem<\/p>\n","protected":false},"featured_media":5945528,"comment_status":"closed","ping_status":"closed","template":"","meta":[],"product_brand":[3220],"product_cat":[1452,1487],"product_tag":[],"class_list":{"0":"post-3432139","1":"product","2":"type-product","3":"status-publish","4":"has-post-thumbnail","6":"product_brand-oceanled-de","7":"product_cat-bootsbeleuchtung","8":"product_cat-navigationstafeln-und-instrumente","10":"first","11":"instock","12":"shipping-taxable","13":"purchasable","14":"product-type-simple"},"_links":{"self":[{"href":"https:\/\/stoic-curie.212-227-153-4.plesk.page\/de\/wp-json\/wp\/v2\/product\/3432139","targetHints":{"allow":["GET"]}}],"collection":[{"href":"https:\/\/stoic-curie.212-227-153-4.plesk.page\/de\/wp-json\/wp\/v2\/product"}],"about":[{"href":"https:\/\/stoic-curie.212-227-153-4.plesk.page\/de\/wp-json\/wp\/v2\/types\/product"}],"replies":[{"embeddable":true,"href":"https:\/\/stoic-curie.212-227-153-4.plesk.page\/de\/wp-json\/wp\/v2\/comments?post=3432139"}],"version-history":[{"count":0,"href":"https:\/\/stoic-curie.212-227-153-4.plesk.page\/de\/wp-json\/wp\/v2\/product\/3432139\/revisions"}],"wp:featuredmedia":[{"embeddable":true,"href":"https:\/\/stoic-curie.212-227-153-4.plesk.page\/de\/wp-json\/wp\/v2\/media\/5945528"}],"wp:attachment":[{"href":"https:\/\/stoic-curie.212-227-153-4.plesk.page\/de\/wp-json\/wp\/v2\/media?parent=3432139"}],"wp:term":[{"taxonomy":"product_brand","embeddable":true,"href":"https:\/\/stoic-curie.212-227-153-4.plesk.page\/de\/wp-json\/wp\/v2\/product_brand?post=3432139"},{"taxonomy":"product_cat","embeddable":true,"href":"https:\/\/stoic-curie.212-227-153-4.plesk.page\/de\/wp-json\/wp\/v2\/product_cat?post=3432139"},{"taxonomy":"product_tag","embeddable":true,"href":"https:\/\/stoic-curie.212-227-153-4.plesk.page\/de\/wp-json\/wp\/v2\/product_tag?post=3432139"}],"curies":[{"name":"wp","href":"https:\/\/api.w.org\/{rel}","templated":true}]}}