{"id":3432173,"date":"2025-10-09T22:57:46","date_gmt":"2025-10-10T02:57:46","guid":{"rendered":"https:\/\/stoic-curie.212-227-153-4.plesk.page\/product\/oeldruckmessgeraet-schwarz-ecms-0-30-bar-52-mm\/"},"modified":"2026-02-24T23:35:10","modified_gmt":"2026-02-24T23:35:10","slug":"oeldruckmessgeraet-schwarz-ecms-0-30-bar-52-mm","status":"publish","type":"product","link":"https:\/\/stoic-curie.212-227-153-4.plesk.page\/de\/product\/oeldruckmessgeraet-schwarz-ecms-0-30-bar-52-mm\/","title":{"rendered":"\u00d6ldruckmessger\u00e4t Schwarz ECMS 0-30 bar 52 mm"},"content":{"rendered":"<p>\u00d6ldruckmessger\u00e4t Schwarz ECMS 0-30 bar 52 mm &#8211; <\/p>\n<p>Ecms 12\/24V All Black Instrumente mit verdrahtetem Molex-Stecker. Schwarzer Edelstahlrahmen und schwarzes Zifferblatt. Wasserdichtes, IP67 gesch\u00fctztes, gew\u00f6lbtes und beschlagfreies Glas. Anpassbares mehrfarbiges LED-hintergrundbeleuchtetes Zifferblatt. Die Niveaumesser k\u00f6nnen \u00fcber die Konfigurationstaste auf der R\u00fcckseite auf jeden Impedanzwert eingestellt werden. Sie sind werkseitig auf den Standardwert von 0-190 Ohm voreingestellt. Die \u00d6l- und Druckanzeigen von 5 und 10 bar sind mit Standard-Sensoren (10-180 Ohm) kompatibel, w\u00e4hrend der 30-bar-Kennwert nur mit elektronischen Sensoren (0,5-4,5 V) verwendet werden kann. Die Amperemeter werden mit einem Sensor (Shunt) geliefert, um den Strom zu messen.<\/p>\n","protected":false},"excerpt":{"rendered":"<p>\u00d6ldruckmessger\u00e4t Schwarz ECMS 0-30 bar 52 mm &#8211; Ecms 12\/24V All Black Instrumente mit verdrahtetem Molex-Stecker. Schwarzer Edelstahlrahmen und schwarzes<\/p>\n","protected":false},"featured_media":5942910,"comment_status":"closed","ping_status":"closed","template":"","meta":[],"product_brand":[2910],"product_cat":[1524],"product_tag":[],"class_list":{"0":"post-3432173","1":"product","2":"type-product","3":"status-publish","4":"has-post-thumbnail","6":"product_brand-ecms-marine-de","7":"product_cat-ecms-messgeraete","9":"first","10":"instock","11":"shipping-taxable","12":"purchasable","13":"product-type-simple"},"_links":{"self":[{"href":"https:\/\/stoic-curie.212-227-153-4.plesk.page\/de\/wp-json\/wp\/v2\/product\/3432173","targetHints":{"allow":["GET"]}}],"collection":[{"href":"https:\/\/stoic-curie.212-227-153-4.plesk.page\/de\/wp-json\/wp\/v2\/product"}],"about":[{"href":"https:\/\/stoic-curie.212-227-153-4.plesk.page\/de\/wp-json\/wp\/v2\/types\/product"}],"replies":[{"embeddable":true,"href":"https:\/\/stoic-curie.212-227-153-4.plesk.page\/de\/wp-json\/wp\/v2\/comments?post=3432173"}],"version-history":[{"count":0,"href":"https:\/\/stoic-curie.212-227-153-4.plesk.page\/de\/wp-json\/wp\/v2\/product\/3432173\/revisions"}],"wp:featuredmedia":[{"embeddable":true,"href":"https:\/\/stoic-curie.212-227-153-4.plesk.page\/de\/wp-json\/wp\/v2\/media\/5942910"}],"wp:attachment":[{"href":"https:\/\/stoic-curie.212-227-153-4.plesk.page\/de\/wp-json\/wp\/v2\/media?parent=3432173"}],"wp:term":[{"taxonomy":"product_brand","embeddable":true,"href":"https:\/\/stoic-curie.212-227-153-4.plesk.page\/de\/wp-json\/wp\/v2\/product_brand?post=3432173"},{"taxonomy":"product_cat","embeddable":true,"href":"https:\/\/stoic-curie.212-227-153-4.plesk.page\/de\/wp-json\/wp\/v2\/product_cat?post=3432173"},{"taxonomy":"product_tag","embeddable":true,"href":"https:\/\/stoic-curie.212-227-153-4.plesk.page\/de\/wp-json\/wp\/v2\/product_tag?post=3432173"}],"curies":[{"name":"wp","href":"https:\/\/api.w.org\/{rel}","templated":true}]}}