{"id":3432181,"date":"2025-10-09T22:57:46","date_gmt":"2025-10-10T02:57:46","guid":{"rendered":"https:\/\/stoic-curie.212-227-153-4.plesk.page\/product\/oeldruckmessgeraet-schwarz-verchromt-ecms-0-30-bar-52-mm\/"},"modified":"2026-02-24T23:35:10","modified_gmt":"2026-02-24T23:35:10","slug":"oeldruckmessgeraet-schwarz-verchromt-ecms-0-30-bar-52-mm","status":"publish","type":"product","link":"https:\/\/stoic-curie.212-227-153-4.plesk.page\/de\/product\/oeldruckmessgeraet-schwarz-verchromt-ecms-0-30-bar-52-mm\/","title":{"rendered":"\u00d6ldruckmessger\u00e4t Schwarz &#8211; Verchromt ECMS 0-30 bar 52 mm"},"content":{"rendered":"<p>\u00d6ldruckmessger\u00e4t Schwarz &#8211; Verchromt ECMS 0-30 bar 52 mm &#8211; <\/p>\n<p>Die Ecms Black Chrome 12\/24V Messger\u00e4te sind mit einem verkabelten Molex-Stecker ausgestattet. Sie verf\u00fcgen \u00fcber eine polierte Edelstahlblende und ein schwarzes Zifferblatt. Der wasserdichte, IP67 gesch\u00fctzte, gew\u00f6lbte, nebelresistente Linsen sch\u00fctzt die Anzeige. Das Zifferblatt mit mehrfarbigem, anpassbarem LED-Hintergrundlicht ist ein weiteres Highlight. Die Niveaumessger\u00e4te k\u00f6nnen mithilfe des Konfigurationstasters an der R\u00fcckseite auf jeden Impedanzwert eingestellt werden und sind ab Werk auf den Standardwert von 0-190 Ohm voreingestellt. Die \u00d6ltemperaturanzeiger mit 5 und 10 bar sind mit Standard-Sensoren (10-180 Ohm) kompatibel, w\u00e4hrend der 30-bar-Messger\u00e4t nur mit elektronischen Sensoren (0,5-4,5V) funktioniert. Die Amperemeter werden komplett mit einem Sensor (Shunt) geliefert, um den Strom zu messen.<\/p>\n","protected":false},"excerpt":{"rendered":"<p>\u00d6ldruckmessger\u00e4t Schwarz &#8211; Verchromt ECMS 0-30 bar 52 mm &#8211; Die Ecms Black Chrome 12\/24V Messger\u00e4te sind mit einem verkabelten<\/p>\n","protected":false},"featured_media":5942305,"comment_status":"closed","ping_status":"closed","template":"","meta":[],"product_brand":[2910],"product_cat":[1524],"product_tag":[],"class_list":{"0":"post-3432181","1":"product","2":"type-product","3":"status-publish","4":"has-post-thumbnail","6":"product_brand-ecms-marine-de","7":"product_cat-ecms-messgeraete","9":"first","10":"instock","11":"shipping-taxable","12":"purchasable","13":"product-type-simple"},"_links":{"self":[{"href":"https:\/\/stoic-curie.212-227-153-4.plesk.page\/de\/wp-json\/wp\/v2\/product\/3432181","targetHints":{"allow":["GET"]}}],"collection":[{"href":"https:\/\/stoic-curie.212-227-153-4.plesk.page\/de\/wp-json\/wp\/v2\/product"}],"about":[{"href":"https:\/\/stoic-curie.212-227-153-4.plesk.page\/de\/wp-json\/wp\/v2\/types\/product"}],"replies":[{"embeddable":true,"href":"https:\/\/stoic-curie.212-227-153-4.plesk.page\/de\/wp-json\/wp\/v2\/comments?post=3432181"}],"version-history":[{"count":0,"href":"https:\/\/stoic-curie.212-227-153-4.plesk.page\/de\/wp-json\/wp\/v2\/product\/3432181\/revisions"}],"wp:featuredmedia":[{"embeddable":true,"href":"https:\/\/stoic-curie.212-227-153-4.plesk.page\/de\/wp-json\/wp\/v2\/media\/5942305"}],"wp:attachment":[{"href":"https:\/\/stoic-curie.212-227-153-4.plesk.page\/de\/wp-json\/wp\/v2\/media?parent=3432181"}],"wp:term":[{"taxonomy":"product_brand","embeddable":true,"href":"https:\/\/stoic-curie.212-227-153-4.plesk.page\/de\/wp-json\/wp\/v2\/product_brand?post=3432181"},{"taxonomy":"product_cat","embeddable":true,"href":"https:\/\/stoic-curie.212-227-153-4.plesk.page\/de\/wp-json\/wp\/v2\/product_cat?post=3432181"},{"taxonomy":"product_tag","embeddable":true,"href":"https:\/\/stoic-curie.212-227-153-4.plesk.page\/de\/wp-json\/wp\/v2\/product_tag?post=3432181"}],"curies":[{"name":"wp","href":"https:\/\/api.w.org\/{rel}","templated":true}]}}