{"id":3432210,"date":"2025-10-09T22:57:47","date_gmt":"2025-10-10T02:57:47","guid":{"rendered":"https:\/\/stoic-curie.212-227-153-4.plesk.page\/product\/antenne-am-fm-dab-supergain-almafi\/"},"modified":"2026-02-24T23:35:10","modified_gmt":"2026-02-24T23:35:10","slug":"antenne-am-fm-dab-supergain-almafi","status":"publish","type":"product","link":"https:\/\/stoic-curie.212-227-153-4.plesk.page\/de\/product\/antenne-am-fm-dab-supergain-almafi\/","title":{"rendered":"Antenne AM-FM\/DAB Supergain Almafi"},"content":{"rendered":"<p>Antenne AM-FM\/DAB Supergain Almafi &#8211; <\/p>\n<p>Hochleistungs-AM-FM-Supergain-Amalfi-Antenne f\u00fcr alle Bootstypen. Ideal f\u00fcr die Installation an Rollb\u00f6gen dank der integrierten Halterung mit wasserdichtem Dichtungsring. Flexibler schwarzer Stylus aus rostfreiem Stahl. 100 mA-12V \/ 8db AM-FM \/ AM 535-1705\/FM 88-108 MHz \/ 50-75 Ohm. H\u00f6he 0,49 m. Komplett mit 0,56 m Koaxialkabel mit Motorola-Stecker.<\/p>\n","protected":false},"excerpt":{"rendered":"<p>Antenne AM-FM\/DAB Supergain Almafi &#8211; Hochleistungs-AM-FM-Supergain-Amalfi-Antenne f\u00fcr alle Bootstypen. Ideal f\u00fcr die Installation an Rollb\u00f6gen dank der integrierten Halterung mit<\/p>\n","protected":false},"featured_media":5945566,"comment_status":"closed","ping_status":"closed","template":"","meta":[],"product_brand":[3445],"product_cat":[1446],"product_tag":[],"class_list":{"0":"post-3432210","1":"product","2":"type-product","3":"status-publish","4":"has-post-thumbnail","6":"product_brand-supergain-de","7":"product_cat-stereoanlage-und-lautsprecher","9":"first","10":"instock","11":"shipping-taxable","12":"purchasable","13":"product-type-simple"},"_links":{"self":[{"href":"https:\/\/stoic-curie.212-227-153-4.plesk.page\/de\/wp-json\/wp\/v2\/product\/3432210","targetHints":{"allow":["GET"]}}],"collection":[{"href":"https:\/\/stoic-curie.212-227-153-4.plesk.page\/de\/wp-json\/wp\/v2\/product"}],"about":[{"href":"https:\/\/stoic-curie.212-227-153-4.plesk.page\/de\/wp-json\/wp\/v2\/types\/product"}],"replies":[{"embeddable":true,"href":"https:\/\/stoic-curie.212-227-153-4.plesk.page\/de\/wp-json\/wp\/v2\/comments?post=3432210"}],"version-history":[{"count":0,"href":"https:\/\/stoic-curie.212-227-153-4.plesk.page\/de\/wp-json\/wp\/v2\/product\/3432210\/revisions"}],"wp:featuredmedia":[{"embeddable":true,"href":"https:\/\/stoic-curie.212-227-153-4.plesk.page\/de\/wp-json\/wp\/v2\/media\/5945566"}],"wp:attachment":[{"href":"https:\/\/stoic-curie.212-227-153-4.plesk.page\/de\/wp-json\/wp\/v2\/media?parent=3432210"}],"wp:term":[{"taxonomy":"product_brand","embeddable":true,"href":"https:\/\/stoic-curie.212-227-153-4.plesk.page\/de\/wp-json\/wp\/v2\/product_brand?post=3432210"},{"taxonomy":"product_cat","embeddable":true,"href":"https:\/\/stoic-curie.212-227-153-4.plesk.page\/de\/wp-json\/wp\/v2\/product_cat?post=3432210"},{"taxonomy":"product_tag","embeddable":true,"href":"https:\/\/stoic-curie.212-227-153-4.plesk.page\/de\/wp-json\/wp\/v2\/product_tag?post=3432210"}],"curies":[{"name":"wp","href":"https:\/\/api.w.org\/{rel}","templated":true}]}}